{"id":7707,"date":"2021-08-24T22:44:44","date_gmt":"2021-08-25T03:44:44","guid":{"rendered":"https:\/\/www.amchambaq.com\/?page_id=7707"},"modified":"2021-08-24T23:01:40","modified_gmt":"2021-08-25T04:01:40","slug":"news","status":"publish","type":"page","link":"https:\/\/www.amchambaq.com\/es_co\/news\/","title":{"rendered":"News"},"content":{"rendered":"<div class=\"wpb-content-wrapper\"><div class=\"vc_row wpb_row vc_row-fluid\"><div class=\"wpb_column vc_column_container vc_col-sm-12\"><div class=\"vc_column-inner \"><div class=\"wpb_wrapper\"><div class=\"vc_empty_space\"   style=\"height: 32px\"><span class=\"vc_empty_space_inner\"><\/span><\/div>\n\n    <div class=\"stm_news \">\n        <ul class=\"news_list posts_per_row_4\">\n\n                                                <li>\n                        <div class=\"post_inner\">\n                                                                                                                                        <div class=\"image\">\n                                            <a href=\"https:\/\/www.amchambaq.com\/es_co\/zona-franca-la-cayena-amplia-su-capacidad-para-atender-demanda-de-bodegas-empresariales\/\">\n                                                <img loading=\"lazy\" decoding=\"async\" width=\"350\" height=\"250\" src=\"https:\/\/www.amchambaq.com\/wp-content\/uploads\/2026\/03\/cayena-350x250.png\" class=\"attachment-consulting-image-350x250-croped\" alt=\"\" title=\"cayena\" srcset=\"https:\/\/www.amchambaq.com\/wp-content\/uploads\/2026\/03\/cayena-350x250.png 350w, https:\/\/www.amchambaq.com\/wp-content\/uploads\/2026\/03\/cayena-255x182.png 255w, https:\/\/www.amchambaq.com\/wp-content\/uploads\/2026\/03\/cayena-900x640.png 900w\" sizes=\"auto, (max-width: 350px) 100vw, 350px\" \/>                                            <\/a>\n                                        <\/div>\n                                                                                                                                        <div class=\"stm_news_unit-block\">\n                                        <h5 class=\"no_stripe\"><a\n                                                    href=\"https:\/\/www.amchambaq.com\/es_co\/zona-franca-la-cayena-amplia-su-capacidad-para-atender-demanda-de-bodegas-empresariales\/\">Zona Franca La Cayena ampl\u00eda su capacidad para atender demanda de bodegas empresariales<\/a>\n                                        <\/h5>\n\n                                                                                    <div class=\"stm_the_excerpt\">\n                                                <p>La Zona Franca La Cayena confirm\u00f3 que se encuentra avanzando en la construcci\u00f3n de Cayena PYME Park II. En ese sentido, indic\u00f3 Manuel Herrera, Gerente General de Zona Franca La Cayena, que en un contexto global en el que los pa\u00edses compiten por atraer inversi\u00f3n extranjera directa, Colombia contin\u00faa fortaleciendo instrumentos que le permitan mejorar<\/p>\n                                            <\/div>\n                                                                                                                            <div class=\"date\">\n                                                                                                    <span class=\"the_date\">marzo 30, 2026<\/span>\n                                                                                                                                                <a href=\"https:\/\/www.amchambaq.com\/es_co\/zona-franca-la-cayena-amplia-su-capacidad-para-atender-demanda-de-bodegas-empresariales\/\"\n                                                   class=\"button size-lg hidden\">Read more<\/a>\n                                            <\/div>\n                                                                            <\/div>\n                                                                                    <\/div>\n                    <\/li>\n                                                    <li>\n                        <div class=\"post_inner\">\n                                                                                                                                        <div class=\"image\">\n                                            <a href=\"https:\/\/www.amchambaq.com\/es_co\/amcham-advierte-que-salir-del-arbitraje-internacional-profundiza-incertidumbre-para-los-inversionistas-en-colombia\/\">\n                                                <img loading=\"lazy\" decoding=\"async\" width=\"350\" height=\"250\" src=\"https:\/\/www.amchambaq.com\/wp-content\/uploads\/2025\/03\/usa-liderazgo-inversion-350x250.jpg\" class=\"attachment-consulting-image-350x250-croped\" alt=\"\" title=\"usa-liderazgo-inversion\" srcset=\"https:\/\/www.amchambaq.com\/wp-content\/uploads\/2025\/03\/usa-liderazgo-inversion-350x250.jpg 350w, https:\/\/www.amchambaq.com\/wp-content\/uploads\/2025\/03\/usa-liderazgo-inversion-255x182.jpg 255w\" sizes=\"auto, (max-width: 350px) 100vw, 350px\" \/>                                            <\/a>\n                                        <\/div>\n                                                                                                                                        <div class=\"stm_news_unit-block\">\n                                        <h5 class=\"no_stripe\"><a\n                                                    href=\"https:\/\/www.amchambaq.com\/es_co\/amcham-advierte-que-salir-del-arbitraje-internacional-profundiza-incertidumbre-para-los-inversionistas-en-colombia\/\">AmCham advierte que salir del arbitraje internacional profundiza incertidumbre para los inversionistas en Colombia<\/a>\n                                        <\/h5>\n\n                                                                                    <div class=\"stm_the_excerpt\">\n                                                <p>La C\u00e1mara de Comercio Colombo Americana, AmCham Colombia, sali\u00f3 al paso del anuncio del presidente Gustavo Petro sobre el retiro del pa\u00eds del sistema de arbitraje internacional de inversi\u00f3n y lanz\u00f3 una advertencia directa, respecto a que\u00a0la decisi\u00f3n no resuelve el problema de fondo, lo agrava. A trav\u00e9s de su presidenta, Mar\u00eda Claudia Lacouture,\u00a0la organizaci\u00f3n<\/p>\n                                            <\/div>\n                                                                                                                            <div class=\"date\">\n                                                                                                    <span class=\"the_date\">marzo 27, 2026<\/span>\n                                                                                                                                                <a href=\"https:\/\/www.amchambaq.com\/es_co\/amcham-advierte-que-salir-del-arbitraje-internacional-profundiza-incertidumbre-para-los-inversionistas-en-colombia\/\"\n                                                   class=\"button size-lg hidden\">Read more<\/a>\n                                            <\/div>\n                                                                            <\/div>\n                                                                                    <\/div>\n                    <\/li>\n                                                    <li>\n                        <div class=\"post_inner\">\n                                                                                                                                        <div class=\"image\">\n                                            <a href=\"https:\/\/www.amchambaq.com\/es_co\/alerta-estados-unidos-pone-us250-millones-para-redibujar-el-mapa-de-los-minerales-criticos\/\">\n                                                <img loading=\"lazy\" decoding=\"async\" width=\"350\" height=\"250\" src=\"https:\/\/www.amchambaq.com\/wp-content\/uploads\/2026\/03\/minerales-criticos-996x567-1-350x250.jpg\" class=\"attachment-consulting-image-350x250-croped\" alt=\"\" title=\"minerales-criticos-996x567\" srcset=\"https:\/\/www.amchambaq.com\/wp-content\/uploads\/2026\/03\/minerales-criticos-996x567-1-350x250.jpg 350w, https:\/\/www.amchambaq.com\/wp-content\/uploads\/2026\/03\/minerales-criticos-996x567-1-255x182.jpg 255w\" sizes=\"auto, (max-width: 350px) 100vw, 350px\" \/>                                            <\/a>\n                                        <\/div>\n                                                                                                                                        <div class=\"stm_news_unit-block\">\n                                        <h5 class=\"no_stripe\"><a\n                                                    href=\"https:\/\/www.amchambaq.com\/es_co\/alerta-estados-unidos-pone-us250-millones-para-redibujar-el-mapa-de-los-minerales-criticos\/\">Alerta: Estados Unidos pone US$250 millones para redibujar el mapa de los minerales cr\u00edticos<\/a>\n                                        <\/h5>\n\n                                                                                    <div class=\"stm_the_excerpt\">\n                                                <p>Lo que anunci\u00f3 Washington no es una medida aislada ni una simple se\u00f1al de cooperaci\u00f3n internacional: es un movimiento de pol\u00edtica industrial con lenguaje de pol\u00edtica exterior. La referencia a un aporte de\u00a0US$250 millones\u00a0corresponde a la intenci\u00f3n de Estados Unidos de contribuir a un veh\u00edculo de inversi\u00f3n orientado a fortalecer cadenas de suministro de\u00a0energ\u00eda y<\/p>\n                                            <\/div>\n                                                                                                                            <div class=\"date\">\n                                                                                                    <span class=\"the_date\">marzo 27, 2026<\/span>\n                                                                                                                                                <a href=\"https:\/\/www.amchambaq.com\/es_co\/alerta-estados-unidos-pone-us250-millones-para-redibujar-el-mapa-de-los-minerales-criticos\/\"\n                                                   class=\"button size-lg hidden\">Read more<\/a>\n                                            <\/div>\n                                                                            <\/div>\n                                                                                    <\/div>\n                    <\/li>\n                                                    <li>\n                        <div class=\"post_inner\">\n                                                                                                                                        <div class=\"image\">\n                                            <a href=\"https:\/\/www.amchambaq.com\/es_co\/estados-unidos-avanzo-en-mecanismo-de-devolucion-de-aranceles-ieepa-empresa-colombianas-con-importacion-directa-deben-prepararse\/\">\n                                                <img loading=\"lazy\" decoding=\"async\" width=\"350\" height=\"250\" src=\"https:\/\/www.amchambaq.com\/wp-content\/uploads\/2026\/03\/tt-blog-IEEPA-court-decision-350x250.jpg\" class=\"attachment-consulting-image-350x250-croped\" alt=\"\" title=\"tt-blog-IEEPA-court-decision\" srcset=\"https:\/\/www.amchambaq.com\/wp-content\/uploads\/2026\/03\/tt-blog-IEEPA-court-decision-350x250.jpg 350w, https:\/\/www.amchambaq.com\/wp-content\/uploads\/2026\/03\/tt-blog-IEEPA-court-decision-255x182.jpg 255w, https:\/\/www.amchambaq.com\/wp-content\/uploads\/2026\/03\/tt-blog-IEEPA-court-decision-900x640.jpg 900w\" sizes=\"auto, (max-width: 350px) 100vw, 350px\" \/>                                            <\/a>\n                                        <\/div>\n                                                                                                                                        <div class=\"stm_news_unit-block\">\n                                        <h5 class=\"no_stripe\"><a\n                                                    href=\"https:\/\/www.amchambaq.com\/es_co\/estados-unidos-avanzo-en-mecanismo-de-devolucion-de-aranceles-ieepa-empresa-colombianas-con-importacion-directa-deben-prepararse\/\">Estados Unidos avanz\u00f3 en mecanismo de devoluci\u00f3n de aranceles IEEPA: empresa colombianas con importaci\u00f3n directa deben prepararse<\/a>\n                                        <\/h5>\n\n                                                                                    <div class=\"stm_the_excerpt\">\n                                                <p>Estados Unidos avanza en la implementaci\u00f3n de un mecanismo para devolver aranceles cobrados bajo la\u00a0International Emergency Economic Powers Act (IEEPA)\u00a0\u2014Ley de Poderes Econ\u00f3micos de Emergencia Internacional\u2014, luego de decisiones judiciales que concluyeron que esos cobros no estaban autorizados bajo esa ley. La\u00a0Court of International Trade (CIT)\u00a0\u2014Tribunal de Comercio Internacional de EE. UU.\u2014 orden\u00f3 la reliquidaci\u00f3n<\/p>\n                                            <\/div>\n                                                                                                                            <div class=\"date\">\n                                                                                                    <span class=\"the_date\">marzo 24, 2026<\/span>\n                                                                                                                                                <a href=\"https:\/\/www.amchambaq.com\/es_co\/estados-unidos-avanzo-en-mecanismo-de-devolucion-de-aranceles-ieepa-empresa-colombianas-con-importacion-directa-deben-prepararse\/\"\n                                                   class=\"button size-lg hidden\">Read more<\/a>\n                                            <\/div>\n                                                                            <\/div>\n                                                                                    <\/div>\n                    <\/li>\n                        <\/ul>\n    <\/div>\n\n<\/div><\/div><\/div><\/div>\n<\/div>","protected":false},"excerpt":{"rendered":"Estados Unidos avanza en la implementaci\u00f3n de un mecanismo para devolver aranceles cobrados bajo la\u00a0International Emergency Economic Powers Act (IEEPA)\u00a0\u2014Ley de Poderes Econ\u00f3micos de Emergencia Internacional\u2014, luego de decisiones judiciales que concluyeron que esos cobros no estaban autorizados bajo esa ley. La\u00a0Court of International Trade (CIT)\u00a0\u2014Tribunal de Comercio Internacional de EE. UU.\u2014 orden\u00f3 la reliquidaci\u00f3n","protected":false},"author":1,"featured_media":0,"parent":0,"menu_order":0,"comment_status":"closed","ping_status":"closed","template":"","meta":{"footnotes":""},"class_list":["post-7707","page","type-page","status-publish","hentry"],"_links":{"self":[{"href":"https:\/\/www.amchambaq.com\/es_co\/wp-json\/wp\/v2\/pages\/7707","targetHints":{"allow":["GET"]}}],"collection":[{"href":"https:\/\/www.amchambaq.com\/es_co\/wp-json\/wp\/v2\/pages"}],"about":[{"href":"https:\/\/www.amchambaq.com\/es_co\/wp-json\/wp\/v2\/types\/page"}],"author":[{"embeddable":true,"href":"https:\/\/www.amchambaq.com\/es_co\/wp-json\/wp\/v2\/users\/1"}],"replies":[{"embeddable":true,"href":"https:\/\/www.amchambaq.com\/es_co\/wp-json\/wp\/v2\/comments?post=7707"}],"version-history":[{"count":3,"href":"https:\/\/www.amchambaq.com\/es_co\/wp-json\/wp\/v2\/pages\/7707\/revisions"}],"predecessor-version":[{"id":7719,"href":"https:\/\/www.amchambaq.com\/es_co\/wp-json\/wp\/v2\/pages\/7707\/revisions\/7719"}],"wp:attachment":[{"href":"https:\/\/www.amchambaq.com\/es_co\/wp-json\/wp\/v2\/media?parent=7707"}],"curies":[{"name":"wp","href":"https:\/\/api.w.org\/{rel}","templated":true}]}}