{"id":7281,"date":"2021-05-17T12:17:36","date_gmt":"2021-05-17T17:17:36","guid":{"rendered":"https:\/\/www.amchambaq.com\/?page_id=7281"},"modified":"2026-04-09T10:13:20","modified_gmt":"2026-04-09T15:13:20","slug":"eventos","status":"publish","type":"page","link":"https:\/\/www.amchambaq.com\/es_co\/eventos\/","title":{"rendered":"Eventos"},"content":{"rendered":"<div class=\"wpb-content-wrapper\"><div class=\"vc_row wpb_row vc_row-fluid vc_custom_1483614678807\"><div class=\"wpb_column vc_column_container vc_col-sm-12\"><div class=\"vc_column-inner \"><div class=\"wpb_wrapper\"><div class=\"vc_custom_heading text_align_left\" ><h2 style=\"text-align: left\" class=\"consulting-custom-title\">Pr\u00f3ximos Eventos<\/h2><\/div><\/div><\/div><\/div><div class=\"wpb_column vc_column_container vc_col-sm-6\"><div class=\"vc_column-inner \"><div class=\"wpb_wrapper\">\n\t<div  class=\"wpb_single_image wpb_content_element vc_align_left wpb_content_element\">\n\t\t\n\t\t<figure class=\"wpb_wrapper vc_figure\">\n\t\t\t<a href=\"https:\/\/forms.gle\/fUVPCExf3SJmxYS16\" target=\"_blank\" class=\"vc_single_image-wrapper   vc_box_border_grey\"><img loading=\"lazy\" decoding=\"async\" width=\"1280\" height=\"1280\" src=\"https:\/\/www.amchambaq.com\/wp-content\/uploads\/2026\/03\/torneo-de-golf-2026-web.png\" class=\"vc_single_image-img attachment-full\" alt=\"\" title=\"torneo de golf 2026 web\" srcset=\"https:\/\/www.amchambaq.com\/wp-content\/uploads\/2026\/03\/torneo-de-golf-2026-web.png 1280w, https:\/\/www.amchambaq.com\/wp-content\/uploads\/2026\/03\/torneo-de-golf-2026-web-300x300.png 300w, https:\/\/www.amchambaq.com\/wp-content\/uploads\/2026\/03\/torneo-de-golf-2026-web-1024x1024.png 1024w, https:\/\/www.amchambaq.com\/wp-content\/uploads\/2026\/03\/torneo-de-golf-2026-web-150x150.png 150w, https:\/\/www.amchambaq.com\/wp-content\/uploads\/2026\/03\/torneo-de-golf-2026-web-768x768.png 768w, https:\/\/www.amchambaq.com\/wp-content\/uploads\/2026\/03\/torneo-de-golf-2026-web-12x12.png 12w, https:\/\/www.amchambaq.com\/wp-content\/uploads\/2026\/03\/torneo-de-golf-2026-web-50x50.png 50w, https:\/\/www.amchambaq.com\/wp-content\/uploads\/2026\/03\/torneo-de-golf-2026-web-320x320.png 320w, https:\/\/www.amchambaq.com\/wp-content\/uploads\/2026\/03\/torneo-de-golf-2026-web-900x900.png 900w\" sizes=\"auto, (max-width: 1280px) 100vw, 1280px\" \/><\/a>\n\t\t<\/figure>\n\t<\/div>\n<div class=\"vc_empty_space\"   style=\"height: 15px\"><span class=\"vc_empty_space_inner\"><\/span><\/div>\n\t<div  class=\"wpb_single_image wpb_content_element vc_align_left wpb_content_element\">\n\t\t\n\t\t<figure class=\"wpb_wrapper vc_figure\">\n\t\t\t<a href=\"https:\/\/forms.gle\/P9iMLASFgduYYpFR9\" target=\"_blank\" class=\"vc_single_image-wrapper   vc_box_border_grey\"><img loading=\"lazy\" decoding=\"async\" width=\"1080\" height=\"1080\" src=\"https:\/\/www.amchambaq.com\/wp-content\/uploads\/2026\/04\/ASAMBLEA-2026-1080-x-1080-px.jpg\" class=\"vc_single_image-img attachment-full\" alt=\"\" title=\"ASAMBLEA 2026 (1080 x 1080 px)\" srcset=\"https:\/\/www.amchambaq.com\/wp-content\/uploads\/2026\/04\/ASAMBLEA-2026-1080-x-1080-px.jpg 1080w, https:\/\/www.amchambaq.com\/wp-content\/uploads\/2026\/04\/ASAMBLEA-2026-1080-x-1080-px-300x300.jpg 300w, https:\/\/www.amchambaq.com\/wp-content\/uploads\/2026\/04\/ASAMBLEA-2026-1080-x-1080-px-1024x1024.jpg 1024w, https:\/\/www.amchambaq.com\/wp-content\/uploads\/2026\/04\/ASAMBLEA-2026-1080-x-1080-px-150x150.jpg 150w, https:\/\/www.amchambaq.com\/wp-content\/uploads\/2026\/04\/ASAMBLEA-2026-1080-x-1080-px-768x768.jpg 768w, https:\/\/www.amchambaq.com\/wp-content\/uploads\/2026\/04\/ASAMBLEA-2026-1080-x-1080-px-12x12.jpg 12w, https:\/\/www.amchambaq.com\/wp-content\/uploads\/2026\/04\/ASAMBLEA-2026-1080-x-1080-px-50x50.jpg 50w, https:\/\/www.amchambaq.com\/wp-content\/uploads\/2026\/04\/ASAMBLEA-2026-1080-x-1080-px-320x320.jpg 320w, https:\/\/www.amchambaq.com\/wp-content\/uploads\/2026\/04\/ASAMBLEA-2026-1080-x-1080-px-900x900.jpg 900w\" sizes=\"auto, (max-width: 1080px) 100vw, 1080px\" \/><\/a>\n\t\t<\/figure>\n\t<\/div>\n<div class=\"vc_empty_space\"   style=\"height: 15px\"><span class=\"vc_empty_space_inner\"><\/span><\/div><\/div><\/div><\/div><div class=\"wpb_column vc_column_container vc_col-sm-6\"><div class=\"vc_column-inner \"><div class=\"wpb_wrapper\">\n\t<div  class=\"wpb_single_image wpb_content_element vc_align_left wpb_content_element\">\n\t\t\n\t\t<figure class=\"wpb_wrapper vc_figure\">\n\t\t\t<a href=\"https:\/\/forms.gle\/Cc6oV16WGkAKCtWe9\" target=\"_blank\" class=\"vc_single_image-wrapper   vc_box_border_grey\"><img loading=\"lazy\" decoding=\"async\" width=\"1080\" height=\"1080\" src=\"https:\/\/www.amchambaq.com\/wp-content\/uploads\/2026\/04\/B2B-FLORIDA-MAYO-2026-1080-x-1080-px.jpg\" class=\"vc_single_image-img attachment-full\" alt=\"\" title=\"B2B FLORIDA MAYO 2026 (1080 x 1080 px)\" srcset=\"https:\/\/www.amchambaq.com\/wp-content\/uploads\/2026\/04\/B2B-FLORIDA-MAYO-2026-1080-x-1080-px.jpg 1080w, https:\/\/www.amchambaq.com\/wp-content\/uploads\/2026\/04\/B2B-FLORIDA-MAYO-2026-1080-x-1080-px-300x300.jpg 300w, https:\/\/www.amchambaq.com\/wp-content\/uploads\/2026\/04\/B2B-FLORIDA-MAYO-2026-1080-x-1080-px-1024x1024.jpg 1024w, https:\/\/www.amchambaq.com\/wp-content\/uploads\/2026\/04\/B2B-FLORIDA-MAYO-2026-1080-x-1080-px-150x150.jpg 150w, https:\/\/www.amchambaq.com\/wp-content\/uploads\/2026\/04\/B2B-FLORIDA-MAYO-2026-1080-x-1080-px-768x768.jpg 768w, https:\/\/www.amchambaq.com\/wp-content\/uploads\/2026\/04\/B2B-FLORIDA-MAYO-2026-1080-x-1080-px-12x12.jpg 12w, https:\/\/www.amchambaq.com\/wp-content\/uploads\/2026\/04\/B2B-FLORIDA-MAYO-2026-1080-x-1080-px-50x50.jpg 50w, https:\/\/www.amchambaq.com\/wp-content\/uploads\/2026\/04\/B2B-FLORIDA-MAYO-2026-1080-x-1080-px-320x320.jpg 320w, https:\/\/www.amchambaq.com\/wp-content\/uploads\/2026\/04\/B2B-FLORIDA-MAYO-2026-1080-x-1080-px-900x900.jpg 900w\" sizes=\"auto, (max-width: 1080px) 100vw, 1080px\" \/><\/a>\n\t\t<\/figure>\n\t<\/div>\n<div class=\"vc_empty_space\"   style=\"height: 15px\"><span class=\"vc_empty_space_inner\"><\/span><\/div><\/div><\/div><\/div><\/div><div class=\"vc_row wpb_row vc_row-fluid vc_custom_1483614678807\"><div class=\"wpb_column vc_column_container vc_col-sm-12\"><div class=\"vc_column-inner \"><div class=\"wpb_wrapper\"><div class=\"vc_custom_heading text_align_left\" ><h2 style=\"text-align: left\" class=\"consulting-custom-title\">Eventos Institucionales<\/h2><\/div><\/div><\/div><\/div><div class=\"wpb_column vc_column_container vc_col-sm-6\"><div class=\"vc_column-inner \"><div class=\"wpb_wrapper\">\n\t<div  class=\"wpb_single_image wpb_content_element vc_align_left wpb_content_element\">\n\t\t\n\t\t<figure class=\"wpb_wrapper vc_figure\">\n\t\t\t<a href=\"https:\/\/www.amchambaq.com\/events\/dia-de-accion-de-gracias\/\" target=\"_self\" class=\"vc_single_image-wrapper   vc_box_border_grey\"><img loading=\"lazy\" decoding=\"async\" width=\"2560\" height=\"1594\" src=\"https:\/\/www.amchambaq.com\/wp-content\/uploads\/2023\/01\/thanksgiving-scaled.jpg\" class=\"vc_single_image-img attachment-full\" alt=\"\" title=\"thanksgiving\" srcset=\"https:\/\/www.amchambaq.com\/wp-content\/uploads\/2023\/01\/thanksgiving-scaled.jpg 2560w, https:\/\/www.amchambaq.com\/wp-content\/uploads\/2023\/01\/thanksgiving-300x187.jpg 300w, https:\/\/www.amchambaq.com\/wp-content\/uploads\/2023\/01\/thanksgiving-1024x637.jpg 1024w, https:\/\/www.amchambaq.com\/wp-content\/uploads\/2023\/01\/thanksgiving-768x478.jpg 768w, https:\/\/www.amchambaq.com\/wp-content\/uploads\/2023\/01\/thanksgiving-1536x956.jpg 1536w, https:\/\/www.amchambaq.com\/wp-content\/uploads\/2023\/01\/thanksgiving-2048x1275.jpg 2048w, https:\/\/www.amchambaq.com\/wp-content\/uploads\/2023\/01\/thanksgiving-18x12.jpg 18w, https:\/\/www.amchambaq.com\/wp-content\/uploads\/2023\/01\/thanksgiving-900x560.jpg 900w\" sizes=\"auto, (max-width: 2560px) 100vw, 2560px\" \/><\/a>\n\t\t<\/figure>\n\t<\/div>\n\n\t<div class=\"wpb_text_column wpb_content_element\" >\n\t\t<div class=\"wpb_wrapper\">\n\t\t\t<p style=\"text-align: center;\"><span style=\"color: #002141; font-size: 25px;\"><strong>D\u00eda de Acci\u00f3n de Gracias<\/strong><\/span><\/p>\n\n\t\t<\/div>\n\t<\/div>\n<div class=\"vc_empty_space\"   style=\"height: 15px\"><span class=\"vc_empty_space_inner\"><\/span><\/div>\n\t<div  class=\"wpb_single_image wpb_content_element vc_align_left wpb_content_element\">\n\t\t\n\t\t<figure class=\"wpb_wrapper vc_figure\">\n\t\t\t<a href=\"https:\/\/www.amchambaq.com\/events\/torneo-anual-de-golf-amcham\/\" target=\"_self\" class=\"vc_single_image-wrapper   vc_box_border_grey\"><img loading=\"lazy\" decoding=\"async\" width=\"2560\" height=\"1707\" src=\"https:\/\/www.amchambaq.com\/wp-content\/uploads\/2023\/01\/DSC5735-scaled.jpg\" class=\"vc_single_image-img attachment-full\" alt=\"\" title=\"_DSC5735\" srcset=\"https:\/\/www.amchambaq.com\/wp-content\/uploads\/2023\/01\/DSC5735-scaled.jpg 2560w, https:\/\/www.amchambaq.com\/wp-content\/uploads\/2023\/01\/DSC5735-300x200.jpg 300w, https:\/\/www.amchambaq.com\/wp-content\/uploads\/2023\/01\/DSC5735-1024x683.jpg 1024w, https:\/\/www.amchambaq.com\/wp-content\/uploads\/2023\/01\/DSC5735-768x512.jpg 768w, https:\/\/www.amchambaq.com\/wp-content\/uploads\/2023\/01\/DSC5735-1536x1024.jpg 1536w, https:\/\/www.amchambaq.com\/wp-content\/uploads\/2023\/01\/DSC5735-2048x1365.jpg 2048w, https:\/\/www.amchambaq.com\/wp-content\/uploads\/2023\/01\/DSC5735-18x12.jpg 18w, https:\/\/www.amchambaq.com\/wp-content\/uploads\/2023\/01\/DSC5735-900x600.jpg 900w\" sizes=\"auto, (max-width: 2560px) 100vw, 2560px\" \/><\/a>\n\t\t<\/figure>\n\t<\/div>\n\n\t<div class=\"wpb_text_column wpb_content_element\" >\n\t\t<div class=\"wpb_wrapper\">\n\t\t\t<p style=\"text-align: center;\"><span style=\"color: #002141; font-size: 25px;\"><strong>Torneo Anual de Golf Amcham<\/strong><\/span><\/p>\n\n\t\t<\/div>\n\t<\/div>\n<\/div><\/div><\/div><div class=\"wpb_column vc_column_container vc_col-sm-6\"><div class=\"vc_column-inner \"><div class=\"wpb_wrapper\">\n\t<div  class=\"wpb_single_image wpb_content_element vc_align_left wpb_content_element\">\n\t\t\n\t\t<figure class=\"wpb_wrapper vc_figure\">\n\t\t\t<a href=\"https:\/\/www.amchambaq.com\/events\/congreso-de-seguridad\/\" target=\"_self\" class=\"vc_single_image-wrapper   vc_box_border_grey\"><img loading=\"lazy\" decoding=\"async\" width=\"2560\" height=\"1594\" src=\"https:\/\/www.amchambaq.com\/wp-content\/uploads\/2023\/01\/foroseguridad2022-scaled.jpg\" class=\"vc_single_image-img attachment-full\" alt=\"\" title=\"foroseguridad2022\" srcset=\"https:\/\/www.amchambaq.com\/wp-content\/uploads\/2023\/01\/foroseguridad2022-scaled.jpg 2560w, https:\/\/www.amchambaq.com\/wp-content\/uploads\/2023\/01\/foroseguridad2022-300x187.jpg 300w, https:\/\/www.amchambaq.com\/wp-content\/uploads\/2023\/01\/foroseguridad2022-1024x638.jpg 1024w, https:\/\/www.amchambaq.com\/wp-content\/uploads\/2023\/01\/foroseguridad2022-768x478.jpg 768w, https:\/\/www.amchambaq.com\/wp-content\/uploads\/2023\/01\/foroseguridad2022-1536x956.jpg 1536w, https:\/\/www.amchambaq.com\/wp-content\/uploads\/2023\/01\/foroseguridad2022-2048x1275.jpg 2048w, https:\/\/www.amchambaq.com\/wp-content\/uploads\/2023\/01\/foroseguridad2022-18x12.jpg 18w, https:\/\/www.amchambaq.com\/wp-content\/uploads\/2023\/01\/foroseguridad2022-900x560.jpg 900w\" sizes=\"auto, (max-width: 2560px) 100vw, 2560px\" \/><\/a>\n\t\t<\/figure>\n\t<\/div>\n\n\t<div class=\"wpb_text_column wpb_content_element\" >\n\t\t<div class=\"wpb_wrapper\">\n\t\t\t<p style=\"text-align: center;\"><span style=\"color: #002141; font-size: 25px;\"><strong>Congreso de Seguridad<\/strong><\/span><\/p>\n\n\t\t<\/div>\n\t<\/div>\n<div class=\"vc_empty_space\"   style=\"height: 15px\"><span class=\"vc_empty_space_inner\"><\/span><\/div>\n\t<div  class=\"wpb_single_image wpb_content_element vc_align_left wpb_content_element\">\n\t\t\n\t\t<figure class=\"wpb_wrapper vc_figure\">\n\t\t\t<a href=\"https:\/\/www.amchambaq.com\/events\/asamblea-general-de-afiliados\/\" target=\"_self\" class=\"vc_single_image-wrapper   vc_box_border_grey\"><img loading=\"lazy\" decoding=\"async\" width=\"1280\" height=\"853\" src=\"https:\/\/www.amchambaq.com\/wp-content\/uploads\/2023\/01\/20220512_115937.jpg\" class=\"vc_single_image-img attachment-full\" alt=\"\" title=\"20220512_115937\" srcset=\"https:\/\/www.amchambaq.com\/wp-content\/uploads\/2023\/01\/20220512_115937.jpg 1280w, https:\/\/www.amchambaq.com\/wp-content\/uploads\/2023\/01\/20220512_115937-300x200.jpg 300w, https:\/\/www.amchambaq.com\/wp-content\/uploads\/2023\/01\/20220512_115937-1024x682.jpg 1024w, https:\/\/www.amchambaq.com\/wp-content\/uploads\/2023\/01\/20220512_115937-768x512.jpg 768w, https:\/\/www.amchambaq.com\/wp-content\/uploads\/2023\/01\/20220512_115937-18x12.jpg 18w, https:\/\/www.amchambaq.com\/wp-content\/uploads\/2023\/01\/20220512_115937-900x600.jpg 900w\" sizes=\"auto, (max-width: 1280px) 100vw, 1280px\" \/><\/a>\n\t\t<\/figure>\n\t<\/div>\n\n\t<div class=\"wpb_text_column wpb_content_element\" >\n\t\t<div class=\"wpb_wrapper\">\n\t\t\t<p style=\"text-align: center;\"><span style=\"color: #002141; font-size: 25px;\"><strong>Asamblea General de Afiliados<\/strong><\/span><\/p>\n\n\t\t<\/div>\n\t<\/div>\n<\/div><\/div><\/div><\/div>\n<\/div>","protected":false},"excerpt":{"rendered":"Pr\u00f3ximos Eventos Eventos Institucionales D\u00eda de Acci\u00f3n de Gracias Torneo Anual de Golf Amcham Congreso de Seguridad Asamblea General de Afiliados","protected":false},"author":1,"featured_media":0,"parent":0,"menu_order":0,"comment_status":"closed","ping_status":"closed","template":"","meta":{"footnotes":""},"class_list":["post-7281","page","type-page","status-publish","hentry"],"_links":{"self":[{"href":"https:\/\/www.amchambaq.com\/es_co\/wp-json\/wp\/v2\/pages\/7281","targetHints":{"allow":["GET"]}}],"collection":[{"href":"https:\/\/www.amchambaq.com\/es_co\/wp-json\/wp\/v2\/pages"}],"about":[{"href":"https:\/\/www.amchambaq.com\/es_co\/wp-json\/wp\/v2\/types\/page"}],"author":[{"embeddable":true,"href":"https:\/\/www.amchambaq.com\/es_co\/wp-json\/wp\/v2\/users\/1"}],"replies":[{"embeddable":true,"href":"https:\/\/www.amchambaq.com\/es_co\/wp-json\/wp\/v2\/comments?post=7281"}],"version-history":[{"count":213,"href":"https:\/\/www.amchambaq.com\/es_co\/wp-json\/wp\/v2\/pages\/7281\/revisions"}],"predecessor-version":[{"id":17308,"href":"https:\/\/www.amchambaq.com\/es_co\/wp-json\/wp\/v2\/pages\/7281\/revisions\/17308"}],"wp:attachment":[{"href":"https:\/\/www.amchambaq.com\/es_co\/wp-json\/wp\/v2\/media?parent=7281"}],"curies":[{"name":"wp","href":"https:\/\/api.w.org\/{rel}","templated":true}]}}