{"id":7106,"date":"2021-05-05T18:04:33","date_gmt":"2021-05-05T23:04:33","guid":{"rendered":"https:\/\/www.amchambaq.com\/?page_id=7106"},"modified":"2021-11-21T21:50:38","modified_gmt":"2021-11-22T02:50:38","slug":"ruta-exportadora","status":"publish","type":"page","link":"https:\/\/www.amchambaq.com\/es_co\/ruta-exportadora\/","title":{"rendered":"Ruta Exportadora"},"content":{"rendered":"<div class=\"wpb-content-wrapper\"><div class=\"vc_row wpb_row vc_row-fluid vc_custom_1619926935996\"><div class=\"wpb_column vc_column_container vc_col-sm-12\"><div class=\"vc_column-inner \"><div class=\"wpb_wrapper\"><div class=\"vc_custom_heading vc_custom_1626283515052 text_align_center\" ><h2 style=\"text-align: center;font-family:Montserrat;font-weight:700;font-style:normal\" class=\"consulting-custom-title\">Ruta Exportadora<\/h2><\/div>\n\t<div class=\"wpb_text_column wpb_content_element\" >\n\t\t<div class=\"wpb_wrapper\">\n\t\t\t<p style=\"text-align: center; font-size: 20px;\">Eval\u00fae cada aspecto necesario para su \u00e9xito en el proceso de internacionalizaci\u00f3n.<\/p>\n<p style=\"text-align: center; font-size: 20px;\">Conozca en 9 pasos qu\u00e9 tan lista est\u00e1 su empresa para expandirse a mercados internacionales.<\/p>\n\n\t\t<\/div>\n\t<\/div>\n<\/div><\/div><\/div><\/div><div data-vc-full-width=\"true\" data-vc-full-width-temp=\"true\" data-vc-full-width-init=\"false\" class=\"vc_row wpb_row vc_row-fluid about-bg-right vc_custom_1620256360023 vc_row-has-fill vc_row-o-equal-height vc_row-flex\"><div class=\"wpb_column vc_column_container vc_col-sm-4\"><div class=\"vc_column-inner vc_custom_1619927108234\"><div class=\"wpb_wrapper\">\n\t<div class=\"wpb_text_column wpb_content_element\" >\n\t\t<div class=\"wpb_wrapper\">\n\t\t\t<p style=\"text-align: center;\"><strong style=\"font-size: 30px;\">1<\/strong><\/p>\n\n\t\t<\/div>\n\t<\/div>\n\t<div class=\"vc_separator wpb_content_element vc_sep_width_100 vc_sep_border_width_3 type_1  vc_separator_no_text vc_sep_color_sandy_brown\">\n\t\t<span class=\"vc_sep_holder vc_sep_holder_l\"><span class=\"vc_sep_line\"><\/span><\/span>\n\t\t\t\t<span class=\"vc_sep_holder vc_sep_holder_r\"><span class=\"vc_sep_line\"><\/span><\/span>\n\t<\/div>\n\t\n\n<div class=\"stm_pricing_plan_unit style_2\">\n    <div class=\"stm_pricing_plan\">\n        <div class=\"top text-center\" >\n            <div class=\"inner\">\n                                                                    <div class=\"price\">\n                        <span class=\"heading_font\">Eval\u00fae qu\u00e9 tan listo est\u00e1 para exportar<\/span>\n                                                                    <\/div>\n                                            <\/div>\n        <\/div>\n                    <div class=\"content\">\n                <p style=\"text-align: center;\"><strong>Eval\u00fae su preparaci\u00f3n considerando 3 pilares principales:<\/strong><\/p>\n<p>&nbsp;<\/p>\n<p><span style=\"color: #273570;\"><strong>I. Pilar operativo<\/strong><\/span><\/p>\n<p><span style=\"color: #273570;\"><strong>II. Pilar financiero<\/strong><\/span><\/p>\n<p><span style=\"color: #273570;\"><strong>III. Pilar organizacional<\/strong><\/span><\/p>\n\n                \n            <\/div>\n            <\/div>\n<\/div>\n<\/div><\/div><\/div><div class=\"wpb_column vc_column_container vc_col-sm-4\"><div class=\"vc_column-inner vc_custom_1619927116044\"><div class=\"wpb_wrapper\">\n\t<div class=\"wpb_text_column wpb_content_element\" >\n\t\t<div class=\"wpb_wrapper\">\n\t\t\t<p style=\"text-align: center;\"><strong style=\"font-size: 30px;\">2<\/strong><\/p>\n\n\t\t<\/div>\n\t<\/div>\n\t<div class=\"vc_separator wpb_content_element vc_sep_width_100 vc_sep_border_width_3 type_1  vc_separator_no_text vc_sep_color_pink\">\n\t\t<span class=\"vc_sep_holder vc_sep_holder_l\"><span class=\"vc_sep_line\"><\/span><\/span>\n\t\t\t\t<span class=\"vc_sep_holder vc_sep_holder_r\"><span class=\"vc_sep_line\"><\/span><\/span>\n\t<\/div>\n\t\n\n<div class=\"stm_pricing_plan_unit style_2\">\n    <div class=\"stm_pricing_plan\">\n        <div class=\"top text-center\" >\n            <div class=\"inner\">\n                                                                    <div class=\"price\">\n                        <span class=\"heading_font\">Identifique su mercado objetivo<\/span>\n                                                                    <\/div>\n                                            <\/div>\n        <\/div>\n                    <div class=\"content\">\n                <p style=\"text-align: Justify;\">Antes de fijar un destino, analice si el producto o servicio que desea exportar demuestra tener una demanda en el mercado objetivo.<\/p>\n<p>&nbsp;<\/p>\n<p style=\"text-align: Justify;\">A trav\u00e9s de identificaci\u00f3n de necesidades, oportunidades y espacios disponibles para su oferta.<\/p>\n\n                \n            <\/div>\n            <\/div>\n<\/div>\n<\/div><\/div><\/div><div class=\"wpb_column vc_column_container vc_col-sm-4\"><div class=\"vc_column-inner \"><div class=\"wpb_wrapper\">\n\t<div class=\"wpb_text_column wpb_content_element\" >\n\t\t<div class=\"wpb_wrapper\">\n\t\t\t<p style=\"text-align: center;\"><strong style=\"font-size: 30px;\">3<\/strong><\/p>\n\n\t\t<\/div>\n\t<\/div>\n\t<div class=\"vc_separator wpb_content_element vc_sep_width_100 vc_sep_border_width_3 type_1  vc_separator_no_text vc_sep_color_violet\">\n\t\t<span class=\"vc_sep_holder vc_sep_holder_l\"><span class=\"vc_sep_line\"><\/span><\/span>\n\t\t\t\t<span class=\"vc_sep_holder vc_sep_holder_r\"><span class=\"vc_sep_line\"><\/span><\/span>\n\t<\/div>\n\t\n\n<div class=\"stm_pricing_plan_unit style_2\">\n    <div class=\"stm_pricing_plan\">\n        <div class=\"top text-center\" >\n            <div class=\"inner\">\n                                                                    <div class=\"price\">\n                        <span class=\"heading_font\">Desarrolle un plan para exportar<\/span>\n                                                                    <\/div>\n                                            <\/div>\n        <\/div>\n                    <div class=\"content\">\n                <p style=\"text-align: Justify;\">Una vez que haya elegido un mercado objetivo, el pr\u00f3ximo paso es crear un plan de entrada al mercado.<\/p>\n<p>&nbsp;<\/p>\n<p style=\"text-align: Justify;\">Ten en cuenta: Competencia en su mercado objetivo, adaptaciones requeridas de su producto o servicio, costos, embalaje, opciones de distribuci\u00f3n, regulaciones y leyes vigentes, impuestos, certificaciones requeridas, diferencias culturales, riesgos asociados, env\u00edo, aduanas, log\u00edstica y barreras arancelarias.<\/p>\n\n                \n            <\/div>\n            <\/div>\n<\/div>\n<\/div><\/div><\/div><div class=\"wpb_column vc_column_container vc_col-sm-12\"><div class=\"vc_column-inner \"><div class=\"wpb_wrapper\"><\/div><\/div><\/div><\/div><div class=\"vc_row-full-width vc_clearfix\"><\/div><div data-vc-full-width=\"true\" data-vc-full-width-temp=\"true\" data-vc-full-width-init=\"false\" class=\"vc_row wpb_row vc_row-fluid about-bg-right vc_custom_1620256360023 vc_row-has-fill vc_row-o-equal-height vc_row-flex\"><div class=\"wpb_column vc_column_container vc_col-sm-4\"><div class=\"vc_column-inner vc_custom_1619927108234\"><div class=\"wpb_wrapper\">\n\t<div class=\"wpb_text_column wpb_content_element\" >\n\t\t<div class=\"wpb_wrapper\">\n\t\t\t<p style=\"text-align: center;\"><strong style=\"font-size: 30px;\">4<\/strong><\/p>\n\n\t\t<\/div>\n\t<\/div>\n\t<div class=\"vc_separator wpb_content_element vc_sep_width_100 vc_sep_border_width_3 type_1  vc_separator_no_text vc_sep_color_violet\">\n\t\t<span class=\"vc_sep_holder vc_sep_holder_l\"><span class=\"vc_sep_line\"><\/span><\/span>\n\t\t\t\t<span class=\"vc_sep_holder vc_sep_holder_r\"><span class=\"vc_sep_line\"><\/span><\/span>\n\t<\/div>\n\t\n\n<div class=\"stm_pricing_plan_unit style_2\">\n    <div class=\"stm_pricing_plan\">\n        <div class=\"top text-center\" >\n            <div class=\"inner\">\n                                                                    <div class=\"price\">\n                        <span class=\"heading_font\">Desarrolle su estrategia de marketing<\/span>\n                                                                    <\/div>\n                                            <\/div>\n        <\/div>\n                    <div class=\"content\">\n                <p style=\"text-align: Justify;\">Mediante el planteamiento de una correcta estrategia de marketing usted podr\u00e1 afrontar las tres principales barreras que enfrenta el proceso de exportaci\u00f3n: Distancia, Adaptaci\u00f3n y Cultura.<\/p>\n\n                \n            <\/div>\n            <\/div>\n<\/div>\n<\/div><\/div><\/div><div class=\"wpb_column vc_column_container vc_col-sm-4\"><div class=\"vc_column-inner vc_custom_1619927116044\"><div class=\"wpb_wrapper\">\n\t<div class=\"wpb_text_column wpb_content_element\" >\n\t\t<div class=\"wpb_wrapper\">\n\t\t\t<p style=\"text-align: center;\"><strong style=\"font-size: 30px;\">5<\/strong><\/p>\n\n\t\t<\/div>\n\t<\/div>\n\t<div class=\"vc_separator wpb_content_element vc_sep_width_100 vc_sep_border_width_3 type_1  vc_separator_no_text\">\n\t\t<span class=\"vc_sep_holder vc_sep_holder_l\"><span style=\"border-color:#1e73be;\" class=\"vc_sep_line\"><\/span><\/span>\n\t\t\t\t<span class=\"vc_sep_holder vc_sep_holder_r\"><span style=\"border-color:#1e73be;\" class=\"vc_sep_line\"><\/span><\/span>\n\t<\/div>\n\t\n\n<div class=\"stm_pricing_plan_unit style_2\">\n    <div class=\"stm_pricing_plan\">\n        <div class=\"top text-center\" >\n            <div class=\"inner\">\n                                                                    <div class=\"price\">\n                        <span class=\"heading_font\">B\u00fasqueda de victorias tempranas<\/span>\n                                                                    <\/div>\n                                            <\/div>\n        <\/div>\n                    <div class=\"content\">\n                <p style=\"text-align: justify;\">La correcta selecci\u00f3n de su mercado objetivo lo ayudar\u00e1 a incrementar las probabilidades de encontrar nuevos clientes en el destino. Asignar un equipo dedicado al proceso y los recursos necesarios de tiempo y dinero, tambi\u00e9n resultan ser un factor determinante a la hora de alcanzar el \u00e9xito en las exportaciones.<\/p>\n\n                \n            <\/div>\n            <\/div>\n<\/div>\n<\/div><\/div><\/div><div class=\"wpb_column vc_column_container vc_col-sm-4\"><div class=\"vc_column-inner \"><div class=\"wpb_wrapper\">\n\t<div class=\"wpb_text_column wpb_content_element\" >\n\t\t<div class=\"wpb_wrapper\">\n\t\t\t<p style=\"text-align: center;\"><strong style=\"font-size: 30px;\">6<\/strong><\/p>\n\n\t\t<\/div>\n\t<\/div>\n\t<div class=\"vc_separator wpb_content_element vc_sep_width_100 vc_sep_border_width_3 type_1  vc_separator_no_text\">\n\t\t<span class=\"vc_sep_holder vc_sep_holder_l\"><span style=\"border-color:#247ee5;\" class=\"vc_sep_line\"><\/span><\/span>\n\t\t\t\t<span class=\"vc_sep_holder vc_sep_holder_r\"><span style=\"border-color:#247ee5;\" class=\"vc_sep_line\"><\/span><\/span>\n\t<\/div>\n\t\n\n<div class=\"stm_pricing_plan_unit style_2\">\n    <div class=\"stm_pricing_plan\">\n        <div class=\"top text-center\" >\n            <div class=\"inner\">\n                                                                    <div class=\"price\">\n                        <span class=\"heading_font\">Entrada al mercado objetivo<\/span>\n                                                                    <\/div>\n                                            <\/div>\n        <\/div>\n                    <div class=\"content\">\n                <p style=\"text-align: Justify;\">Eval\u00fae la opci\u00f3n que m\u00e1s le convenga de acuerdo con el pa\u00eds seleccionado como destino, su industria y capacidades:<\/p>\n<p>&nbsp;<\/p>\n<ul>\n<li style=\"text-align: Justify;\">Exportaci\u00f3n directa<\/li>\n<li style=\"text-align: Justify;\">Por medio de un intermediario o local<\/li>\n<li style=\"text-align: Justify;\">Subcontrataci\u00f3n<\/li>\n<li style=\"text-align: Justify;\">Inversi\u00f3n directa en el pa\u00eds de destino<\/li>\n<\/ul>\n\n                \n            <\/div>\n            <\/div>\n<\/div>\n<\/div><\/div><\/div><\/div><div class=\"vc_row-full-width vc_clearfix\"><\/div><div data-vc-full-width=\"true\" data-vc-full-width-temp=\"true\" data-vc-full-width-init=\"false\" class=\"vc_row wpb_row vc_row-fluid about-bg-right vc_custom_1620256360023 vc_row-has-fill vc_row-o-equal-height vc_row-flex\"><div class=\"wpb_column vc_column_container vc_col-sm-4\"><div class=\"vc_column-inner vc_custom_1619927108234\"><div class=\"wpb_wrapper\">\n\t<div class=\"wpb_text_column wpb_content_element\" >\n\t\t<div class=\"wpb_wrapper\">\n\t\t\t<p style=\"text-align: center;\"><strong style=\"font-size: 30px;\">7<\/strong><\/p>\n\n\t\t<\/div>\n\t<\/div>\n\t<div class=\"vc_separator wpb_content_element vc_sep_width_100 vc_sep_border_width_3 type_1  vc_separator_no_text vc_sep_color_sky\">\n\t\t<span class=\"vc_sep_holder vc_sep_holder_l\"><span class=\"vc_sep_line\"><\/span><\/span>\n\t\t\t\t<span class=\"vc_sep_holder vc_sep_holder_r\"><span class=\"vc_sep_line\"><\/span><\/span>\n\t<\/div>\n\t\n\n<div class=\"stm_pricing_plan_unit style_2\">\n    <div class=\"stm_pricing_plan\">\n        <div class=\"top text-center\" >\n            <div class=\"inner\">\n                                                                    <div class=\"price\">\n                        <span class=\"heading_font\">Administraci\u00f3n de ventas online<\/span>\n                                                                    <\/div>\n                                            <\/div>\n        <\/div>\n                    <div class=\"content\">\n                <p style=\"text-align: Justify;\">La conectividad de alta velocidad, el software f\u00e1cil de usar y el f\u00e1cil transporte han reducido las barreras para encontrar y vender a clientes extranjeros a trav\u00e9s de Internet.<\/p>\n<p>&nbsp;<\/p>\n<p style=\"text-align: Justify;\">Empiece por conocer los aspectos b\u00e1sicos del comercio electr\u00f3nico, se recomienda siempre comenzar con productos que pueda mantener en stock y enviar con facilidad.<\/p>\n\n                \n            <\/div>\n            <\/div>\n<\/div>\n<\/div><\/div><\/div><div class=\"wpb_column vc_column_container vc_col-sm-4\"><div class=\"vc_column-inner vc_custom_1619927116044\"><div class=\"wpb_wrapper\">\n\t<div class=\"wpb_text_column wpb_content_element\" >\n\t\t<div class=\"wpb_wrapper\">\n\t\t\t<p style=\"text-align: center;\"><strong style=\"font-size: 30px;\">8<\/strong><\/p>\n\n\t\t<\/div>\n\t<\/div>\n\t<div class=\"vc_separator wpb_content_element vc_sep_width_100 vc_sep_border_width_3 type_1  vc_separator_no_text vc_sep_color_turquoise\">\n\t\t<span class=\"vc_sep_holder vc_sep_holder_l\"><span class=\"vc_sep_line\"><\/span><\/span>\n\t\t\t\t<span class=\"vc_sep_holder vc_sep_holder_r\"><span class=\"vc_sep_line\"><\/span><\/span>\n\t<\/div>\n\t\n\n<div class=\"stm_pricing_plan_unit style_2\">\n    <div class=\"stm_pricing_plan\">\n        <div class=\"top text-center\" >\n            <div class=\"inner\">\n                                                                    <div class=\"price\">\n                        <span class=\"heading_font\">Financiaci\u00f3n para procesos de exportaci\u00f3n<\/span>\n                                                                    <\/div>\n                                            <\/div>\n        <\/div>\n                    <div class=\"content\">\n                <p style=\"text-align: justify;\">Para muchos empresarios, &#8220;hacerse global&#8221; es algo que hacen las grandes empresas. Si dirige una peque\u00f1a o mediana empresa con recursos limitados, eval\u00fae a qu\u00e9 modelos de negocio puede acceder: Desde el levantamiento de capital con inversionistas interesados en su empresa, fusionarse con una empresa; o formar una empresa conjunta con una empresa extranjera o acceder a herramientas de financiaci\u00f3n.<\/p>\n\n                \n            <\/div>\n            <\/div>\n<\/div>\n<\/div><\/div><\/div><div class=\"wpb_column vc_column_container vc_col-sm-4\"><div class=\"vc_column-inner \"><div class=\"wpb_wrapper\">\n\t<div class=\"wpb_text_column wpb_content_element\" >\n\t\t<div class=\"wpb_wrapper\">\n\t\t\t<p style=\"text-align: center;\"><strong style=\"font-size: 30px;\">9<\/strong><\/p>\n\n\t\t<\/div>\n\t<\/div>\n\t<div class=\"vc_separator wpb_content_element vc_sep_width_100 vc_sep_border_width_3 type_1  vc_separator_no_text vc_sep_color_green\">\n\t\t<span class=\"vc_sep_holder vc_sep_holder_l\"><span class=\"vc_sep_line\"><\/span><\/span>\n\t\t\t\t<span class=\"vc_sep_holder vc_sep_holder_r\"><span class=\"vc_sep_line\"><\/span><\/span>\n\t<\/div>\n\t\n\n<div class=\"stm_pricing_plan_unit style_2\">\n    <div class=\"stm_pricing_plan\">\n        <div class=\"top text-center\" >\n            <div class=\"inner\">\n                                                                    <div class=\"price\">\n                        <span class=\"heading_font\">Entrega de sus productos o servicios<\/span>\n                                                                    <\/div>\n                                            <\/div>\n        <\/div>\n                    <div class=\"content\">\n                <p style=\"text-align: Justify;\">El env\u00edo internacional puede ser desalentador. Alguien en su equipo debe familiarizarse con la log\u00edstica involucrada y estudiar las mejores opciones log\u00edsticas para su empresa, pidiendo el asesoramiento de un experto externo seg\u00fan sea necesario.<\/p>\n<p style=\"text-align: Justify;\">Aseg\u00farese de incluir documentaci\u00f3n precisa y completa con sus productos para aduanas.<\/p>\n\n                \n            <\/div>\n            <\/div>\n<\/div>\n<\/div><\/div><\/div><\/div><div class=\"vc_row-full-width vc_clearfix\"><\/div><div data-vc-full-width=\"true\" data-vc-full-width-temp=\"true\" data-vc-full-width-init=\"false\" data-vc-parallax=\"1.5\" data-vc-parallax-o-fade=\"on\" class=\"vc_row wpb_row vc_row-fluid base_bg_color vc_custom_1626402474944 vc_row-has-fill vc_general vc_parallax vc_parallax-content-moving-fade js-vc_parallax-o-fade\"><div class=\"wpb_column vc_column_container vc_col-sm-12\"><div class=\"vc_column-inner \"><div class=\"wpb_wrapper\"><div class=\"vc_empty_space\"   style=\"height: 32px\"><span class=\"vc_empty_space_inner\"><\/span><\/div><div class=\"vc_custom_heading vc_custom_1637287407069 text_align_center\" ><h5 style=\"color: #ffffff;text-align: center\" class=\"consulting-custom-title\">Eval\u00fae cada aspecto necesario para su \u00e9xito en el proceso de internacionalizaci\u00f3n<br \/>\nConozca aqu\u00ed qu\u00e9 tan lista est\u00e1 su empresa para expandirse a mercados internacionales<\/h5><\/div><div class=\"vc_btn3-container vc_btn3-center vc_do_btn\" ><a class=\"vc_general vc_btn3 vc_btn3-size-md vc_btn3-shape-rounded vc_btn3-style-modern vc_btn3-color-grey\" href=\"https:\/\/docs.google.com\/forms\/d\/e\/1FAIpQLSdz9C9TB_TWnc1DoZOtvkwuWJoCjsNyCNwCt8odO1Ps7hjRmA\/viewform\" title=\"\" target=\"_blank\">AUTO-EVALUACI\u00d3N<\/a><\/div><\/div><\/div><\/div><\/div><div class=\"vc_row-full-width vc_clearfix\"><\/div>\n<\/div>","protected":false},"excerpt":{"rendered":"Ruta Exportadora Eval\u00fae cada aspecto necesario para su \u00e9xito en el proceso de internacionalizaci\u00f3n. Conozca en 9 pasos qu\u00e9 tan lista est\u00e1 su empresa para expandirse a mercados internacionales. 1 Eval\u00fae qu\u00e9 tan listo est\u00e1 para exportar Eval\u00fae su preparaci\u00f3n considerando 3 pilares principales: &nbsp; I. Pilar operativo II. Pilar financiero III. Pilar organizacional 2","protected":false},"author":1,"featured_media":0,"parent":0,"menu_order":0,"comment_status":"closed","ping_status":"closed","template":"","meta":{"footnotes":""},"class_list":["post-7106","page","type-page","status-publish","hentry"],"_links":{"self":[{"href":"https:\/\/www.amchambaq.com\/es_co\/wp-json\/wp\/v2\/pages\/7106","targetHints":{"allow":["GET"]}}],"collection":[{"href":"https:\/\/www.amchambaq.com\/es_co\/wp-json\/wp\/v2\/pages"}],"about":[{"href":"https:\/\/www.amchambaq.com\/es_co\/wp-json\/wp\/v2\/types\/page"}],"author":[{"embeddable":true,"href":"https:\/\/www.amchambaq.com\/es_co\/wp-json\/wp\/v2\/users\/1"}],"replies":[{"embeddable":true,"href":"https:\/\/www.amchambaq.com\/es_co\/wp-json\/wp\/v2\/comments?post=7106"}],"version-history":[{"count":26,"href":"https:\/\/www.amchambaq.com\/es_co\/wp-json\/wp\/v2\/pages\/7106\/revisions"}],"predecessor-version":[{"id":8524,"href":"https:\/\/www.amchambaq.com\/es_co\/wp-json\/wp\/v2\/pages\/7106\/revisions\/8524"}],"wp:attachment":[{"href":"https:\/\/www.amchambaq.com\/es_co\/wp-json\/wp\/v2\/media?parent=7106"}],"curies":[{"name":"wp","href":"https:\/\/api.w.org\/{rel}","templated":true}]}}