{"id":7025,"date":"2021-05-02T23:15:10","date_gmt":"2021-05-03T04:15:10","guid":{"rendered":"https:\/\/www.amchambaq.com\/?page_id=7025"},"modified":"2021-09-03T15:13:06","modified_gmt":"2021-09-03T20:13:06","slug":"comites","status":"publish","type":"page","link":"https:\/\/www.amchambaq.com\/es_co\/comites\/","title":{"rendered":"Comit\u00e9s"},"content":{"rendered":"<div class=\"wpb-content-wrapper\"><div class=\"vc_row wpb_row vc_row-fluid\"><div class=\"wpb_column vc_column_container vc_col-sm-12\"><div class=\"vc_column-inner \"><div class=\"wpb_wrapper\"><div class=\"vc_custom_heading text_align_center\" ><h2 style=\"text-align: center\" class=\"consulting-custom-title\">Espacios de interacci\u00f3n y participaci\u00f3n para los afiliados, agrupados por \u00e1reas de inter\u00e9s.<\/h2><\/div>\n\t<div class=\"wpb_text_column wpb_content_element\" >\n\t\t<div class=\"wpb_wrapper\">\n\t\t\t<p class=\"p1\" style=\"font-size: 20px; text-align: center;\">Comparte experiencias, informaci\u00f3n estrat\u00e9gica y actual\u00edzate en temas relevantes para tus actividades.<\/p>\n\n\t\t<\/div>\n\t<\/div>\n<div class=\"vc_empty_space\"   style=\"height: 32px\"><span class=\"vc_empty_space_inner\"><\/span><\/div><div class=\"vc_btn3-container vc_btn3-center vc_do_btn\" ><a class=\"vc_general vc_btn3 vc_btn3-size-lg vc_btn3-shape-square vc_btn3-style-flat vc_btn3-icon-left vc_btn3-color-theme_style_1\" href=\"https:\/\/docs.google.com\/forms\/d\/e\/1FAIpQLSfo1192kcZYtJ3UmQRtaon4f1Ks6Z4Upnqtan6U-KIbCQ8baQ\/viewform\" title=\"\" target=\"_blank\"><i class=\"vc_btn3-icon far fa-file-alt\"><\/i> Reg\u00edstrate Aqu\u00ed<\/a><\/div><div class=\"vc_empty_space\"   style=\"height: 32px\"><span class=\"vc_empty_space_inner\"><\/span><\/div><\/div><\/div><\/div><\/div><div data-vc-full-width=\"true\" data-vc-full-width-temp=\"true\" data-vc-full-width-init=\"false\" class=\"vc_row wpb_row vc_row-fluid vc_custom_1619992260388 vc_row-has-fill\"><div class=\"wpb_column vc_column_container vc_col-sm-4\"><div class=\"vc_column-inner \"><div class=\"wpb_wrapper\"><div class=\"vc_empty_space\"   style=\"height: 32px\"><span class=\"vc_empty_space_inner\"><\/span><\/div>\n\t<div  class=\"wpb_single_image wpb_content_element vc_align_center wpb_content_element\">\n\t\t\n\t\t<figure class=\"wpb_wrapper vc_figure\">\n\t\t\t<div class=\"vc_single_image-wrapper   vc_box_border_grey\"><img loading=\"lazy\" decoding=\"async\" width=\"150\" height=\"150\" src=\"https:\/\/www.amchambaq.com\/wp-content\/uploads\/2021\/07\/LABORAL-150x150.png\" class=\"vc_single_image-img attachment-thumbnail\" alt=\"\" title=\"LABORAL\" srcset=\"https:\/\/www.amchambaq.com\/wp-content\/uploads\/2021\/07\/LABORAL-150x150.png 150w, https:\/\/www.amchambaq.com\/wp-content\/uploads\/2021\/07\/LABORAL-300x300.png 300w, https:\/\/www.amchambaq.com\/wp-content\/uploads\/2021\/07\/LABORAL-50x50.png 50w, https:\/\/www.amchambaq.com\/wp-content\/uploads\/2021\/07\/LABORAL-320x320.png 320w, https:\/\/www.amchambaq.com\/wp-content\/uploads\/2021\/07\/LABORAL-100x100.png 100w, https:\/\/www.amchambaq.com\/wp-content\/uploads\/2021\/07\/LABORAL.png 500w\" sizes=\"auto, (max-width: 150px) 100vw, 150px\" \/><\/div>\n\t\t<\/figure>\n\t<\/div>\n<div class=\"vc_custom_heading vc_custom_1620016946197 text_align_center\" ><h6 style=\"text-align: center\" class=\"consulting-custom-title\">Laboral y Talento Humano<\/h6><\/div>\n\t<div class=\"wpb_text_column wpb_content_element\" >\n\t\t<div class=\"wpb_wrapper\">\n\t\t\t<p style=\"text-align: center;\">An\u00e1lisis\u00a0de la Ley Laboral y las nuevas implicaciones en la gesti\u00f3n humana de las empresas con espacios para consultas y sugerencias.<\/p>\n\n\t\t<\/div>\n\t<\/div>\n<\/div><\/div><\/div><div class=\"wpb_column vc_column_container vc_col-sm-4\"><div class=\"vc_column-inner \"><div class=\"wpb_wrapper\"><div class=\"vc_empty_space\"   style=\"height: 32px\"><span class=\"vc_empty_space_inner\"><\/span><\/div>\n\t<div  class=\"wpb_single_image wpb_content_element vc_align_center wpb_content_element\">\n\t\t\n\t\t<figure class=\"wpb_wrapper vc_figure\">\n\t\t\t<div class=\"vc_single_image-wrapper   vc_box_border_grey\"><img loading=\"lazy\" decoding=\"async\" width=\"150\" height=\"150\" src=\"https:\/\/www.amchambaq.com\/wp-content\/uploads\/2021\/07\/COMERCIO-EXTERIOR-150x150.png\" class=\"vc_single_image-img attachment-thumbnail\" alt=\"\" title=\"COMERCIO EXTERIOR\" srcset=\"https:\/\/www.amchambaq.com\/wp-content\/uploads\/2021\/07\/COMERCIO-EXTERIOR-150x150.png 150w, https:\/\/www.amchambaq.com\/wp-content\/uploads\/2021\/07\/COMERCIO-EXTERIOR-300x300.png 300w, https:\/\/www.amchambaq.com\/wp-content\/uploads\/2021\/07\/COMERCIO-EXTERIOR-50x50.png 50w, https:\/\/www.amchambaq.com\/wp-content\/uploads\/2021\/07\/COMERCIO-EXTERIOR-320x320.png 320w, https:\/\/www.amchambaq.com\/wp-content\/uploads\/2021\/07\/COMERCIO-EXTERIOR-100x100.png 100w, https:\/\/www.amchambaq.com\/wp-content\/uploads\/2021\/07\/COMERCIO-EXTERIOR.png 500w\" sizes=\"auto, (max-width: 150px) 100vw, 150px\" \/><\/div>\n\t\t<\/figure>\n\t<\/div>\n<div class=\"vc_custom_heading vc_custom_1620017152324 text_align_center\" ><h6 style=\"text-align: center\" class=\"consulting-custom-title\">Comercio Exterior<\/h6><\/div>\n\t<div class=\"wpb_text_column wpb_content_element\" >\n\t\t<div class=\"wpb_wrapper\">\n\t\t\t<p style=\"text-align: center;\">A trav\u00e9s de foros abiertos, se abordan temas de comercio bilateral, intercambio de informaci\u00f3n, competitividad, ideas locales y conexiones internacionales, y la inversi\u00f3n.<\/p>\n\n\t\t<\/div>\n\t<\/div>\n<\/div><\/div><\/div><div class=\"wpb_column vc_column_container vc_col-sm-4\"><div class=\"vc_column-inner \"><div class=\"wpb_wrapper\"><div class=\"vc_empty_space\"   style=\"height: 32px\"><span class=\"vc_empty_space_inner\"><\/span><\/div>\n\t<div  class=\"wpb_single_image wpb_content_element vc_align_center wpb_content_element\">\n\t\t\n\t\t<figure class=\"wpb_wrapper vc_figure\">\n\t\t\t<div class=\"vc_single_image-wrapper   vc_box_border_grey\"><img loading=\"lazy\" decoding=\"async\" width=\"150\" height=\"150\" src=\"https:\/\/www.amchambaq.com\/wp-content\/uploads\/2021\/07\/TRIBUTARIO-150x150.png\" class=\"vc_single_image-img attachment-thumbnail\" alt=\"\" title=\"TRIBUTARIO\" srcset=\"https:\/\/www.amchambaq.com\/wp-content\/uploads\/2021\/07\/TRIBUTARIO-150x150.png 150w, https:\/\/www.amchambaq.com\/wp-content\/uploads\/2021\/07\/TRIBUTARIO-300x300.png 300w, https:\/\/www.amchambaq.com\/wp-content\/uploads\/2021\/07\/TRIBUTARIO-50x50.png 50w, https:\/\/www.amchambaq.com\/wp-content\/uploads\/2021\/07\/TRIBUTARIO-320x320.png 320w, https:\/\/www.amchambaq.com\/wp-content\/uploads\/2021\/07\/TRIBUTARIO-100x100.png 100w, https:\/\/www.amchambaq.com\/wp-content\/uploads\/2021\/07\/TRIBUTARIO.png 500w\" sizes=\"auto, (max-width: 150px) 100vw, 150px\" \/><\/div>\n\t\t<\/figure>\n\t<\/div>\n<div class=\"vc_custom_heading vc_custom_1621381646846 text_align_center\" ><h6 style=\"text-align: center\" class=\"consulting-custom-title\">Tributario<\/h6><\/div>\n\t<div class=\"wpb_text_column wpb_content_element\" >\n\t\t<div class=\"wpb_wrapper\">\n\t\t\t<p style=\"text-align: center;\">Con invitados especialistas, se comparten temas claves en la legislaci\u00f3n fiscal y su impacto. Los temas se escogen de acuerdo con las regulaciones del gobierno nacional o por solicitudes de las empresas participantes.<\/p>\n\n\t\t<\/div>\n\t<\/div>\n<\/div><\/div><\/div><\/div><div class=\"vc_row-full-width vc_clearfix\"><\/div><div data-vc-full-width=\"true\" data-vc-full-width-temp=\"true\" data-vc-full-width-init=\"false\" class=\"vc_row wpb_row vc_row-fluid vc_custom_1619992260388 vc_row-has-fill\"><div class=\"wpb_column vc_column_container vc_col-sm-4\"><div class=\"vc_column-inner \"><div class=\"wpb_wrapper\"><div class=\"vc_empty_space\"   style=\"height: 32px\"><span class=\"vc_empty_space_inner\"><\/span><\/div>\n\t<div  class=\"wpb_single_image wpb_content_element vc_align_center wpb_content_element\">\n\t\t\n\t\t<figure class=\"wpb_wrapper vc_figure\">\n\t\t\t<div class=\"vc_single_image-wrapper   vc_box_border_grey\"><img loading=\"lazy\" decoding=\"async\" width=\"150\" height=\"150\" src=\"https:\/\/www.amchambaq.com\/wp-content\/uploads\/2021\/07\/MEDIO-AMBIENTE-150x150.png\" class=\"vc_single_image-img attachment-thumbnail\" alt=\"\" title=\"MEDIO AMBIENTE\" srcset=\"https:\/\/www.amchambaq.com\/wp-content\/uploads\/2021\/07\/MEDIO-AMBIENTE-150x150.png 150w, https:\/\/www.amchambaq.com\/wp-content\/uploads\/2021\/07\/MEDIO-AMBIENTE-300x300.png 300w, https:\/\/www.amchambaq.com\/wp-content\/uploads\/2021\/07\/MEDIO-AMBIENTE-50x50.png 50w, https:\/\/www.amchambaq.com\/wp-content\/uploads\/2021\/07\/MEDIO-AMBIENTE-320x320.png 320w, https:\/\/www.amchambaq.com\/wp-content\/uploads\/2021\/07\/MEDIO-AMBIENTE-100x100.png 100w, https:\/\/www.amchambaq.com\/wp-content\/uploads\/2021\/07\/MEDIO-AMBIENTE.png 500w\" sizes=\"auto, (max-width: 150px) 100vw, 150px\" \/><\/div>\n\t\t<\/figure>\n\t<\/div>\n<div class=\"vc_custom_heading vc_custom_1620017522410 text_align_center\" ><h6 style=\"text-align: center\" class=\"consulting-custom-title\">Medio Ambiente<\/h6><\/div>\n\t<div class=\"wpb_text_column wpb_content_element\" >\n\t\t<div class=\"wpb_wrapper\">\n\t\t\t<p style=\"text-align: center;\">Se analizan las \u00faltimas leyes medio ambientales y se debate sobre la importancia del cumplimiento de las normas medioambientales en las empresas.<\/p>\n\n\t\t<\/div>\n\t<\/div>\n<div class=\"vc_empty_space\"   style=\"height: 32px\"><span class=\"vc_empty_space_inner\"><\/span><\/div><\/div><\/div><\/div><div class=\"wpb_column vc_column_container vc_col-sm-4\"><div class=\"vc_column-inner \"><div class=\"wpb_wrapper\"><div class=\"vc_empty_space\"   style=\"height: 32px\"><span class=\"vc_empty_space_inner\"><\/span><\/div>\n\t<div  class=\"wpb_single_image wpb_content_element vc_align_center wpb_content_element\">\n\t\t\n\t\t<figure class=\"wpb_wrapper vc_figure\">\n\t\t\t<div class=\"vc_single_image-wrapper   vc_box_border_grey\"><img loading=\"lazy\" decoding=\"async\" width=\"150\" height=\"150\" src=\"https:\/\/www.amchambaq.com\/wp-content\/uploads\/2021\/07\/P-INTELECTUAL-150x150.png\" class=\"vc_single_image-img attachment-thumbnail\" alt=\"\" title=\"P INTELECTUAL\" srcset=\"https:\/\/www.amchambaq.com\/wp-content\/uploads\/2021\/07\/P-INTELECTUAL-150x150.png 150w, https:\/\/www.amchambaq.com\/wp-content\/uploads\/2021\/07\/P-INTELECTUAL-300x300.png 300w, https:\/\/www.amchambaq.com\/wp-content\/uploads\/2021\/07\/P-INTELECTUAL-50x50.png 50w, https:\/\/www.amchambaq.com\/wp-content\/uploads\/2021\/07\/P-INTELECTUAL-320x320.png 320w, https:\/\/www.amchambaq.com\/wp-content\/uploads\/2021\/07\/P-INTELECTUAL-100x100.png 100w, https:\/\/www.amchambaq.com\/wp-content\/uploads\/2021\/07\/P-INTELECTUAL.png 500w\" sizes=\"auto, (max-width: 150px) 100vw, 150px\" \/><\/div>\n\t\t<\/figure>\n\t<\/div>\n<div class=\"vc_custom_heading vc_custom_1620017644501 text_align_center\" ><h6 style=\"text-align: center\" class=\"consulting-custom-title\">Propiedad Intelectual<\/h6><\/div>\n\t<div class=\"wpb_text_column wpb_content_element\" >\n\t\t<div class=\"wpb_wrapper\">\n\t\t\t<p style=\"text-align: center;\">Informa y promueve la importancia del respeto a la propiedad intelectual y la aplicacio\u0301n en los negocios.<\/p>\n\n\t\t<\/div>\n\t<\/div>\n<div class=\"vc_empty_space\"   style=\"height: 32px\"><span class=\"vc_empty_space_inner\"><\/span><\/div><\/div><\/div><\/div><div class=\"wpb_column vc_column_container vc_col-sm-4\"><div class=\"vc_column-inner \"><div class=\"wpb_wrapper\"><div class=\"vc_empty_space\"   style=\"height: 32px\"><span class=\"vc_empty_space_inner\"><\/span><\/div>\n\t<div  class=\"wpb_single_image wpb_content_element vc_align_center wpb_content_element\">\n\t\t\n\t\t<figure class=\"wpb_wrapper vc_figure\">\n\t\t\t<div class=\"vc_single_image-wrapper   vc_box_border_grey\"><img loading=\"lazy\" decoding=\"async\" width=\"150\" height=\"150\" src=\"https:\/\/www.amchambaq.com\/wp-content\/uploads\/2021\/07\/SEGURIDAD-150x150.png\" class=\"vc_single_image-img attachment-thumbnail\" alt=\"\" title=\"SEGURIDAD\" srcset=\"https:\/\/www.amchambaq.com\/wp-content\/uploads\/2021\/07\/SEGURIDAD-150x150.png 150w, https:\/\/www.amchambaq.com\/wp-content\/uploads\/2021\/07\/SEGURIDAD-300x300.png 300w, https:\/\/www.amchambaq.com\/wp-content\/uploads\/2021\/07\/SEGURIDAD-50x50.png 50w, https:\/\/www.amchambaq.com\/wp-content\/uploads\/2021\/07\/SEGURIDAD-320x320.png 320w, https:\/\/www.amchambaq.com\/wp-content\/uploads\/2021\/07\/SEGURIDAD-100x100.png 100w, https:\/\/www.amchambaq.com\/wp-content\/uploads\/2021\/07\/SEGURIDAD.png 500w\" sizes=\"auto, (max-width: 150px) 100vw, 150px\" \/><\/div>\n\t\t<\/figure>\n\t<\/div>\n<div class=\"vc_custom_heading vc_custom_1626462500810 text_align_center\" ><h6 style=\"text-align: center\" class=\"consulting-custom-title\">Seguridad y Gesti\u00f3n del Riesgo<\/h6><\/div>\n\t<div class=\"wpb_text_column wpb_content_element\" >\n\t\t<div class=\"wpb_wrapper\">\n\t\t\t<p style=\"text-align: center;\">Promovemos las mejores pr\u00e1cticas de seguridad para potencializar la eficiencia en los negocios, la comunicaci\u00f3n entre las compa\u00f1\u00edas y diferentes organizaciones del Gobierno de Estados Unidos.<\/p>\n\n\t\t<\/div>\n\t<\/div>\n<div class=\"vc_empty_space\"   style=\"height: 32px\"><span class=\"vc_empty_space_inner\"><\/span><\/div><\/div><\/div><\/div><\/div><div class=\"vc_row-full-width vc_clearfix\"><\/div><div class=\"vc_row wpb_row vc_row-fluid\"><div class=\"wpb_column vc_column_container vc_col-sm-12\"><div class=\"vc_column-inner \"><div class=\"wpb_wrapper\"><div class=\"vc_empty_space\"   style=\"height: 32px\"><span class=\"vc_empty_space_inner\"><\/span><\/div><\/div><\/div><\/div><\/div><div class=\"vc_row wpb_row vc_row-fluid\"><div class=\"wpb_column vc_column_container vc_col-sm-8\"><div class=\"vc_column-inner vc_custom_1620240877087\"><div class=\"wpb_wrapper\"><div class=\"vc_custom_heading text_align_left\" ><h6 style=\"text-align: left\" class=\"consulting-custom-title\">Formulario de Contacto<\/h6><\/div>\n<div class=\"wpcf7 no-js\" id=\"wpcf7-f7044-o1\" lang=\"en-US\" dir=\"ltr\" data-wpcf7-id=\"7044\">\n<div class=\"screen-reader-response\"><p role=\"status\" aria-live=\"polite\" aria-atomic=\"true\"><\/p> <ul><\/ul><\/div>\n<form action=\"\/es_co\/wp-json\/wp\/v2\/pages\/7025#wpcf7-f7044-o1\" method=\"post\" class=\"wpcf7-form init\" aria-label=\"Contact form\" novalidate=\"novalidate\" data-status=\"init\">\n<fieldset class=\"hidden-fields-container\"><input type=\"hidden\" name=\"_wpcf7\" value=\"7044\" \/><input type=\"hidden\" name=\"_wpcf7_version\" value=\"6.1.5\" \/><input type=\"hidden\" name=\"_wpcf7_locale\" value=\"en_US\" \/><input type=\"hidden\" name=\"_wpcf7_unit_tag\" value=\"wpcf7-f7044-o1\" \/><input type=\"hidden\" name=\"_wpcf7_container_post\" value=\"0\" \/><input type=\"hidden\" name=\"_wpcf7_posted_data_hash\" value=\"\" \/><input type=\"hidden\" name=\"_wpcf7_recaptcha_response\" value=\"\" \/>\n<\/fieldset>\n<div class=\"request_callback\">\n\t<div class=\"row\">\n\t\t<div class=\"col-lg-6 col-md-6 col-sm-6 col-xs-12\">\n\t\t\t<div class=\"input-group\">\n\t\t\t\t<p><span class=\"wpcf7-form-control-wrap\" data-name=\"text-name\"><input size=\"40\" maxlength=\"400\" class=\"wpcf7-form-control wpcf7-text wpcf7-validates-as-required\" aria-required=\"true\" aria-invalid=\"false\" placeholder=\"Nombre\/Empresa *\" value=\"\" type=\"text\" name=\"text-name\" \/><\/span>\n\t\t\t\t<\/p>\n\t\t\t<\/div>\n\t\t\t<div class=\"input-group\">\n\t\t\t\t<p><span class=\"wpcf7-form-control-wrap\" data-name=\"email\"><input size=\"40\" maxlength=\"400\" class=\"wpcf7-form-control wpcf7-email wpcf7-validates-as-required wpcf7-text wpcf7-validates-as-email\" aria-required=\"true\" aria-invalid=\"false\" placeholder=\"E-mail *\" value=\"\" type=\"email\" name=\"email\" \/><\/span>\n\t\t\t\t<\/p>\n\t\t\t<\/div>\n\t\t\t<div class=\"input-group\">\n\t\t\t\t<p><span class=\"wpcf7-form-control-wrap\" data-name=\"subject\"><input size=\"40\" maxlength=\"400\" class=\"wpcf7-form-control wpcf7-text wpcf7-validates-as-required\" aria-required=\"true\" aria-invalid=\"false\" placeholder=\"Telefono *\" value=\"\" type=\"text\" name=\"subject\" \/><\/span>\n\t\t\t\t<\/p>\n\t\t\t<\/div>\n\t\t<\/div>\n\t\t<div class=\"col-lg-6 col-md-6 col-sm-6 col-xs-12\">\n\t\t\t<div class=\"input-group\">\n\t\t\t\t<p><span class=\"wpcf7-form-control-wrap\" data-name=\"message\"><textarea cols=\"40\" rows=\"10\" maxlength=\"2000\" class=\"wpcf7-form-control wpcf7-textarea wpcf7-validates-as-required\" aria-required=\"true\" aria-invalid=\"false\" placeholder=\"Mensaje *\" name=\"message\"><\/textarea><\/span>\n\t\t\t\t<\/p>\n\t\t\t<\/div>\n\t\t\t<div class=\"input-group\">\n\t\t\t\t<p><button type=\"submit\" class=\"button size-lg icon_right\">Enviar <i class=\"fa fa-chevron-right\"><\/i><\/button>\n\t\t\t\t<\/p>\n\t\t\t<\/div>\n\t\t<\/div>\n\t<\/div>\n<\/div><div class=\"wpcf7-response-output\" aria-hidden=\"true\"><\/div>\n<\/form>\n<\/div>\n<div class=\"stm-spacing\" id=\"stm-spacing-69d589f56abe3\"><\/div>\n<script>\n    (function($){\n        \"use strict\";\n        var spacingID = 'stm-spacing-69d589f56abe3',\n            lgSpacing = '90',\n            mdSpacing = '80',\n            smSpacing = '70',\n            xsSpacing = '60';\n\n        function stmSpacing() {\n            if ( window.matchMedia(\"(min-width: 1200px)\").matches && lgSpacing ) {\n                $( '#' + spacingID ).css ( \"height\", lgSpacing );\n            } else if ( window.matchMedia(\"(max-width: 1199px) and (min-width: 992px )\").matches && mdSpacing ) {\n                $( '#' + spacingID ).css ( \"height\", mdSpacing );\n            } else if ( window.matchMedia(\"(max-width: 991px) and (min-width: 768px )\").matches && smSpacing ) {\n                $( '#' + spacingID ).css ( \"height\", smSpacing );\n            } else if ( window.matchMedia(\"(max-width: 767px)\").matches && xsSpacing ) {\n                $( '#' + spacingID ).css ( \"height\", xsSpacing );\n            } else {\n                $( '#' + spacingID ).css ( \"height\", \"\" );\n            }\n        }\n\n        $(document).ready(function() {\n            stmSpacing();\n        });\n\n        $(window).resize(function() {\n            stmSpacing();\n        });\n\n    })(jQuery);\n<\/script><\/div><\/div><\/div><div class=\"wpb_column vc_column_container vc_col-sm-4\"><div class=\"vc_column-inner \"><div class=\"wpb_wrapper\"><div class=\"vc_empty_space\"   style=\"height: 32px\"><span class=\"vc_empty_space_inner\"><\/span><\/div><div class=\"vc_empty_space\"   style=\"height: 50px\"><span class=\"vc_empty_space_inner\"><\/span><\/div>\n<div class=\"stm_contacts_widget  style_4\">\n    \n    \n    \n        <ul>\n                            <li>\n                    <div class=\"icon\"><i class=\"fa fa-map-marker\"><\/i><\/div>\n                    <div class=\"text\">Calle 76 No. 54 - 11 Oficina 707, Barranquilla - Colombia<\/div>\n                <\/li>\n                                        <li>\n                    <div class=\"icon\"><i class=\"fa fa-phone\"><\/i><\/div>\n                    <div class=\"text\">\n                        (57 5) 360 6710 ext. 103                                            <\/div>\n                <\/li>\n                                                    <li>\n                    <div class=\"icon\"><i class=\"fa fa-envelope\"><\/i><\/div>\n                    <div class=\"text\"><a href=\"mailto:&#116;r&#97;d&#101;c&#101;nt&#101;r&#64;&#97;&#109;&#99;&#104;amba&#113;.com\">t&#114;&#97;&#100;e&#99;&#101;nt&#101;&#114;&#64;a&#109;&#99;&#104;&#97;m&#98;&#97;q.com<\/a><\/div>\n                <\/li>\n                                <\/ul>\n        \n    \n<\/div><\/div><\/div><\/div><\/div>\n<\/div>","protected":false},"excerpt":{"rendered":"Espacios de interacci\u00f3n y participaci\u00f3n para los afiliados, agrupados por \u00e1reas de inter\u00e9s. Comparte experiencias, informaci\u00f3n estrat\u00e9gica y actual\u00edzate en temas relevantes para tus actividades. Reg\u00edstrate Aqu\u00ed Laboral y Talento Humano An\u00e1lisis\u00a0de la Ley Laboral y las nuevas implicaciones en la gesti\u00f3n humana de las empresas con espacios para consultas y sugerencias. Comercio Exterior A","protected":false},"author":1,"featured_media":0,"parent":0,"menu_order":0,"comment_status":"closed","ping_status":"closed","template":"","meta":{"footnotes":""},"class_list":["post-7025","page","type-page","status-publish","hentry"],"_links":{"self":[{"href":"https:\/\/www.amchambaq.com\/es_co\/wp-json\/wp\/v2\/pages\/7025","targetHints":{"allow":["GET"]}}],"collection":[{"href":"https:\/\/www.amchambaq.com\/es_co\/wp-json\/wp\/v2\/pages"}],"about":[{"href":"https:\/\/www.amchambaq.com\/es_co\/wp-json\/wp\/v2\/types\/page"}],"author":[{"embeddable":true,"href":"https:\/\/www.amchambaq.com\/es_co\/wp-json\/wp\/v2\/users\/1"}],"replies":[{"embeddable":true,"href":"https:\/\/www.amchambaq.com\/es_co\/wp-json\/wp\/v2\/comments?post=7025"}],"version-history":[{"count":26,"href":"https:\/\/www.amchambaq.com\/es_co\/wp-json\/wp\/v2\/pages\/7025\/revisions"}],"predecessor-version":[{"id":7752,"href":"https:\/\/www.amchambaq.com\/es_co\/wp-json\/wp\/v2\/pages\/7025\/revisions\/7752"}],"wp:attachment":[{"href":"https:\/\/www.amchambaq.com\/es_co\/wp-json\/wp\/v2\/media?parent=7025"}],"curies":[{"name":"wp","href":"https:\/\/api.w.org\/{rel}","templated":true}]}}