{"id":6297,"date":"2019-11-27T12:49:48","date_gmt":"2019-11-27T12:49:48","guid":{"rendered":"http:\/\/consulting.stylemixthemes.com\/demo\/?page_id=6297"},"modified":"2021-10-19T15:04:47","modified_gmt":"2021-10-19T20:04:47","slug":"noticias","status":"publish","type":"page","link":"https:\/\/www.amchambaq.com\/es_co\/noticias\/","title":{"rendered":"Noticias"},"content":{"rendered":"<div class=\"wpb-content-wrapper\"><div class=\"vc_row wpb_row vc_row-fluid\"><div class=\"wpb_column vc_column_container vc_col-sm-12\"><div class=\"vc_column-inner \"><div class=\"wpb_wrapper\"><div class=\"vc_empty_space\"   style=\"height: 32px\"><span class=\"vc_empty_space_inner\"><\/span><\/div>\n\n    <div class=\"stm_news \">\n        <ul class=\"news_list posts_per_row_4\">\n\n                                                <li>\n                        <div class=\"post_inner\">\n                                                                                                                                        <div class=\"image\">\n                                            <a href=\"https:\/\/www.amchambaq.com\/es_co\/alertan-por-visa-de-trabajo-que-supuestamente-estaria-entregando-la-embajada-de-estados-unidos-en-bogota\/\">\n                                                <img loading=\"lazy\" decoding=\"async\" width=\"271\" height=\"186\" src=\"https:\/\/www.amchambaq.com\/wp-content\/uploads\/2026\/05\/visa-americana.jpg\" class=\"attachment-consulting-image-350x250-croped\" alt=\"\" title=\"visa americana\" srcset=\"https:\/\/www.amchambaq.com\/wp-content\/uploads\/2026\/05\/visa-americana.jpg 271w, https:\/\/www.amchambaq.com\/wp-content\/uploads\/2026\/05\/visa-americana-18x12.jpg 18w\" sizes=\"auto, (max-width: 271px) 100vw, 271px\" \/>                                            <\/a>\n                                        <\/div>\n                                                                                                                                        <div class=\"stm_news_unit-block\">\n                                        <h5 class=\"no_stripe\"><a\n                                                    href=\"https:\/\/www.amchambaq.com\/es_co\/alertan-por-visa-de-trabajo-que-supuestamente-estaria-entregando-la-embajada-de-estados-unidos-en-bogota\/\">Alertan por &#8216;visa de trabajo &#8216; que supuestamente estar\u00eda entregando la embajada de Estados Unidos en Bogot\u00e1<\/a>\n                                        <\/h5>\n\n                                                                                    <div class=\"stm_the_excerpt\">\n                                                <p>La Embajada de Estados Unidos en Bogot\u00e1 emiti\u00f3 una alerta por una supuesta \u201cvisa de trabajo virtual\u201d\u00a0que est\u00e1 circulando en redes sociales. Seg\u00fan la autoridad diplom\u00e1tica, se trata de un enga\u00f1o dirigido a personas interesadas en migrar o laborar en ese pa\u00eds. De acuerdo con la advertencia,\u00a0esta falsa propuesta se difunde principalmente a trav\u00e9s de<\/p>\n                                            <\/div>\n                                                                                                                            <div class=\"date\">\n                                                                                                    <span class=\"the_date\">mayo 4, 2026<\/span>\n                                                                                                                                                <a href=\"https:\/\/www.amchambaq.com\/es_co\/alertan-por-visa-de-trabajo-que-supuestamente-estaria-entregando-la-embajada-de-estados-unidos-en-bogota\/\"\n                                                   class=\"button size-lg hidden\">Read more<\/a>\n                                            <\/div>\n                                                                            <\/div>\n                                                                                    <\/div>\n                    <\/li>\n                                                    <li>\n                        <div class=\"post_inner\">\n                                                                                                                                        <div class=\"image\">\n                                            <a href=\"https:\/\/www.amchambaq.com\/es_co\/avianca-confirmo-que-la-ruta-barranquilla-miami-pasara-de-tres-frecuencias-semanales-a-una-diaria\/\">\n                                                <img loading=\"lazy\" decoding=\"async\" width=\"350\" height=\"250\" src=\"https:\/\/www.amchambaq.com\/wp-content\/uploads\/2026\/05\/avianca-8-350x250.jpg\" class=\"attachment-consulting-image-350x250-croped\" alt=\"\" title=\"avianca-8\" srcset=\"https:\/\/www.amchambaq.com\/wp-content\/uploads\/2026\/05\/avianca-8-350x250.jpg 350w, https:\/\/www.amchambaq.com\/wp-content\/uploads\/2026\/05\/avianca-8-18x12.jpg 18w, https:\/\/www.amchambaq.com\/wp-content\/uploads\/2026\/05\/avianca-8-255x182.jpg 255w, https:\/\/www.amchambaq.com\/wp-content\/uploads\/2026\/05\/avianca-8-900x640.jpg 900w\" sizes=\"auto, (max-width: 350px) 100vw, 350px\" \/>                                            <\/a>\n                                        <\/div>\n                                                                                                                                        <div class=\"stm_news_unit-block\">\n                                        <h5 class=\"no_stripe\"><a\n                                                    href=\"https:\/\/www.amchambaq.com\/es_co\/avianca-confirmo-que-la-ruta-barranquilla-miami-pasara-de-tres-frecuencias-semanales-a-una-diaria\/\">Avianca confirm\u00f3 que la ruta Barranquilla-Miami pasar\u00e1 de tres frecuencias semanales a una diaria<\/a>\n                                        <\/h5>\n\n                                                                                    <div class=\"stm_the_excerpt\">\n                                                <p>La aerol\u00ednea Avianca anunci\u00f3 su intenci\u00f3n de robustecer la conectividad entre Estados Unidos y el resto del continente, mediante el aumento de frecuencias y la consolidaci\u00f3n de rutas estrat\u00e9gicas. En ese sentido, dentro del plan de expansi\u00f3n se encuentra la ruta Barranquilla-Miami, que pasar\u00eda de tres frecuencias semanales a una operaci\u00f3n diaria (un vuelo todos<\/p>\n                                            <\/div>\n                                                                                                                            <div class=\"date\">\n                                                                                                    <span class=\"the_date\">mayo 4, 2026<\/span>\n                                                                                                                                                <a href=\"https:\/\/www.amchambaq.com\/es_co\/avianca-confirmo-que-la-ruta-barranquilla-miami-pasara-de-tres-frecuencias-semanales-a-una-diaria\/\"\n                                                   class=\"button size-lg hidden\">Read more<\/a>\n                                            <\/div>\n                                                                            <\/div>\n                                                                                    <\/div>\n                    <\/li>\n                                                    <li>\n                        <div class=\"post_inner\">\n                                                                                                                                        <div class=\"image\">\n                                            <a href=\"https:\/\/www.amchambaq.com\/es_co\/60-lideres-llegan-a-uninorte-este-30-de-abril\/\">\n                                                <img loading=\"lazy\" decoding=\"async\" width=\"350\" height=\"250\" src=\"https:\/\/www.amchambaq.com\/wp-content\/uploads\/2026\/04\/60-lideres-uninorte-350x250.png\" class=\"attachment-consulting-image-350x250-croped\" alt=\"\" title=\"60 lideres uninorte\" srcset=\"https:\/\/www.amchambaq.com\/wp-content\/uploads\/2026\/04\/60-lideres-uninorte-350x250.png 350w, https:\/\/www.amchambaq.com\/wp-content\/uploads\/2026\/04\/60-lideres-uninorte-255x182.png 255w, https:\/\/www.amchambaq.com\/wp-content\/uploads\/2026\/04\/60-lideres-uninorte-900x640.png 900w\" sizes=\"auto, (max-width: 350px) 100vw, 350px\" \/>                                            <\/a>\n                                        <\/div>\n                                                                                                                                        <div class=\"stm_news_unit-block\">\n                                        <h5 class=\"no_stripe\"><a\n                                                    href=\"https:\/\/www.amchambaq.com\/es_co\/60-lideres-llegan-a-uninorte-este-30-de-abril\/\">60 l\u00edderes llegan a Uninorte este 30 de abril<\/a>\n                                        <\/h5>\n\n                                                                                    <div class=\"stm_the_excerpt\">\n                                                <p>En\u00a0uno de los eventos conmemorativos de los 60 a\u00f1os de fundaci\u00f3n de la Universidad del Norte,\u00a060 l\u00edderes\u00a0de distintas edades, sectores y procedencias se toman el\u00a0jueves 30 de abril\u00a0las clases regulares de pregrado para compartir con los nuevos talentos c\u00f3mo impactar la sociedad. Un espacio donde la teor\u00eda se encuentra con la pr\u00e1ctica, las ideas se<\/p>\n                                            <\/div>\n                                                                                                                            <div class=\"date\">\n                                                                                                    <span class=\"the_date\">abril 29, 2026<\/span>\n                                                                                                                                                <a href=\"https:\/\/www.amchambaq.com\/es_co\/60-lideres-llegan-a-uninorte-este-30-de-abril\/\"\n                                                   class=\"button size-lg hidden\">Read more<\/a>\n                                            <\/div>\n                                                                            <\/div>\n                                                                                    <\/div>\n                    <\/li>\n                                                    <li>\n                        <div class=\"post_inner\">\n                                                                                                                                        <div class=\"image\">\n                                            <a href=\"https:\/\/www.amchambaq.com\/es_co\/indicadores-economicos-y-decision-de-la-fed-marcaran-la-agenda-de-estados-unidos-esta-semana\/\">\n                                                <img loading=\"lazy\" decoding=\"async\" width=\"350\" height=\"250\" src=\"https:\/\/www.amchambaq.com\/wp-content\/uploads\/2025\/12\/20241007-steinberg-politica-economica-eeuu-tras-las-elecciones-350x250.jpg\" class=\"attachment-consulting-image-350x250-croped\" alt=\"\" title=\"20241007-steinberg-politica-economica-eeuu-tras-las-elecciones\" srcset=\"https:\/\/www.amchambaq.com\/wp-content\/uploads\/2025\/12\/20241007-steinberg-politica-economica-eeuu-tras-las-elecciones-350x250.jpg 350w, https:\/\/www.amchambaq.com\/wp-content\/uploads\/2025\/12\/20241007-steinberg-politica-economica-eeuu-tras-las-elecciones-255x182.jpg 255w, https:\/\/www.amchambaq.com\/wp-content\/uploads\/2025\/12\/20241007-steinberg-politica-economica-eeuu-tras-las-elecciones-900x640.jpg 900w\" sizes=\"auto, (max-width: 350px) 100vw, 350px\" \/>                                            <\/a>\n                                        <\/div>\n                                                                                                                                        <div class=\"stm_news_unit-block\">\n                                        <h5 class=\"no_stripe\"><a\n                                                    href=\"https:\/\/www.amchambaq.com\/es_co\/indicadores-economicos-y-decision-de-la-fed-marcaran-la-agenda-de-estados-unidos-esta-semana\/\">Indicadores econ\u00f3micos y decisi\u00f3n de la FED marcar\u00e1n la agenda de Estados Unidos esta semana<\/a>\n                                        <\/h5>\n\n                                                                                    <div class=\"stm_the_excerpt\">\n                                                <p>El pr\u00f3ximo martes, The Conference Board publicar\u00e1 el \u00edndice de confianza del consumidor correspondiente a abril, un indicador clave para evaluar la solidez del consumo privado al inicio del segundo trimestre de 2026. El dato ser\u00e1 particularmente relevante en un momento en el que persisten presiones inflacionarias asociadas a choques de oferta \u2014especialmente energ\u00eda\u2014 y<\/p>\n                                            <\/div>\n                                                                                                                            <div class=\"date\">\n                                                                                                    <span class=\"the_date\">abril 29, 2026<\/span>\n                                                                                                                                                <a href=\"https:\/\/www.amchambaq.com\/es_co\/indicadores-economicos-y-decision-de-la-fed-marcaran-la-agenda-de-estados-unidos-esta-semana\/\"\n                                                   class=\"button size-lg hidden\">Read more<\/a>\n                                            <\/div>\n                                                                            <\/div>\n                                                                                    <\/div>\n                    <\/li>\n                        <\/ul>\n    <\/div>\n\n<\/div><\/div><\/div><\/div><div class=\"vc_row wpb_row vc_row-fluid\"><div class=\"wpb_column vc_column_container vc_col-sm-4\"><div class=\"vc_column-inner \"><div class=\"wpb_wrapper\"><\/div><\/div><\/div><div class=\"wpb_column vc_column_container vc_col-sm-4\"><div class=\"vc_column-inner \"><div class=\"wpb_wrapper\"><div class=\"vc_btn3-container vc_btn3-center vc_do_btn\" ><a class=\"vc_general vc_btn3 vc_btn3-size-md vc_btn3-shape-rounded vc_btn3-style-flat vc_btn3-color-theme_style_1\" href=\"https:\/\/www.amchambaq.com\/category\/noticias\/\" title=\"\">Ver m\u00e1s<\/a><\/div><\/div><\/div><\/div><div class=\"wpb_column vc_column_container vc_col-sm-4\"><div class=\"vc_column-inner \"><div class=\"wpb_wrapper\"><\/div><\/div><\/div><\/div>\n<\/div>","protected":false},"excerpt":{"rendered":"El pr\u00f3ximo martes, The Conference Board publicar\u00e1 el \u00edndice de confianza del consumidor correspondiente a abril, un indicador clave para evaluar la solidez del consumo privado al inicio del segundo trimestre de 2026. El dato ser\u00e1 particularmente relevante en un momento en el que persisten presiones inflacionarias asociadas a choques de oferta \u2014especialmente energ\u00eda\u2014 y","protected":false},"author":1,"featured_media":0,"parent":0,"menu_order":0,"comment_status":"closed","ping_status":"closed","template":"","meta":{"footnotes":""},"class_list":["post-6297","page","type-page","status-publish","hentry"],"_links":{"self":[{"href":"https:\/\/www.amchambaq.com\/es_co\/wp-json\/wp\/v2\/pages\/6297","targetHints":{"allow":["GET"]}}],"collection":[{"href":"https:\/\/www.amchambaq.com\/es_co\/wp-json\/wp\/v2\/pages"}],"about":[{"href":"https:\/\/www.amchambaq.com\/es_co\/wp-json\/wp\/v2\/types\/page"}],"author":[{"embeddable":true,"href":"https:\/\/www.amchambaq.com\/es_co\/wp-json\/wp\/v2\/users\/1"}],"replies":[{"embeddable":true,"href":"https:\/\/www.amchambaq.com\/es_co\/wp-json\/wp\/v2\/comments?post=6297"}],"version-history":[{"count":11,"href":"https:\/\/www.amchambaq.com\/es_co\/wp-json\/wp\/v2\/pages\/6297\/revisions"}],"predecessor-version":[{"id":8043,"href":"https:\/\/www.amchambaq.com\/es_co\/wp-json\/wp\/v2\/pages\/6297\/revisions\/8043"}],"wp:attachment":[{"href":"https:\/\/www.amchambaq.com\/es_co\/wp-json\/wp\/v2\/media?parent=6297"}],"curies":[{"name":"wp","href":"https:\/\/api.w.org\/{rel}","templated":true}]}}