{"id":1532,"date":"2017-02-10T07:37:15","date_gmt":"2017-02-10T07:37:15","guid":{"rendered":"http:\/\/consult.loc\/?page_id=1525"},"modified":"2017-02-10T07:37:15","modified_gmt":"2017-02-10T07:37:15","slug":"events-modern","status":"publish","type":"page","link":"https:\/\/www.amchambaq.com\/es_co\/events-modern\/","title":{"rendered":"Events Modern"},"content":{"rendered":"<div class=\"wpb-content-wrapper\"><div class=\"vc_row wpb_row vc_row-fluid vc_custom_1485926573332\"><div class=\"wpb_column vc_column_container vc_col-sm-12\"><div class=\"vc_column-inner \"><div class=\"wpb_wrapper\"><div class=\"vc_row wpb_row vc_inner vc_row-fluid\"><div class=\"wpb_column vc_column_container vc_col-sm-9\"><div class=\"vc_column-inner\"><div class=\"wpb_wrapper\"><div class=\"vc_custom_heading vc_custom_1484031782880 text_align_left\" ><h2 style=\"text-align: left;font-family:Montserrat;font-weight:700;font-style:normal\" class=\"consulting-custom-title\">Events Modern<\/h2><\/div><\/div><\/div><\/div><div class=\"wpb_column vc_column_container vc_col-sm-3\"><div class=\"vc_column-inner\"><div class=\"wpb_wrapper\"><div class=\"vc_wp_search wpb_content_element\"><aside class=\"widget widget_search\"><form method=\"get\" class=\"search-form\" action=\"https:\/\/www.amchambaq.com\/es_co\/\">\n\t<input type=\"search\" class=\"form-control\" placeholder=\"Search...\" value=\"\" name=\"s\" \/>\n\t<button type=\"submit\"><i class=\"fa fa-search\"><\/i><\/button>\n<\/form><\/aside><\/div><\/div><\/div><\/div><\/div>\n            <div class=\"stm_events_modern cols_4\">\n            <div class=\"stm_events_modern_list\">\n                                    <div class=\"item\">\n    <div class=\"item_wr\">\n        <div class=\"content\">\n            <div class=\"stm_events_modern_row\">\n                <h5><a href=\"https:\/\/www.amchambaq.com\/es_co\/events\/dia-de-accion-de-gracias\/\">D\u00eda de Acci\u00f3n de Gracias<\/a><\/h5>\n            <\/div>\n                                        <div class=\"stm_events_modern_row\">\n                    <div class=\"event__calendar\">\n                        <i class=\"fa fa-calendar\" aria-hidden=\"true\"><\/i> mayo 28, 2021                    <\/div>\n                <\/div>\n                                <\/div>\n    <\/div>\n<\/div>                                                        <div class=\"item\">\n    <div class=\"item_wr\">\n        <div class=\"content\">\n            <div class=\"stm_events_modern_row\">\n                <h5><a href=\"https:\/\/www.amchambaq.com\/es_co\/events\/congreso-de-seguridad\/\">Congreso de Seguridad<\/a><\/h5>\n            <\/div>\n                                        <div class=\"stm_events_modern_row\">\n                    <div class=\"event__calendar\">\n                        <i class=\"fa fa-calendar\" aria-hidden=\"true\"><\/i> mayo 28, 2021                    <\/div>\n                <\/div>\n                                <\/div>\n    <\/div>\n<\/div>                                                        <div class=\"item\">\n    <div class=\"item_wr\">\n        <div class=\"content\">\n            <div class=\"stm_events_modern_row\">\n                <h5><a href=\"https:\/\/www.amchambaq.com\/es_co\/events\/torneo-anual-de-golf-amcham\/\">Torneo Anual de Golf Amcham<\/a><\/h5>\n            <\/div>\n                                        <div class=\"stm_events_modern_row\">\n                    <div class=\"event__calendar\">\n                        <i class=\"fa fa-calendar\" aria-hidden=\"true\"><\/i> mayo 28, 2021                    <\/div>\n                <\/div>\n                                <\/div>\n    <\/div>\n<\/div>                                                        <div class=\"item\">\n    <div class=\"item_wr\">\n        <div class=\"content\">\n            <div class=\"stm_events_modern_row\">\n                <h5><a href=\"https:\/\/www.amchambaq.com\/es_co\/events\/asamblea-general-de-afiliados\/\">Asamblea General de Afiliados<\/a><\/h5>\n            <\/div>\n                                        <div class=\"stm_events_modern_row\">\n                    <div class=\"event__calendar\">\n                        <i class=\"fa fa-calendar\" aria-hidden=\"true\"><\/i> mayo 28, 2021                    <\/div>\n                <\/div>\n                                <\/div>\n    <\/div>\n<\/div>                                                        <div class=\"item\">\n    <div class=\"item_wr\">\n        <div class=\"content\">\n            <div class=\"stm_events_modern_row\">\n                <h5><a href=\"https:\/\/www.amchambaq.com\/es_co\/events\/errores-frecuentes-en-la-informacion-exogena-y-reduccion-de-sanciones-e-intereses-en-virtud-de-la-ley-2155-de-2021\/\">Errores frecuentes en la informaci\u00f3n ex\u00f3gena y reducci\u00f3n de sanciones e intereses en virtud de la Ley  2155 de 2021<\/a><\/h5>\n            <\/div>\n                                        <div class=\"stm_events_modern_row\">\n                    <div class=\"event__calendar\">\n                        <i class=\"fa fa-calendar\" aria-hidden=\"true\"><\/i> diciembre 2, 2021                    <\/div>\n                <\/div>\n                                        <div class=\"stm_events_modern_row\">\n                    <div class=\"event__venue\">\n                        <i class=\"fa fa-map-marker\" aria-hidden=\"true\"><\/i> Barranquilla                    <\/div>\n                <\/div>\n                    <\/div>\n    <\/div>\n<\/div>                                                        <div class=\"item\">\n    <div class=\"item_wr\">\n        <div class=\"content\">\n            <div class=\"stm_events_modern_row\">\n                <h5><a href=\"https:\/\/www.amchambaq.com\/es_co\/events\/amcham-golf-tournament-2024\/\">AmCham Golf Tournament 2024<\/a><\/h5>\n            <\/div>\n                                        <div class=\"stm_events_modern_row\">\n                    <div class=\"event__calendar\">\n                        <i class=\"fa fa-calendar\" aria-hidden=\"true\"><\/i> junio 7, 2024                    <\/div>\n                <\/div>\n                                        <div class=\"stm_events_modern_row\">\n                    <div class=\"event__venue\">\n                        <i class=\"fa fa-map-marker\" aria-hidden=\"true\"><\/i> Barranquilla                    <\/div>\n                <\/div>\n                    <\/div>\n    <\/div>\n<\/div>                                                <\/div>\n                                                            <div class=\"event_btn_loading vc_general vc_btn3 vc_btn3-size-lg vc_btn3-shape-rounded vc_btn3-style-outline vc_btn3-icon-left vc_btn3-color-theme_style_2\">loading...<\/div>\n                    <a href=\"#\" data-page=\"1\" data-load=\"6\"\n                       data-category=\"all\"\n                       data-filter=\"all\"\n                       class=\"load_more_btn vc_general vc_btn3 vc_btn3-size-lg vc_btn3-shape-rounded vc_btn3-style-outline vc_btn3-icon-left vc_btn3-color-theme_style_2\"><i\n                                class=\"fa fa-refresh vc_btn3-icon\"\n                                aria-hidden=\"true\"><\/i> load more<\/a>\n                                    <\/div>\n    <\/div><\/div><\/div><\/div><div data-vc-full-width=\"true\" data-vc-full-width-temp=\"true\" data-vc-full-width-init=\"false\" class=\"vc_row wpb_row vc_row-fluid third_bg_color vc_custom_1484890377722\"><div class=\"wpb_column vc_column_container vc_col-sm-12\"><div class=\"vc_column-inner \"><div class=\"wpb_wrapper\">\n<section class=\"vc_cta3-container\" >\n    <div class=\"vc_general vc_cta3 third_bg_color vc_cta3-style-flat vc_cta3-shape-square vc_cta3-align-left vc_cta3-color-classic vc_cta3-icon-size-md vc_cta3-actions-right style=\"\"\">\n                        <div class=\"vc_cta3_content-container\">\n                                    <div class=\"vc_cta3-content\">\n                <header class=\"vc_cta3-content-header\">\n                    <div class=\"vc_custom_heading\" ><h2 style=\"font-size: 20px;color: #002e5b;line-height: 24px\" class=\"consulting-custom-title\">Looking for a First-Class Business Plan Consultant?<\/h2><\/div>                                    <\/header>\n                            <\/div>\n                        <div class=\"vc_cta3-actions\"><div class=\"vc_btn3-container vc_btn3-right vc_do_btn\" ><button class=\"vc_general vc_btn3 vc_btn3-size-lg vc_btn3-shape-rounded vc_btn3-style-flat vc_btn3-block vc_btn3-icon-right vc_btn3-color-theme_style_2\">get a quote <i class=\"vc_btn3-icon fa fa-chevron-right\"><\/i><\/button><\/div><\/div>        <\/div>\n                    <\/div>\n<\/section><\/div><\/div><\/div><\/div><div class=\"vc_row-full-width vc_clearfix\"><\/div>\n<\/div>","protected":false},"excerpt":{"rendered":"Descripci\u00f3n del Evento La C\u00e1mara de Comercio Colombo Americana\u00a0AmCham Atl\u00e1ntico &amp; Magdalena te invita a participar en el tradicional AmCham Golf\u00a0Tournament. \u00a0Un espacio deportivo, social y de Networking que estar\u00e1 lleno de experiencias, sorpresas y muchos premios. Viernes 7 de junio,\u00a0Club Lagos de Caujaral Para m\u00e1s info: comercial@amchambaq.com- 3183381833 Inscr\u00edbete aqu\u00ed","protected":false},"author":1,"featured_media":0,"parent":0,"menu_order":0,"comment_status":"closed","ping_status":"closed","template":"","meta":{"footnotes":""},"class_list":["post-1532","page","type-page","status-publish","hentry"],"_links":{"self":[{"href":"https:\/\/www.amchambaq.com\/es_co\/wp-json\/wp\/v2\/pages\/1532","targetHints":{"allow":["GET"]}}],"collection":[{"href":"https:\/\/www.amchambaq.com\/es_co\/wp-json\/wp\/v2\/pages"}],"about":[{"href":"https:\/\/www.amchambaq.com\/es_co\/wp-json\/wp\/v2\/types\/page"}],"author":[{"embeddable":true,"href":"https:\/\/www.amchambaq.com\/es_co\/wp-json\/wp\/v2\/users\/1"}],"replies":[{"embeddable":true,"href":"https:\/\/www.amchambaq.com\/es_co\/wp-json\/wp\/v2\/comments?post=1532"}],"version-history":[{"count":0,"href":"https:\/\/www.amchambaq.com\/es_co\/wp-json\/wp\/v2\/pages\/1532\/revisions"}],"wp:attachment":[{"href":"https:\/\/www.amchambaq.com\/es_co\/wp-json\/wp\/v2\/media?parent=1532"}],"curies":[{"name":"wp","href":"https:\/\/api.w.org\/{rel}","templated":true}]}}