{"id":7127,"date":"2021-05-05T19:10:11","date_gmt":"2021-05-06T00:10:11","guid":{"rendered":"https:\/\/www.amchambaq.com\/?page_id=7127"},"modified":"2021-11-20T01:08:24","modified_gmt":"2021-11-20T06:08:24","slug":"global-entry","status":"publish","type":"page","link":"https:\/\/www.amchambaq.com\/en\/global-entry\/","title":{"rendered":"Global Entry"},"content":{"rendered":"<div class=\"wpb-content-wrapper\"><div class=\"vc_row wpb_row vc_row-fluid vc_custom_1619926935996\"><div class=\"wpb_column vc_column_container vc_col-sm-12\"><div class=\"vc_column-inner\"><div class=\"wpb_wrapper\"><div class=\"vc_custom_heading vc_custom_1620259608606 text_align_center\" ><h2 style=\"text-align: center\" class=\"consulting-custom-title\">\u00bfWhat is Global Entry?<\/h2><\/div>\n\t<div class=\"wpb_text_column wpb_content_element\" >\n\t\t<div class=\"wpb_wrapper\">\n\t\t\t<p style=\"text-align: justify;\"><span class=\"s-text-color-black\">It is a membership that allows international travelers to quickly and easily find their way through the use of automated kiosks when entering the United States.<\/span><\/p>\n\n\t\t<\/div>\n\t<\/div>\n<\/div><\/div><\/div><\/div><div data-vc-full-width=\"true\" data-vc-full-width-temp=\"true\" data-vc-full-width-init=\"false\" class=\"vc_row wpb_row vc_row-fluid about-bg-right vc_custom_1619926954483 vc_row-has-fill vc_row-o-equal-height vc_row-flex\"><div class=\"wpb_column vc_column_container vc_col-sm-6\"><div class=\"vc_column-inner vc_custom_1619927108234\"><div class=\"wpb_wrapper\"><div class=\"vc_empty_space\"   style=\"height: 32px\"><span class=\"vc_empty_space_inner\"><\/span><\/div><div class=\"vc_custom_heading vc_custom_1620259842202 text_align_left\" ><h3 style=\"text-align: left\" class=\"consulting-custom-title\">Benefits<\/h3><\/div>\n\t<div class=\"wpb_text_column wpb_content_element vc_custom_1620259744525\" >\n\t\t<div class=\"wpb_wrapper\">\n\t\t\t<p style=\"text-align: justify;\">- Automated CBP entry process.<\/p>\n<p style=\"text-align: justify;\">- Reduce waiting time.<\/p>\n<p style=\"text-align: justify;\">- No more paper customs declaration forms.<\/p>\n<p style=\"text-align: justify;\">- Access to expedited entry benefits in other countries.<\/p>\n<p style=\"text-align: justify;\">- Conveniently located in most of the main U.S. airports.<\/p>\n<p style=\"text-align: justify;\">- Eligible for pre-TSA.<\/p>\n\n\t\t<\/div>\n\t<\/div>\n<div class=\"vc_empty_space\"   style=\"height: 32px\"><span class=\"vc_empty_space_inner\"><\/span><\/div><\/div><\/div><\/div><div class=\"about_full-right_width wpb_column vc_column_container vc_col-sm-6 vc_col-has-fill\"><div class=\"vc_column-inner vc_custom_1620260560485\"><div class=\"wpb_wrapper\"><\/div><\/div><\/div><\/div><div class=\"vc_row-full-width vc_clearfix\"><\/div><div data-vc-full-width=\"true\" data-vc-full-width-temp=\"true\" data-vc-full-width-init=\"false\" class=\"vc_row wpb_row vc_row-fluid about-bg-right vc_row-o-equal-height vc_row-flex\"><div class=\"about_full-left_width wpb_column vc_column_container vc_col-sm-6 vc_col-has-fill\" data-stretch=\"left\"><div class=\"vc_column-inner vc_custom_1620260384015\"><div class=\"wpb_wrapper\"><\/div><\/div><\/div><div class=\"wpb_column vc_column_container vc_col-sm-6\"><div class=\"vc_column-inner vc_custom_1626405554207\"><div class=\"wpb_wrapper\"><div class=\"vc_empty_space\"   style=\"height: 32px\"><span class=\"vc_empty_space_inner\"><\/span><\/div><div class=\"vc_custom_heading vc_custom_1620259764458 text_align_left\" ><h3 style=\"text-align: left\" class=\"consulting-custom-title\">\u00bfHow does it work?<\/h3><\/div>\n\t<div class=\"wpb_text_column wpb_content_element\" >\n\t\t<div class=\"wpb_wrapper\">\n\t\t\t<p style=\"text-align: justify;\"><span class=\"s-text-color-black\"><strong>Global Entry<\/strong> Has a strict membership standard. Once approved, members can use the automated kiosks at most major<strong> U.S. airports<\/strong> instead of having to go through the traditional arrival proces<\/span>s.<\/p>\n\n\t\t<\/div>\n\t<\/div>\n<div class=\"vc_empty_space\"   style=\"height: 32px\"><span class=\"vc_empty_space_inner\"><\/span><\/div><\/div><\/div><\/div><\/div><div class=\"vc_row-full-width vc_clearfix\"><\/div><div data-vc-full-width=\"true\" data-vc-full-width-temp=\"true\" data-vc-full-width-init=\"false\" data-vc-parallax=\"1.5\" data-vc-parallax-o-fade=\"on\" data-vc-parallax-image=\"\" class=\"vc_row wpb_row vc_row-fluid base_bg_color vc_custom_1620248224452 vc_row-has-fill vc_general vc_parallax vc_parallax-content-moving-fade js-vc_parallax-o-fade\"><div class=\"wpb_column vc_column_container vc_col-sm-12\"><div class=\"vc_column-inner vc_custom_1619928581213\"><div class=\"wpb_wrapper\"><\/div><\/div><\/div><\/div><div class=\"vc_row-full-width vc_clearfix\"><\/div><div class=\"vc_row wpb_row vc_row-fluid vc_custom_1619926935996\"><div class=\"wpb_column vc_column_container vc_col-sm-12\"><div class=\"vc_column-inner\"><div class=\"wpb_wrapper\"><div class=\"vc_empty_space\"   style=\"height: 50px\"><span class=\"vc_empty_space_inner\"><\/span><\/div><div class=\"vc_custom_heading vc_custom_1620260738849 text_align_center\" ><h2 style=\"text-align: center\" class=\"consulting-custom-title\">Enrollment Process<\/h2><\/div><\/div><\/div><\/div><\/div><div class=\"vc_row wpb_row vc_row-fluid\"><div class=\"wpb_column vc_column_container vc_col-sm-12\"><div class=\"vc_column-inner\"><div class=\"wpb_wrapper\">\n<div class=\"company_history\">\n            <ul>\n            <li>\n\t<div class=\"year\">1<\/div>\n\t<div class=\"sep\"><\/div>\n\t<div class=\"company_history_text\">\n\t\t<h4 class=\"no_stripe\">Application<\/h4>\n\t\t<p>Visit<\/p>\n<p>www.globalentry.gov<\/p>\n<p>and complete the application.<\/p>\n\t<\/div>\n<\/li><li>\n\t<div class=\"year\">2<\/div>\n\t<div class=\"sep\"><\/div>\n\t<div class=\"company_history_text\">\n\t\t<h4 class=\"no_stripe\">Interview<\/h4>\n\t\t<p>After reviewing your application, an interview will be scheduled at one of the Global Enrollment Centers, where a CBP officer will determine your eligibility and gather the necessary information.<\/p>\n\t<\/div>\n<\/li><li>\n\t<div class=\"year\">3<\/div>\n\t<div class=\"sep\"><\/div>\n\t<div class=\"company_history_text\">\n\t\t<h4 class=\"no_stripe\">Identification<\/h4>\n\t\t<p>You must provide a valid passport and another form of identification. If you are a permanent resident of the U.S., you must provide your permanent resident card.<\/p>\n\t<\/div>\n<\/li>        <\/ul>\n    <\/div><div class=\"vc_empty_space\"   style=\"height: 50px\"><span class=\"vc_empty_space_inner\"><\/span><\/div><\/div><\/div><\/div><\/div><div data-vc-full-width=\"true\" data-vc-full-width-temp=\"true\" data-vc-full-width-init=\"false\" class=\"vc_row wpb_row vc_row-fluid vc_custom_1620261269577 vc_row-has-fill\"><div class=\"wpb_column vc_column_container vc_col-sm-6\"><div class=\"vc_column-inner\"><div class=\"wpb_wrapper\"><div class=\"vc_empty_space\"   style=\"height: 50px\"><span class=\"vc_empty_space_inner\"><\/span><\/div>\n\n    <div class=\"icon_box  style_4 alignment_center clearfix\">\n<div class=\"icon_box_inner\">\n            <div class=\"icon  font-color_default font-color_base_bg\"><i\n                    style=\"font-size:50px;   \"\n                    class=\"fas fa-dollar-sign\"><\/i><\/div>\n                <h4 style=\"color:#273570\" >\u00bfHow much does it cost?<\/h4>\n                <div class=\"icon_text\">\n            <p style=\"text-align: center;\">A non-refundable application fee of USD 100 will be charged per applicant. If approved, <strong>membership is valid for five years.<\/strong><\/p>\n        <\/div>\n    <\/div>\n    <\/div>\n<div class=\"vc_empty_space\"   style=\"height: 50px\"><span class=\"vc_empty_space_inner\"><\/span><\/div><\/div><\/div><\/div><div class=\"wpb_column vc_column_container vc_col-sm-6\"><div class=\"vc_column-inner\"><div class=\"wpb_wrapper\"><div class=\"vc_empty_space\"   style=\"height: 50px\"><span class=\"vc_empty_space_inner\"><\/span><\/div>\n\n    <div class=\"icon_box  style_4 alignment_center clearfix\">\n<div class=\"icon_box_inner\">\n            <div class=\"icon  font-color_default font-color_base_bg\"><i\n                    style=\"font-size:50px;   \"\n                    class=\"stm-online-calculator\"><\/i><\/div>\n                <h4 style=\"color:#273570\" >\u00bfHow do I declare goods?<\/h4>\n                <div class=\"icon_text\">\n            <p style=\"text-align: center;\">As a <strong>Global Entry member<\/strong> , you must declare all goods you are importing into the United States. You will need to answer the customs declaration questions presented at the kiosk.<\/p>\n        <\/div>\n    <\/div>\n    <\/div>\n<div class=\"vc_empty_space\"   style=\"height: 50px\"><span class=\"vc_empty_space_inner\"><\/span><\/div><\/div><\/div><\/div><\/div><div class=\"vc_row-full-width vc_clearfix\"><\/div><div data-vc-full-width=\"true\" data-vc-full-width-temp=\"true\" data-vc-full-width-init=\"false\" class=\"vc_row wpb_row vc_row-fluid vc_custom_1620262693832 vc_row-has-fill\"><div class=\"wpb_column vc_column_container vc_col-sm-12\"><div class=\"vc_column-inner\"><div class=\"wpb_wrapper\"><div class=\"vc_empty_space\"   style=\"height: 50px\"><span class=\"vc_empty_space_inner\"><\/span><\/div><div class=\"vc_custom_heading vc_custom_1620262707900 text_align_center\" ><h2 style=\"color: #ffffff;text-align: center\" class=\"consulting-custom-title\">Global Entry is the perfect solution for frequent international travelers, created and managed by U.S. Customs and Border Protection (CBP).<\/h2><\/div><div class=\"vc_btn3-container vc_btn3-center vc_do_btn\" ><a class=\"vc_general vc_btn3 vc_btn3-size-md vc_btn3-shape-square vc_btn3-style-flat vc_btn3-color-theme_style_1\" href=\"http:\/\/www.globalentry.gov\" title=\"\" target=\"_blank\">www.globalentry.gov<\/a><\/div><div class=\"vc_empty_space\"   style=\"height: 50px\"><span class=\"vc_empty_space_inner\"><\/span><\/div><\/div><\/div><\/div><\/div><div class=\"vc_row-full-width vc_clearfix\"><\/div><div data-vc-full-width=\"true\" data-vc-full-width-temp=\"true\" data-vc-full-width-init=\"false\" class=\"vc_row wpb_row vc_row-fluid vc_custom_1626406595268\"><div class=\"wpb_column vc_column_container vc_col-sm-8\"><div class=\"vc_column-inner\"><div class=\"wpb_wrapper\"><div class=\"vc_custom_heading vc_custom_1620262537734 text_align_left\" ><h6 style=\"text-align: left\" class=\"consulting-custom-title\">Contact us<\/h6><\/div>\n<div class=\"wpcf7 no-js\" id=\"wpcf7-f7054-o1\" lang=\"en-US\" dir=\"ltr\" data-wpcf7-id=\"7054\">\n<div class=\"screen-reader-response\"><p role=\"status\" aria-live=\"polite\" aria-atomic=\"true\"><\/p> <ul><\/ul><\/div>\n<form action=\"\/en\/wp-json\/wp\/v2\/pages\/7127#wpcf7-f7054-o1\" method=\"post\" class=\"wpcf7-form init\" aria-label=\"Contact form\" novalidate=\"novalidate\" data-status=\"init\" data-trp-original-action=\"\/en\/wp-json\/wp\/v2\/pages\/7127#wpcf7-f7054-o1\">\n<fieldset class=\"hidden-fields-container\"><input type=\"hidden\" name=\"_wpcf7\" value=\"7054\" \/><input type=\"hidden\" name=\"_wpcf7_version\" value=\"6.1.5\" \/><input type=\"hidden\" name=\"_wpcf7_locale\" value=\"en_US\" \/><input type=\"hidden\" name=\"_wpcf7_unit_tag\" value=\"wpcf7-f7054-o1\" \/><input type=\"hidden\" name=\"_wpcf7_container_post\" value=\"0\" \/><input type=\"hidden\" name=\"_wpcf7_posted_data_hash\" value=\"\" \/><input type=\"hidden\" name=\"_wpcf7_recaptcha_response\" value=\"\" \/>\n<\/fieldset>\n<div class=\"request_callback\">\n\t<div class=\"row\">\n\t\t<div class=\"col-lg-6 col-md-6 col-sm-6 col-xs-12\">\n\t\t\t<div class=\"input-group\">\n\t\t\t\t<p><span class=\"wpcf7-form-control-wrap\" data-name=\"text-name\"><input size=\"40\" maxlength=\"400\" class=\"wpcf7-form-control wpcf7-text wpcf7-validates-as-required\" aria-required=\"true\" aria-invalid=\"false\" placeholder=\"Name\/Company\" value=\"\" type=\"text\" name=\"text-name\" \/><\/span>\n\t\t\t\t<\/p>\n\t\t\t<\/div>\n\t\t\t<div class=\"input-group\">\n\t\t\t\t<p><span class=\"wpcf7-form-control-wrap\" data-name=\"email\"><input size=\"40\" maxlength=\"400\" class=\"wpcf7-form-control wpcf7-email wpcf7-validates-as-required wpcf7-text wpcf7-validates-as-email\" aria-required=\"true\" aria-invalid=\"false\" placeholder=\"Email\" value=\"\" type=\"email\" name=\"email\" \/><\/span>\n\t\t\t\t<\/p>\n\t\t\t<\/div>\n\t\t\t<div class=\"input-group\">\n\t\t\t\t<p><span class=\"wpcf7-form-control-wrap\" data-name=\"subject\"><input size=\"40\" maxlength=\"400\" class=\"wpcf7-form-control wpcf7-text wpcf7-validates-as-required\" aria-required=\"true\" aria-invalid=\"false\" placeholder=\"Phone\" value=\"\" type=\"text\" name=\"subject\" \/><\/span>\n\t\t\t\t<\/p>\n\t\t\t<\/div>\n\t\t<\/div>\n\t\t<div class=\"col-lg-6 col-md-6 col-sm-6 col-xs-12\">\n\t\t\t<div class=\"input-group\">\n\t\t\t\t<p><span class=\"wpcf7-form-control-wrap\" data-name=\"message\"><textarea cols=\"40\" rows=\"10\" maxlength=\"2000\" class=\"wpcf7-form-control wpcf7-textarea wpcf7-validates-as-required\" aria-required=\"true\" aria-invalid=\"false\" placeholder=\"Message\" name=\"message\"><\/textarea><\/span>\n\t\t\t\t<\/p>\n\t\t\t<\/div>\n\t\t\t<div class=\"input-group\">\n\t\t\t\t<p><button type=\"submit\" class=\"button size-lg icon_right\">Send <i class=\"fa fa-chevron-right\"><\/i><\/button>\n\t\t\t\t<\/p>\n\t\t\t<\/div>\n\t\t<\/div>\n\t<\/div>\n<\/div><div class=\"wpcf7-response-output\" aria-hidden=\"true\"><\/div>\n<input type=\"hidden\" name=\"trp-form-language\" value=\"en\"\/><\/form>\n<\/div>\n<div class=\"vc_empty_space\"   style=\"height: 50px\"><span class=\"vc_empty_space_inner\"><\/span><\/div><\/div><\/div><\/div><div class=\"wpb_column vc_column_container vc_col-sm-4\"><div class=\"vc_column-inner\"><div class=\"wpb_wrapper\"><div class=\"vc_empty_space\"   style=\"height: 80px\"><span class=\"vc_empty_space_inner\"><\/span><\/div>\n<div class=\"stm_contacts_widget  style_4\">\n    \n    \n    \n        <ul>\n                            <li>\n                    <div class=\"icon\"><i class=\"fa fa-map-marker\"><\/i><\/div>\n                    <div class=\"text\">Calle 76 No. 54 - 11 Office 707, Barranquilla - Colombia<\/div>\n                <\/li>\n                                        <li>\n                    <div class=\"icon\"><i class=\"fa fa-phone\"><\/i><\/div>\n                    <div class=\"text\">\n                        (+57 5) 360 6710                                            <\/div>\n                <\/li>\n                                                    <li>\n                    <div class=\"icon\"><i class=\"fa fa-envelope\"><\/i><\/div>\n                    <div class=\"text\"><a href=\"mailto:&#97;s&#101;&#115;&#111;&#114;&#105;avi&#115;&#97;s&#64;&#97;&#109;cha&#109;b&#97;q.&#99;&#111;m\">a&#115;e&#115;or&#105;&#97;&#118;&#105;&#115;&#97;&#115;&#64;a&#109;&#99;&#104;amba&#113;&#46;&#99;&#111;m<\/a><\/div>\n                <\/li>\n                                        <li>\n                    <div class=\"icon\"><i class=\"fa fa-clock-o\" aria-hidden=\"true\"><\/i><\/div>\n                    <div class=\"text\">8:00 AM - 5:00 PM<\/div>\n                <\/li>\n                    <\/ul>\n        \n    \n<\/div><\/div><\/div><\/div><\/div><div class=\"vc_row-full-width vc_clearfix\"><\/div>\n<\/div>","protected":false},"excerpt":{"rendered":"\u00bfQu\u00e9 es Global Entry? Membres\u00eda que permite a los viajeros internacionales seguir su camino de manera r\u00e1pida y f\u00e1cil, mediante el uso de quioscos autom\u00e1ticos al ingresar a los Estados Unidos. Beneficios - Proceso automatizado de entrada de CBP. - Tiempos de espera reducidos. - No m\u00e1s formularios de declaraci\u00f3n de aduana en papel. -","protected":false},"author":1,"featured_media":0,"parent":0,"menu_order":0,"comment_status":"closed","ping_status":"closed","template":"","meta":{"footnotes":""},"class_list":["post-7127","page","type-page","status-publish","hentry"],"_links":{"self":[{"href":"https:\/\/www.amchambaq.com\/en\/wp-json\/wp\/v2\/pages\/7127","targetHints":{"allow":["GET"]}}],"collection":[{"href":"https:\/\/www.amchambaq.com\/en\/wp-json\/wp\/v2\/pages"}],"about":[{"href":"https:\/\/www.amchambaq.com\/en\/wp-json\/wp\/v2\/types\/page"}],"author":[{"embeddable":true,"href":"https:\/\/www.amchambaq.com\/en\/wp-json\/wp\/v2\/users\/1"}],"replies":[{"embeddable":true,"href":"https:\/\/www.amchambaq.com\/en\/wp-json\/wp\/v2\/comments?post=7127"}],"version-history":[{"count":27,"href":"https:\/\/www.amchambaq.com\/en\/wp-json\/wp\/v2\/pages\/7127\/revisions"}],"predecessor-version":[{"id":8515,"href":"https:\/\/www.amchambaq.com\/en\/wp-json\/wp\/v2\/pages\/7127\/revisions\/8515"}],"wp:attachment":[{"href":"https:\/\/www.amchambaq.com\/en\/wp-json\/wp\/v2\/media?parent=7127"}],"curies":[{"name":"wp","href":"https:\/\/api.w.org\/{rel}","templated":true}]}}