{"id":7106,"date":"2021-05-05T18:04:33","date_gmt":"2021-05-05T23:04:33","guid":{"rendered":"https:\/\/www.amchambaq.com\/?page_id=7106"},"modified":"2021-11-21T21:50:38","modified_gmt":"2021-11-22T02:50:38","slug":"ruta-exportadora","status":"publish","type":"page","link":"https:\/\/www.amchambaq.com\/en\/ruta-exportadora\/","title":{"rendered":"Export Route"},"content":{"rendered":"<div class=\"wpb-content-wrapper\"><div class=\"vc_row wpb_row vc_row-fluid vc_custom_1619926935996\"><div class=\"wpb_column vc_column_container vc_col-sm-12\"><div class=\"vc_column-inner\"><div class=\"wpb_wrapper\"><div class=\"vc_custom_heading vc_custom_1626283515052 text_align_center\" ><h2 style=\"text-align: center;font-family:Montserrat;font-weight:700;font-style:normal\" class=\"consulting-custom-title\">Export Route<\/h2><\/div>\n\t<div class=\"wpb_text_column wpb_content_element\" >\n\t\t<div class=\"wpb_wrapper\">\n\t\t\t<p style=\"text-align: center; font-size: 20px;\">Evaluate every aspect necessary for your success in the internationalization process<\/p>\n<p style=\"text-align: center; font-size: 20px;\">Find out here how ready your company is to expand into international markets<\/p>\n\n\t\t<\/div>\n\t<\/div>\n<\/div><\/div><\/div><\/div><div data-vc-full-width=\"true\" data-vc-full-width-temp=\"true\" data-vc-full-width-init=\"false\" class=\"vc_row wpb_row vc_row-fluid about-bg-right vc_custom_1620256360023 vc_row-has-fill vc_row-o-equal-height vc_row-flex\"><div class=\"wpb_column vc_column_container vc_col-sm-4\"><div class=\"vc_column-inner vc_custom_1619927108234\"><div class=\"wpb_wrapper\">\n\t<div class=\"wpb_text_column wpb_content_element\" >\n\t\t<div class=\"wpb_wrapper\">\n\t\t\t<p style=\"text-align: center;\"><strong style=\"font-size: 30px;\">1<\/strong><\/p>\n\n\t\t<\/div>\n\t<\/div>\n\t<div class=\"vc_separator wpb_content_element vc_sep_width_100 vc_sep_border_width_3 type_1  vc_separator_no_text vc_sep_color_sandy_brown\">\n\t\t<span class=\"vc_sep_holder vc_sep_holder_l\"><span class=\"vc_sep_line\"><\/span><\/span>\n\t\t\t\t<span class=\"vc_sep_holder vc_sep_holder_r\"><span class=\"vc_sep_line\"><\/span><\/span>\n\t<\/div>\n\t\n\n<div class=\"stm_pricing_plan_unit style_2\">\n    <div class=\"stm_pricing_plan\">\n        <div class=\"top text-center\" >\n            <div class=\"inner\">\n                                                                    <div class=\"price\">\n                        <span class=\"heading_font\">Evaluate how ready you are to export<\/span>\n                                                                    <\/div>\n                                            <\/div>\n        <\/div>\n                    <div class=\"content\">\n                <p style=\"text-align: center;\"><strong>Evaluate your readiness by considering 3 main pillars:<\/strong><\/p>\n<p>&nbsp;<\/p>\n<p><span style=\"color: #273570;\"><strong>I. Operational Pillar<\/strong><\/span><\/p>\n<p><span style=\"color: #273570;\"><strong>II. Financial pillar<\/strong><\/span><\/p>\n<p><span style=\"color: #273570;\"><strong>III. Organizational pillar<\/strong><\/span><\/p>\n\n                \n            <\/div>\n            <\/div>\n<\/div>\n<\/div><\/div><\/div><div class=\"wpb_column vc_column_container vc_col-sm-4\"><div class=\"vc_column-inner vc_custom_1619927116044\"><div class=\"wpb_wrapper\">\n\t<div class=\"wpb_text_column wpb_content_element\" >\n\t\t<div class=\"wpb_wrapper\">\n\t\t\t<p style=\"text-align: center;\"><strong style=\"font-size: 30px;\">2<\/strong><\/p>\n\n\t\t<\/div>\n\t<\/div>\n\t<div class=\"vc_separator wpb_content_element vc_sep_width_100 vc_sep_border_width_3 type_1  vc_separator_no_text vc_sep_color_pink\">\n\t\t<span class=\"vc_sep_holder vc_sep_holder_l\"><span class=\"vc_sep_line\"><\/span><\/span>\n\t\t\t\t<span class=\"vc_sep_holder vc_sep_holder_r\"><span class=\"vc_sep_line\"><\/span><\/span>\n\t<\/div>\n\t\n\n<div class=\"stm_pricing_plan_unit style_2\">\n    <div class=\"stm_pricing_plan\">\n        <div class=\"top text-center\" >\n            <div class=\"inner\">\n                                                                    <div class=\"price\">\n                        <span class=\"heading_font\">Identify your target market<\/span>\n                                                                    <\/div>\n                                            <\/div>\n        <\/div>\n                    <div class=\"content\">\n                <p style=\"text-align: Justify;\">Before setting a destination, analyze whether the product or service you want to export proves to have a demand in the target market<\/p>\n<p>&nbsp;<\/p>\n<p style=\"text-align: Justify;\">through the identification of needs, opportunities, and spaces available for your offer.<\/p>\n\n                \n            <\/div>\n            <\/div>\n<\/div>\n<\/div><\/div><\/div><div class=\"wpb_column vc_column_container vc_col-sm-4\"><div class=\"vc_column-inner\"><div class=\"wpb_wrapper\">\n\t<div class=\"wpb_text_column wpb_content_element\" >\n\t\t<div class=\"wpb_wrapper\">\n\t\t\t<p style=\"text-align: center;\"><strong style=\"font-size: 30px;\">3<\/strong><\/p>\n\n\t\t<\/div>\n\t<\/div>\n\t<div class=\"vc_separator wpb_content_element vc_sep_width_100 vc_sep_border_width_3 type_1  vc_separator_no_text vc_sep_color_violet\">\n\t\t<span class=\"vc_sep_holder vc_sep_holder_l\"><span class=\"vc_sep_line\"><\/span><\/span>\n\t\t\t\t<span class=\"vc_sep_holder vc_sep_holder_r\"><span class=\"vc_sep_line\"><\/span><\/span>\n\t<\/div>\n\t\n\n<div class=\"stm_pricing_plan_unit style_2\">\n    <div class=\"stm_pricing_plan\">\n        <div class=\"top text-center\" >\n            <div class=\"inner\">\n                                                                    <div class=\"price\">\n                        <span class=\"heading_font\">Develop a plan to export<\/span>\n                                                                    <\/div>\n                                            <\/div>\n        <\/div>\n                    <div class=\"content\">\n                <p style=\"text-align: Justify;\">Once you have chosen a target market, the next step is to create a market entry plan.<\/p>\n<p>&nbsp;<\/p>\n<p style=\"text-align: Justify;\">Keep in mind: Competition in your target market, required adaptations of your product or service, costs, packaging, distribution options, current regulations and laws, taxes, required certifications, cultural differences, associated risks, shipping, customs, logistics, AmCham, and tariff barriers.<\/p>\n\n                \n            <\/div>\n            <\/div>\n<\/div>\n<\/div><\/div><\/div><div class=\"wpb_column vc_column_container vc_col-sm-12\"><div class=\"vc_column-inner\"><div class=\"wpb_wrapper\"><\/div><\/div><\/div><\/div><div class=\"vc_row-full-width vc_clearfix\"><\/div><div data-vc-full-width=\"true\" data-vc-full-width-temp=\"true\" data-vc-full-width-init=\"false\" class=\"vc_row wpb_row vc_row-fluid about-bg-right vc_custom_1620256360023 vc_row-has-fill vc_row-o-equal-height vc_row-flex\"><div class=\"wpb_column vc_column_container vc_col-sm-4\"><div class=\"vc_column-inner vc_custom_1619927108234\"><div class=\"wpb_wrapper\">\n\t<div class=\"wpb_text_column wpb_content_element\" >\n\t\t<div class=\"wpb_wrapper\">\n\t\t\t<p style=\"text-align: center;\"><strong style=\"font-size: 30px;\">4<\/strong><\/p>\n\n\t\t<\/div>\n\t<\/div>\n\t<div class=\"vc_separator wpb_content_element vc_sep_width_100 vc_sep_border_width_3 type_1  vc_separator_no_text vc_sep_color_violet\">\n\t\t<span class=\"vc_sep_holder vc_sep_holder_l\"><span class=\"vc_sep_line\"><\/span><\/span>\n\t\t\t\t<span class=\"vc_sep_holder vc_sep_holder_r\"><span class=\"vc_sep_line\"><\/span><\/span>\n\t<\/div>\n\t\n\n<div class=\"stm_pricing_plan_unit style_2\">\n    <div class=\"stm_pricing_plan\">\n        <div class=\"top text-center\" >\n            <div class=\"inner\">\n                                                                    <div class=\"price\">\n                        <span class=\"heading_font\">Develop your marketing strategy<\/span>\n                                                                    <\/div>\n                                            <\/div>\n        <\/div>\n                    <div class=\"content\">\n                <p style=\"text-align: Justify;\">By developing the right marketing strategy you will be able to address the three main barriers that face the export process: Distance, Adaptation, and Culture.<\/p>\n\n                \n            <\/div>\n            <\/div>\n<\/div>\n<\/div><\/div><\/div><div class=\"wpb_column vc_column_container vc_col-sm-4\"><div class=\"vc_column-inner vc_custom_1619927116044\"><div class=\"wpb_wrapper\">\n\t<div class=\"wpb_text_column wpb_content_element\" >\n\t\t<div class=\"wpb_wrapper\">\n\t\t\t<p style=\"text-align: center;\"><strong style=\"font-size: 30px;\">5<\/strong><\/p>\n\n\t\t<\/div>\n\t<\/div>\n\t<div class=\"vc_separator wpb_content_element vc_sep_width_100 vc_sep_border_width_3 type_1  vc_separator_no_text\">\n\t\t<span class=\"vc_sep_holder vc_sep_holder_l\"><span style=\"border-color:#1e73be;\" class=\"vc_sep_line\"><\/span><\/span>\n\t\t\t\t<span class=\"vc_sep_holder vc_sep_holder_r\"><span style=\"border-color:#1e73be;\" class=\"vc_sep_line\"><\/span><\/span>\n\t<\/div>\n\t\n\n<div class=\"stm_pricing_plan_unit style_2\">\n    <div class=\"stm_pricing_plan\">\n        <div class=\"top text-center\" >\n            <div class=\"inner\">\n                                                                    <div class=\"price\">\n                        <span class=\"heading_font\">Finding early victories<\/span>\n                                                                    <\/div>\n                                            <\/div>\n        <\/div>\n                    <div class=\"content\">\n                <p style=\"text-align: justify;\">The correct selection of your target market will help you increase the chances of finding new customers in the destination. Assigning a dedicated team to the process, as well as the necessary resources of time and money also prove to be a determining factor in achieving export success.<\/p>\n\n                \n            <\/div>\n            <\/div>\n<\/div>\n<\/div><\/div><\/div><div class=\"wpb_column vc_column_container vc_col-sm-4\"><div class=\"vc_column-inner\"><div class=\"wpb_wrapper\">\n\t<div class=\"wpb_text_column wpb_content_element\" >\n\t\t<div class=\"wpb_wrapper\">\n\t\t\t<p style=\"text-align: center;\"><strong style=\"font-size: 30px;\">6<\/strong><\/p>\n\n\t\t<\/div>\n\t<\/div>\n\t<div class=\"vc_separator wpb_content_element vc_sep_width_100 vc_sep_border_width_3 type_1  vc_separator_no_text\">\n\t\t<span class=\"vc_sep_holder vc_sep_holder_l\"><span style=\"border-color:#247ee5;\" class=\"vc_sep_line\"><\/span><\/span>\n\t\t\t\t<span class=\"vc_sep_holder vc_sep_holder_r\"><span style=\"border-color:#247ee5;\" class=\"vc_sep_line\"><\/span><\/span>\n\t<\/div>\n\t\n\n<div class=\"stm_pricing_plan_unit style_2\">\n    <div class=\"stm_pricing_plan\">\n        <div class=\"top text-center\" >\n            <div class=\"inner\">\n                                                                    <div class=\"price\">\n                        <span class=\"heading_font\">Target market entry<\/span>\n                                                                    <\/div>\n                                            <\/div>\n        <\/div>\n                    <div class=\"content\">\n                <p style=\"text-align: Justify;\">Evaluate the option that best suits you according to the country selected as the destination, its industry, and capabilities:<\/p>\n<p>&nbsp;<\/p>\n<ul>\n<li style=\"text-align: Justify;\">Direct export<\/li>\n<li style=\"text-align: Justify;\">Through an intermediary or local<\/li>\n<li style=\"text-align: Justify;\">Subcontracting (OUTSOURCING)<\/li>\n<li style=\"text-align: Justify;\">Direct investment in the target country<\/li>\n<\/ul>\n\n                \n            <\/div>\n            <\/div>\n<\/div>\n<\/div><\/div><\/div><\/div><div class=\"vc_row-full-width vc_clearfix\"><\/div><div data-vc-full-width=\"true\" data-vc-full-width-temp=\"true\" data-vc-full-width-init=\"false\" class=\"vc_row wpb_row vc_row-fluid about-bg-right vc_custom_1620256360023 vc_row-has-fill vc_row-o-equal-height vc_row-flex\"><div class=\"wpb_column vc_column_container vc_col-sm-4\"><div class=\"vc_column-inner vc_custom_1619927108234\"><div class=\"wpb_wrapper\">\n\t<div class=\"wpb_text_column wpb_content_element\" >\n\t\t<div class=\"wpb_wrapper\">\n\t\t\t<p style=\"text-align: center;\"><strong style=\"font-size: 30px;\">7<\/strong><\/p>\n\n\t\t<\/div>\n\t<\/div>\n\t<div class=\"vc_separator wpb_content_element vc_sep_width_100 vc_sep_border_width_3 type_1  vc_separator_no_text vc_sep_color_sky\">\n\t\t<span class=\"vc_sep_holder vc_sep_holder_l\"><span class=\"vc_sep_line\"><\/span><\/span>\n\t\t\t\t<span class=\"vc_sep_holder vc_sep_holder_r\"><span class=\"vc_sep_line\"><\/span><\/span>\n\t<\/div>\n\t\n\n<div class=\"stm_pricing_plan_unit style_2\">\n    <div class=\"stm_pricing_plan\">\n        <div class=\"top text-center\" >\n            <div class=\"inner\">\n                                                                    <div class=\"price\">\n                        <span class=\"heading_font\">Online sales management<\/span>\n                                                                    <\/div>\n                                            <\/div>\n        <\/div>\n                    <div class=\"content\">\n                <p style=\"text-align: Justify;\">High-speed connectivity, user-friendly software, and easy transportation have reduced the barriers to finding and selling to foreign customers over the Internet.<\/p>\n<p>&nbsp;<\/p>\n<p style=\"text-align: Justify;\">Start by learning the basics of e-commerce, it is always recommended to start with products that you can keep in stock and ship easily.<\/p>\n\n                \n            <\/div>\n            <\/div>\n<\/div>\n<\/div><\/div><\/div><div class=\"wpb_column vc_column_container vc_col-sm-4\"><div class=\"vc_column-inner vc_custom_1619927116044\"><div class=\"wpb_wrapper\">\n\t<div class=\"wpb_text_column wpb_content_element\" >\n\t\t<div class=\"wpb_wrapper\">\n\t\t\t<p style=\"text-align: center;\"><strong style=\"font-size: 30px;\">8<\/strong><\/p>\n\n\t\t<\/div>\n\t<\/div>\n\t<div class=\"vc_separator wpb_content_element vc_sep_width_100 vc_sep_border_width_3 type_1  vc_separator_no_text vc_sep_color_turquoise\">\n\t\t<span class=\"vc_sep_holder vc_sep_holder_l\"><span class=\"vc_sep_line\"><\/span><\/span>\n\t\t\t\t<span class=\"vc_sep_holder vc_sep_holder_r\"><span class=\"vc_sep_line\"><\/span><\/span>\n\t<\/div>\n\t\n\n<div class=\"stm_pricing_plan_unit style_2\">\n    <div class=\"stm_pricing_plan\">\n        <div class=\"top text-center\" >\n            <div class=\"inner\">\n                                                                    <div class=\"price\">\n                        <span class=\"heading_font\">Financing for export processes<\/span>\n                                                                    <\/div>\n                                            <\/div>\n        <\/div>\n                    <div class=\"content\">\n                <p style=\"text-align: justify;\">For many entrepreneurs, \"going global\" is something that large companies do. If you run a small or medium-sized company with limited resources, evaluate what business models you can access: From raising capital with investors interested in your company, merging with a company; or forming a joint venture with a foreign company, or accessing financing tools.<\/p>\n\n                \n            <\/div>\n            <\/div>\n<\/div>\n<\/div><\/div><\/div><div class=\"wpb_column vc_column_container vc_col-sm-4\"><div class=\"vc_column-inner\"><div class=\"wpb_wrapper\">\n\t<div class=\"wpb_text_column wpb_content_element\" >\n\t\t<div class=\"wpb_wrapper\">\n\t\t\t<p style=\"text-align: center;\"><strong style=\"font-size: 30px;\">9<\/strong><\/p>\n\n\t\t<\/div>\n\t<\/div>\n\t<div class=\"vc_separator wpb_content_element vc_sep_width_100 vc_sep_border_width_3 type_1  vc_separator_no_text vc_sep_color_green\">\n\t\t<span class=\"vc_sep_holder vc_sep_holder_l\"><span class=\"vc_sep_line\"><\/span><\/span>\n\t\t\t\t<span class=\"vc_sep_holder vc_sep_holder_r\"><span class=\"vc_sep_line\"><\/span><\/span>\n\t<\/div>\n\t\n\n<div class=\"stm_pricing_plan_unit style_2\">\n    <div class=\"stm_pricing_plan\">\n        <div class=\"top text-center\" >\n            <div class=\"inner\">\n                                                                    <div class=\"price\">\n                        <span class=\"heading_font\">Delivery of your products or services<\/span>\n                                                                    <\/div>\n                                            <\/div>\n        <\/div>\n                    <div class=\"content\">\n                <p style=\"text-align: Justify;\">International shipping can be discouraging. Someone on your team should familiarize themselves with the logistics involved and study the best logistics options for your company, seeking outside expert advice as needed.<\/p>\n<p style=\"text-align: Justify;\">Be sure to include accurate and complete documentation with your products for customs clearance.<\/p>\n\n                \n            <\/div>\n            <\/div>\n<\/div>\n<\/div><\/div><\/div><\/div><div class=\"vc_row-full-width vc_clearfix\"><\/div><div data-vc-full-width=\"true\" data-vc-full-width-temp=\"true\" data-vc-full-width-init=\"false\" data-vc-parallax=\"1.5\" data-vc-parallax-o-fade=\"on\" class=\"vc_row wpb_row vc_row-fluid base_bg_color vc_custom_1626402474944 vc_row-has-fill vc_general vc_parallax vc_parallax-content-moving-fade js-vc_parallax-o-fade\"><div class=\"wpb_column vc_column_container vc_col-sm-12\"><div class=\"vc_column-inner\"><div class=\"wpb_wrapper\"><div class=\"vc_empty_space\"   style=\"height: 32px\"><span class=\"vc_empty_space_inner\"><\/span><\/div><div class=\"vc_custom_heading vc_custom_1637287407069 text_align_center\" ><h5 style=\"color: #ffffff;text-align: center\" class=\"consulting-custom-title\">Evaluate every aspect necessary for your success in the internationalization process.<br \/>\nFind out here how ready your company is to expand into international markets.<\/h5><\/div><div class=\"vc_btn3-container vc_btn3-center vc_do_btn\" ><a class=\"vc_general vc_btn3 vc_btn3-size-md vc_btn3-shape-rounded vc_btn3-style-modern vc_btn3-color-grey\" href=\"https:\/\/docs.google.com\/forms\/d\/e\/1FAIpQLSdz9C9TB_TWnc1DoZOtvkwuWJoCjsNyCNwCt8odO1Ps7hjRmA\/viewform\" title=\"\" target=\"_blank\">SELF-EVALUATION<\/a><\/div><\/div><\/div><\/div><\/div><div class=\"vc_row-full-width vc_clearfix\"><\/div>\n<\/div>","protected":false},"excerpt":{"rendered":"Ruta Exportadora Eval\u00fae cada aspecto necesario para su \u00e9xito en el proceso de internacionalizaci\u00f3n. Conozca en 9 pasos qu\u00e9 tan lista est\u00e1 su empresa para expandirse a mercados internacionales. 1 Eval\u00fae qu\u00e9 tan listo est\u00e1 para exportar Eval\u00fae su preparaci\u00f3n considerando 3 pilares principales: &nbsp; I. Pilar operativo II. Pilar financiero III. Pilar organizacional 2","protected":false},"author":1,"featured_media":0,"parent":0,"menu_order":0,"comment_status":"closed","ping_status":"closed","template":"","meta":{"footnotes":""},"class_list":["post-7106","page","type-page","status-publish","hentry"],"_links":{"self":[{"href":"https:\/\/www.amchambaq.com\/en\/wp-json\/wp\/v2\/pages\/7106","targetHints":{"allow":["GET"]}}],"collection":[{"href":"https:\/\/www.amchambaq.com\/en\/wp-json\/wp\/v2\/pages"}],"about":[{"href":"https:\/\/www.amchambaq.com\/en\/wp-json\/wp\/v2\/types\/page"}],"author":[{"embeddable":true,"href":"https:\/\/www.amchambaq.com\/en\/wp-json\/wp\/v2\/users\/1"}],"replies":[{"embeddable":true,"href":"https:\/\/www.amchambaq.com\/en\/wp-json\/wp\/v2\/comments?post=7106"}],"version-history":[{"count":26,"href":"https:\/\/www.amchambaq.com\/en\/wp-json\/wp\/v2\/pages\/7106\/revisions"}],"predecessor-version":[{"id":8524,"href":"https:\/\/www.amchambaq.com\/en\/wp-json\/wp\/v2\/pages\/7106\/revisions\/8524"}],"wp:attachment":[{"href":"https:\/\/www.amchambaq.com\/en\/wp-json\/wp\/v2\/media?parent=7106"}],"curies":[{"name":"wp","href":"https:\/\/api.w.org\/{rel}","templated":true}]}}