{"id":7088,"date":"2021-05-05T16:37:21","date_gmt":"2021-05-05T21:37:21","guid":{"rendered":"https:\/\/www.amchambaq.com\/?page_id=7088"},"modified":"2024-05-06T15:54:36","modified_gmt":"2024-05-06T20:54:36","slug":"trade-center","status":"publish","type":"page","link":"https:\/\/www.amchambaq.com\/en\/trade-center\/","title":{"rendered":"Trade Center"},"content":{"rendered":"<div class=\"wpb-content-wrapper\"><div class=\"vc_row wpb_row vc_row-fluid vc_custom_1619926935996\"><div class=\"wpb_column vc_column_container vc_col-sm-12\"><div class=\"vc_column-inner\"><div class=\"wpb_wrapper\"><div class=\"vc_custom_heading vc_custom_1705596871025 text_align_center\" ><h2 style=\"text-align: center;font-family:Montserrat;font-weight:700;font-style:normal\" class=\"consulting-custom-title\">Trabajamos para fortalecer las relaciones bilaterales de comercio, promoviendo los negocios entre Colombia y los Estados Unidos.<\/h2><\/div>\n\t<div class=\"wpb_text_column wpb_content_element\" >\n\t\t<div class=\"wpb_wrapper\">\n\t\t\t<p style=\"text-align: center; font-size: 20px;\">Assistance on internationalization opportunities; commercial, technical, regulatory, and customs aspects for exporting and importing to and from the United States and other markets.<\/p>\n\n\t\t<\/div>\n\t<\/div>\n<\/div><\/div><\/div><\/div><div data-vc-full-width=\"true\" data-vc-full-width-temp=\"true\" data-vc-full-width-init=\"false\" data-vc-parallax=\"1.5\" data-vc-parallax-o-fade=\"on\" data-vc-parallax-image=\"\" class=\"vc_row wpb_row vc_row-fluid base_bg_color vc_custom_1619930515957 vc_row-has-fill vc_general vc_parallax vc_parallax-content-moving-fade js-vc_parallax-o-fade\"><div class=\"wpb_column vc_column_container vc_col-sm-12\"><div class=\"vc_column-inner vc_custom_1619928581213\"><div class=\"wpb_wrapper\"><\/div><\/div><\/div><\/div><div class=\"vc_row-full-width vc_clearfix\"><\/div><div data-vc-full-width=\"true\" data-vc-full-width-temp=\"true\" data-vc-full-width-init=\"false\" class=\"vc_row wpb_row vc_row-fluid vc_custom_1619925687460\"><div class=\"wpb_column vc_column_container vc_col-sm-12\"><div class=\"vc_column-inner\"><div class=\"wpb_wrapper\"><div class=\"vc_custom_heading vc_custom_1620251089264 text_align_center\" ><h3 style=\"text-align: center;font-family:Montserrat;font-weight:700;font-style:normal\" class=\"consulting-custom-title\">Services<\/h3><\/div><\/div><\/div><\/div><\/div><div class=\"vc_row-full-width vc_clearfix\"><\/div><div class=\"vc_row wpb_row vc_row-fluid\"><div class=\"wpb_column vc_column_container vc_col-sm-4\"><div class=\"vc_column-inner\"><div class=\"wpb_wrapper\">\n\n    <div class=\"icon_box  style_4 alignment_center clearfix\">\n<div class=\"icon_box_inner\">\n            <div class=\"icon  font-color_custom font-color_base_bg\"><i\n                    style=\"font-size:50px; color: #273570;  \"\n                    class=\"stm-financial-services\"><\/i><\/div>\n                <h4 style=\"color:#273570\" >Research<\/h4>\n                <div class=\"icon_text\">\n            <p style=\"text-align: center;\">Descriptive market and investment environment studies. Basic market information for products and services as a reference for new business development.<\/p>\n        <\/div>\n    <\/div>\n    <\/div>\n<div class=\"vc_empty_space\"   style=\"height: 50px\"><span class=\"vc_empty_space_inner\"><\/span><\/div><\/div><\/div><\/div><div class=\"wpb_column vc_column_container vc_col-sm-4\"><div class=\"vc_column-inner\"><div class=\"wpb_wrapper\">\n\n    <div class=\"icon_box  style_4 alignment_center clearfix\">\n<div class=\"icon_box_inner\">\n            <div class=\"icon  font-color_custom font-color_base_bg\"><i\n                    style=\"font-size:50px; color: #273570;  \"\n                    class=\"stm-online-address\"><\/i><\/div>\n                <h4 style=\"color:#273570\" >Business Development<\/h4>\n                <div class=\"icon_text\">\n            <p style=\"text-align: center;\">Information on international trade fairs and trade missions. Arranging private meetings with potential business contacts and exploratory visits to the<br \/>\nUnited States.<\/p>\n        <\/div>\n    <\/div>\n    <\/div>\n<div class=\"vc_empty_space\"   style=\"height: 50px\"><span class=\"vc_empty_space_inner\"><\/span><\/div><\/div><\/div><\/div><div class=\"wpb_column vc_column_container vc_col-sm-4\"><div class=\"vc_column-inner\"><div class=\"wpb_wrapper\">\n\n    <div class=\"icon_box  style_4 alignment_center clearfix\">\n<div class=\"icon_box_inner\">\n            <div class=\"icon  font-color_custom font-color_base_bg\"><i\n                    style=\"font-size:50px; color: #273570;  \"\n                    class=\"stm-nokia_outline\"><\/i><\/div>\n                <h4 style=\"color:#273570\" >Business Agenda<\/h4>\n                <div class=\"icon_text\">\n            <p style=\"text-align: center;\">Face-to-face or virtual meetings in Colombia, United States, and Latin America, based on your interest, and identified business potential.<\/p>\n        <\/div>\n    <\/div>\n    <\/div>\n<div class=\"vc_empty_space\"   style=\"height: 50px\"><span class=\"vc_empty_space_inner\"><\/span><\/div><\/div><\/div><\/div><\/div><div class=\"vc_row wpb_row vc_row-fluid vc_custom_1620252607435\"><div class=\"wpb_column vc_column_container vc_col-sm-4\"><div class=\"vc_column-inner\"><div class=\"wpb_wrapper\"><div class=\"vc_empty_space\"   style=\"height: 50px\"><span class=\"vc_empty_space_inner\"><\/span><\/div><\/div><\/div><\/div><div class=\"wpb_column vc_column_container vc_col-sm-4\"><div class=\"vc_column-inner\"><div class=\"wpb_wrapper\">\n\n    <div class=\"icon_box  style_4 alignment_center clearfix\">\n<div class=\"icon_box_inner\">\n            <div class=\"icon  font-color_custom font-color_base_bg\"><i\n                    style=\"font-size:52px; color: #273570;  \"\n                    class=\"stm-ankara-search\"><\/i><\/div>\n                <h4 style=\"color:#273570\" >Due Diligence<\/h4>\n                <div class=\"icon_text\">\n            <p style=\"text-align: center;\">Verification of notes on individuals and companies in Colombia, the United States, and Latin America.<\/p>\n        <\/div>\n    <\/div>\n    <\/div>\n<div class=\"vc_empty_space\"   style=\"height: 50px\"><span class=\"vc_empty_space_inner\"><\/span><\/div><\/div><\/div><\/div><div class=\"wpb_column vc_column_container vc_col-sm-4\"><div class=\"vc_column-inner\"><div class=\"wpb_wrapper\"><div class=\"vc_empty_space\"   style=\"height: 50px\"><span class=\"vc_empty_space_inner\"><\/span><\/div><\/div><\/div><\/div><\/div><div data-vc-full-width=\"true\" data-vc-full-width-temp=\"true\" data-vc-full-width-init=\"false\" class=\"vc_row wpb_row vc_row-fluid third_bg_color vc_custom_1626395390942\"><div class=\"wpb_column vc_column_container vc_col-sm-12\"><div class=\"vc_column-inner vc_custom_1626395399460\"><div class=\"wpb_wrapper\">    \n    <div id=\"particles_69f74edab3050\"><\/div>\n\n    <style>\n        #particles_69f74edab3050 {\n            position: absolute;\n            top: 0;\n            left: 0;\n            right: 0;\n            bottom: 0;\n        }\n        .vc_cta3_content-container {\n            position: relative;\n        }\n    <\/style>\n\n    <script type=\"text\/javascript\">\n        jQuery(document).ready(function ($) {\n            var screenWidth = $(window).width();\n            if(screenWidth < 1140) {\n                var defaultWidth = screenWidth;\n            } else {\n                var defaultWidth = 1140;\n            }\n            var marginLeft = (screenWidth - defaultWidth) \/ 2;\n\n            $('#particles_69f74edab3050').css({\n                'width': screenWidth + 'px',\n                'margin-left': '-' + marginLeft + 'px'\n            });\n\n            particlesJS('particles_69f74edab3050',\n\n                {\n                    \"particles\": {\n                        \"number\": {\n                            \"value\": 120,\n                            \"density\": {\n                                \"enable\": true,\n                                \"value_area\": 800\n                            }\n                        },\n                        \"color\": {\n                            \"value\": \"#ffffff\"\n                        },\n                        \"opacity\": {\n                            \"value\": 0.5,\n                            \"random\": false,\n                            \"anim\": {\n                                \"enable\": false,\n                                \"speed\": 1,\n                                \"opacity_min\": 0.1,\n                                \"sync\": false\n                            }\n                        },\n                        \"size\": {\n                            \"value\": 8,\n                            \"random\": true,\n                            \"anim\": {\n                                \"enable\": false,\n                                \"speed\": 40,\n                                \"size_min\": 0.1,\n                                \"sync\": false\n                            }\n                        },\n                        \"line_linked\": {\n                            \"enable\": true,\n                            \"distance\": 150,\n                            \"color\": \"#ffffff\",\n                            \"opacity\": 0.4,\n                            \"width\": 1\n                        },\n                        \"move\": {\n                            \"enable\": true,\n                            \"speed\": 6,\n                            \"direction\": \"none\",\n                            \"random\": false,\n                            \"straight\": false,\n                            \"out_mode\": \"out\",\n                            \"attract\": {\n                                \"enable\": false,\n                                \"rotateX\": 600,\n                                \"rotateY\": 1200\n                            }\n                        }\n                    },\n                    \"interactivity\": {\n                        \"detect_on\": \"canvas\",\n                        \"events\": {\n                            \"onhover\": {\n                                \"enable\": true,\n                                \"mode\": \"grab\"\n                            },\n                            \"onclick\": {\n                                \"enable\": true,\n                                \"mode\": \"push\"\n                            },\n                            \"resize\": true\n                        }\n                    },\n                    \"retina_detect\": true\n                }\n\n            );\n        });\n    <\/script>\n\n<section class=\"vc_cta3-container\" >\n    <div class=\"vc_general vc_cta3 third_bg_color vc_cta3-style-flat vc_cta3-shape-square vc_cta3-align-left vc_cta3-color-classic vc_cta3-icon-size-md vc_cta3-actions-right style=\"\"\">\n                        <div class=\"vc_cta3_content-container\">\n                                    <div class=\"vc_cta3-content\">\n                <header class=\"vc_cta3-content-header\">\n                    <div class=\"vc_custom_heading text_align_left\" ><h2 style=\"font-size: 20px;color: #002e5b;line-height: 24px;text-align: left\" class=\"consulting-custom-title\">Learn more about Trade Center services<\/h2><\/div>                                    <\/header>\n                            <\/div>\n                        <div class=\"vc_cta3-actions\"><div class=\"vc_btn3-container vc_btn3-right vc_do_btn\" ><a class=\"vc_general vc_btn3 vc_btn3-size-lg vc_btn3-shape-rounded vc_btn3-style-flat vc_btn3-block vc_btn3-icon-right vc_btn3-color-default\" href=\"https:\/\/www.amchambaq.com\/wp-content\/uploads\/2019\/09\/Presentacion-Servicios-trade-3.pdf\" title=\"Contact us\" target=\"_blank\">Download <i class=\"vc_btn3-icon far fa-file-pdf\"><\/i><\/a><\/div><\/div>        <\/div>\n                    <\/div>\n<\/section><\/div><\/div><\/div><\/div><div class=\"vc_row-full-width vc_clearfix\"><\/div>\n<\/div>","protected":false},"excerpt":{"rendered":"Trabajamos para fortalecer las relaciones bilaterales de comercio, promoviendo los negocios entre Colombia y los Estados Unidos. Asesor\u00eda sobre oportunidades de internacionalizaci\u00f3n; aspectos comerciales, t\u00e9cnicos, regulatorios y aduaneros para exportar e importar hacia y desde los Estados Unidos y otros mercados. Servicios Investigaciones Estudios descriptivos de mercado y clima de inversi\u00f3n. Informaci\u00f3n b\u00e1sica del mercado","protected":false},"author":1,"featured_media":0,"parent":0,"menu_order":0,"comment_status":"closed","ping_status":"closed","template":"","meta":{"footnotes":""},"class_list":["post-7088","page","type-page","status-publish","hentry"],"_links":{"self":[{"href":"https:\/\/www.amchambaq.com\/en\/wp-json\/wp\/v2\/pages\/7088","targetHints":{"allow":["GET"]}}],"collection":[{"href":"https:\/\/www.amchambaq.com\/en\/wp-json\/wp\/v2\/pages"}],"about":[{"href":"https:\/\/www.amchambaq.com\/en\/wp-json\/wp\/v2\/types\/page"}],"author":[{"embeddable":true,"href":"https:\/\/www.amchambaq.com\/en\/wp-json\/wp\/v2\/users\/1"}],"replies":[{"embeddable":true,"href":"https:\/\/www.amchambaq.com\/en\/wp-json\/wp\/v2\/comments?post=7088"}],"version-history":[{"count":26,"href":"https:\/\/www.amchambaq.com\/en\/wp-json\/wp\/v2\/pages\/7088\/revisions"}],"predecessor-version":[{"id":12255,"href":"https:\/\/www.amchambaq.com\/en\/wp-json\/wp\/v2\/pages\/7088\/revisions\/12255"}],"wp:attachment":[{"href":"https:\/\/www.amchambaq.com\/en\/wp-json\/wp\/v2\/media?parent=7088"}],"curies":[{"name":"wp","href":"https:\/\/api.w.org\/{rel}","templated":true}]}}