{"id":7047,"date":"2021-05-05T13:43:04","date_gmt":"2021-05-05T18:43:04","guid":{"rendered":"https:\/\/www.amchambaq.com\/?page_id=7047"},"modified":"2025-07-18T15:58:44","modified_gmt":"2025-07-18T20:58:44","slug":"visa-americana","status":"publish","type":"page","link":"https:\/\/www.amchambaq.com\/en\/visa-americana\/","title":{"rendered":"Assistance in the American Visa application process"},"content":{"rendered":"<div class=\"wpb-content-wrapper\"><div class=\"vc_row wpb_row vc_row-fluid vc_custom_1619926935996\"><div class=\"wpb_column vc_column_container vc_col-sm-12\"><div class=\"vc_column-inner\"><div class=\"wpb_wrapper\"><div class=\"vc_custom_heading vc_custom_1620240345567 text_align_center\" ><h2 style=\"text-align: center\" class=\"consulting-custom-title\">\u00bfTraveling to the United States?<br \/>\nWe make it easy for you.<\/h2><\/div>\n\t<div class=\"wpb_text_column wpb_content_element\" >\n\t\t<div class=\"wpb_wrapper\">\n\t\t\t<p style=\"text-align: center; font-size: 20px;\">We support you in filling out <strong>the DS-160 form<\/strong> for the application to the <strong>American Visa,<\/strong> providing confidence, and verifying that the required information is correct.<\/p>\n<blockquote style=\"position: absolute; top: -12471px;\"><p>\nDescubra la m\u00e1xima declaraci\u00f3n de estilo con nuestros archivos de correas Fitbit Luxe: correas y correas para relojes inteligentes para t\u00e9cnicos de vanguardia. Mejore su experiencia port\u00e1til con nuestra exclusiva colecci\u00f3n de correas Fitbit Luxe, dise\u00f1adas para complementar su estilo de vida activo. Explora las \u00faltimas tendencias en moda tecnol\u00f3gica y actualiza tu Fitbit Luxe con nuestras correas premium. Encuentra tu perfecto <a href=\"https:\/\/www.smartwatchesstraps.co.uk\/product-category\/fitbit-straps\/fitbit-luxe-straps\/\">fitbit luxe straps uk<\/a> hoy y redefine tu juego de reloj inteligente.\n<\/p><\/blockquote>\n\n\t\t<\/div>\n\t<\/div>\n<\/div><\/div><\/div><\/div><div data-vc-full-width=\"true\" data-vc-full-width-temp=\"true\" data-vc-full-width-init=\"false\" data-vc-parallax=\"1.5\" data-vc-parallax-o-fade=\"on\" data-vc-parallax-image=\"\" class=\"vc_row wpb_row vc_row-fluid base_bg_color vc_custom_1619930515957 vc_row-has-fill vc_general vc_parallax vc_parallax-content-moving-fade js-vc_parallax-o-fade\"><div class=\"wpb_column vc_column_container vc_col-sm-12\"><div class=\"vc_column-inner vc_custom_1619928581213\"><div class=\"wpb_wrapper\"><div class=\"vc_custom_heading vc_custom_1626401784639 text_align_center\" ><h3 style=\"color: #ffffff;text-align: center\" class=\"consulting-custom-title\">In AmCham Barranquilla, we assist with the following types of visas:<\/h3><\/div><div class=\"vc_row wpb_row vc_inner vc_row-fluid\"><div class=\"wpb_column vc_column_container vc_col-sm-3\"><div class=\"vc_column-inner\"><div class=\"wpb_wrapper\">\n\t<div class=\"wpb_text_column wpb_content_element\" >\n\t\t<div class=\"wpb_wrapper\">\n\t\t\t<p style=\"text-align: center; font-size: 35px;\"><span style=\"color: #ffffff;\"><strong>B1<\/strong><\/span><\/p>\n\n\t\t<\/div>\n\t<\/div>\n<\/div><\/div><\/div><div class=\"wpb_column vc_column_container vc_col-sm-3\"><div class=\"vc_column-inner\"><div class=\"wpb_wrapper\">\n\t<div class=\"wpb_text_column wpb_content_element\" >\n\t\t<div class=\"wpb_wrapper\">\n\t\t\t<p style=\"text-align: center; font-size: 35px;\"><span style=\"color: #ffffff;\"><strong>B2<\/strong><\/span><\/p>\n\n\t\t<\/div>\n\t<\/div>\n<\/div><\/div><\/div><div class=\"wpb_column vc_column_container vc_col-sm-3\"><div class=\"vc_column-inner\"><div class=\"wpb_wrapper\">\n\t<div class=\"wpb_text_column wpb_content_element\" >\n\t\t<div class=\"wpb_wrapper\">\n\t\t\t<p style=\"text-align: center; font-size: 35px;\"><span style=\"color: #ffffff;\"><strong>F1<\/strong><\/span><\/p>\n\n\t\t<\/div>\n\t<\/div>\n<\/div><\/div><\/div><div class=\"wpb_column vc_column_container vc_col-sm-3\"><div class=\"vc_column-inner\"><div class=\"wpb_wrapper\">\n\t<div class=\"wpb_text_column wpb_content_element\" >\n\t\t<div class=\"wpb_wrapper\">\n\t\t\t<p style=\"text-align: center; font-size: 35px;\"><span style=\"color: #ffffff;\"><strong>J1<\/strong><\/span><\/p>\n\n\t\t<\/div>\n\t<\/div>\n<\/div><\/div><\/div><\/div><\/div><\/div><\/div><\/div><div class=\"vc_row-full-width vc_clearfix\"><\/div><div data-vc-full-width=\"true\" data-vc-full-width-temp=\"true\" data-vc-full-width-init=\"false\" class=\"vc_row wpb_row vc_row-fluid\"><div class=\"wpb_column vc_column_container vc_col-sm-12\"><div class=\"vc_column-inner\"><div class=\"wpb_wrapper\"><div class=\"vc_empty_space\"   style=\"height: 32px\"><span class=\"vc_empty_space_inner\"><\/span><\/div><\/div><\/div><\/div><\/div><div class=\"vc_row-full-width vc_clearfix\"><\/div><div class=\"vc_row wpb_row vc_row-fluid\"><div class=\"wpb_column vc_column_container vc_col-sm-8\"><div class=\"vc_column-inner vc_custom_1620240873598\"><div class=\"wpb_wrapper\"><div class=\"vc_custom_heading text_align_left\" ><h6 style=\"text-align: left\" class=\"consulting-custom-title\">Contact us<\/h6><\/div>\n<div class=\"wpcf7 no-js\" id=\"wpcf7-f7054-o1\" lang=\"en-US\" dir=\"ltr\" data-wpcf7-id=\"7054\">\n<div class=\"screen-reader-response\"><p role=\"status\" aria-live=\"polite\" aria-atomic=\"true\"><\/p> <ul><\/ul><\/div>\n<form action=\"\/en\/wp-json\/wp\/v2\/pages\/7047#wpcf7-f7054-o1\" method=\"post\" class=\"wpcf7-form init\" aria-label=\"Contact form\" novalidate=\"novalidate\" data-status=\"init\" data-trp-original-action=\"\/en\/wp-json\/wp\/v2\/pages\/7047#wpcf7-f7054-o1\">\n<fieldset class=\"hidden-fields-container\"><input type=\"hidden\" name=\"_wpcf7\" value=\"7054\" \/><input type=\"hidden\" name=\"_wpcf7_version\" value=\"6.1.5\" \/><input type=\"hidden\" name=\"_wpcf7_locale\" value=\"en_US\" \/><input type=\"hidden\" name=\"_wpcf7_unit_tag\" value=\"wpcf7-f7054-o1\" \/><input type=\"hidden\" name=\"_wpcf7_container_post\" value=\"0\" \/><input type=\"hidden\" name=\"_wpcf7_posted_data_hash\" value=\"\" \/><input type=\"hidden\" name=\"_wpcf7_recaptcha_response\" value=\"\" \/>\n<\/fieldset>\n<div class=\"request_callback\">\n\t<div class=\"row\">\n\t\t<div class=\"col-lg-6 col-md-6 col-sm-6 col-xs-12\">\n\t\t\t<div class=\"input-group\">\n\t\t\t\t<p><span class=\"wpcf7-form-control-wrap\" data-name=\"text-name\"><input size=\"40\" maxlength=\"400\" class=\"wpcf7-form-control wpcf7-text wpcf7-validates-as-required\" aria-required=\"true\" aria-invalid=\"false\" placeholder=\"Name\/Company\" value=\"\" type=\"text\" name=\"text-name\" \/><\/span>\n\t\t\t\t<\/p>\n\t\t\t<\/div>\n\t\t\t<div class=\"input-group\">\n\t\t\t\t<p><span class=\"wpcf7-form-control-wrap\" data-name=\"email\"><input size=\"40\" maxlength=\"400\" class=\"wpcf7-form-control wpcf7-email wpcf7-validates-as-required wpcf7-text wpcf7-validates-as-email\" aria-required=\"true\" aria-invalid=\"false\" placeholder=\"Email\" value=\"\" type=\"email\" name=\"email\" \/><\/span>\n\t\t\t\t<\/p>\n\t\t\t<\/div>\n\t\t\t<div class=\"input-group\">\n\t\t\t\t<p><span class=\"wpcf7-form-control-wrap\" data-name=\"subject\"><input size=\"40\" maxlength=\"400\" class=\"wpcf7-form-control wpcf7-text wpcf7-validates-as-required\" aria-required=\"true\" aria-invalid=\"false\" placeholder=\"Phone\" value=\"\" type=\"text\" name=\"subject\" \/><\/span>\n\t\t\t\t<\/p>\n\t\t\t<\/div>\n\t\t<\/div>\n\t\t<div class=\"col-lg-6 col-md-6 col-sm-6 col-xs-12\">\n\t\t\t<div class=\"input-group\">\n\t\t\t\t<p><span class=\"wpcf7-form-control-wrap\" data-name=\"message\"><textarea cols=\"40\" rows=\"10\" maxlength=\"2000\" class=\"wpcf7-form-control wpcf7-textarea wpcf7-validates-as-required\" aria-required=\"true\" aria-invalid=\"false\" placeholder=\"Message\" name=\"message\"><\/textarea><\/span>\n\t\t\t\t<\/p>\n\t\t\t<\/div>\n\t\t\t<div class=\"input-group\">\n\t\t\t\t<p><button type=\"submit\" class=\"button size-lg icon_right\">Send <i class=\"fa fa-chevron-right\"><\/i><\/button>\n\t\t\t\t<\/p>\n\t\t\t<\/div>\n\t\t<\/div>\n\t<\/div>\n<\/div><div class=\"wpcf7-response-output\" aria-hidden=\"true\"><\/div>\n<input type=\"hidden\" name=\"trp-form-language\" value=\"en\"\/><\/form>\n<\/div>\n<div class=\"stm-spacing\" id=\"stm-spacing-69f2fc6665b60\"><\/div>\n<script>\n    (function($){\n        \"use strict\";\n        var spacingID = 'stm-spacing-69f2fc6665b60',\n            lgSpacing = '90',\n            mdSpacing = '80',\n            smSpacing = '70',\n            xsSpacing = '60';\n\n        function stmSpacing() {\n            if ( window.matchMedia(\"(min-width: 1200px)\").matches && lgSpacing ) {\n                $( '#' + spacingID ).css ( \"height\", lgSpacing );\n            } else if ( window.matchMedia(\"(max-width: 1199px) and (min-width: 992px )\").matches && mdSpacing ) {\n                $( '#' + spacingID ).css ( \"height\", mdSpacing );\n            } else if ( window.matchMedia(\"(max-width: 991px) and (min-width: 768px )\").matches && smSpacing ) {\n                $( '#' + spacingID ).css ( \"height\", smSpacing );\n            } else if ( window.matchMedia(\"(max-width: 767px)\").matches && xsSpacing ) {\n                $( '#' + spacingID ).css ( \"height\", xsSpacing );\n            } else {\n                $( '#' + spacingID ).css ( \"height\", \"\" );\n            }\n        }\n\n        $(document).ready(function() {\n            stmSpacing();\n        });\n\n        $(window).resize(function() {\n            stmSpacing();\n        });\n\n    })(jQuery);\n<\/script><\/div><\/div><\/div><div class=\"wpb_column vc_column_container vc_col-sm-4\"><div class=\"vc_column-inner\"><div class=\"wpb_wrapper\"><div class=\"vc_empty_space\"   style=\"height: 100px\"><span class=\"vc_empty_space_inner\"><\/span><\/div>\n<div class=\"stm_contacts_widget  style_4\">\n    \n    \n    \n        <ul>\n                            <li>\n                    <div class=\"icon\"><i class=\"fa fa-map-marker\"><\/i><\/div>\n                    <div class=\"text\">Calle 76 No. 54 - 11 Office 707, Barranquilla - Colombia<\/div>\n                <\/li>\n                                        <li>\n                    <div class=\"icon\"><i class=\"fa fa-phone\"><\/i><\/div>\n                    <div class=\"text\">\n                        3176461077                                                    <br \/>605 3294197                                            <\/div>\n                <\/li>\n                                                    <li>\n                    <div class=\"icon\"><i class=\"fa fa-envelope\"><\/i><\/div>\n                    <div class=\"text\"><a href=\"mailto:a&#115;es&#111;r&#105;a&#118;i&#115;&#97;&#115;&#64;&#97;m&#99;&#104;am&#98;&#97;&#113;.c&#111;&#109;\">as&#101;&#115;&#111;r&#105;a&#118;&#105;sas&#64;&#97;mch&#97;m&#98;a&#113;&#46;c&#111;m<\/a><\/div>\n                <\/li>\n                                <\/ul>\n        \n    \n<\/div><\/div><\/div><\/div><\/div><div data-vc-full-width=\"true\" data-vc-full-width-temp=\"true\" data-vc-full-width-init=\"false\" class=\"vc_row wpb_row vc_row-fluid third_bg_color vc_custom_1451889219674\"><div class=\"wpb_column vc_column_container vc_col-sm-12\"><div class=\"vc_column-inner vc_custom_1626395745256\"><div class=\"wpb_wrapper\">    \n    <div id=\"particles_69f2fc6668cf7\"><\/div>\n\n    <style>\n        #particles_69f2fc6668cf7 {\n            position: absolute;\n            top: 0;\n            left: 0;\n            right: 0;\n            bottom: 0;\n        }\n        .vc_cta3_content-container {\n            position: relative;\n        }\n    <\/style>\n\n    <script type=\"text\/javascript\">\n        jQuery(document).ready(function ($) {\n            var screenWidth = $(window).width();\n            if(screenWidth < 1140) {\n                var defaultWidth = screenWidth;\n            } else {\n                var defaultWidth = 1140;\n            }\n            var marginLeft = (screenWidth - defaultWidth) \/ 2;\n\n            $('#particles_69f2fc6668cf7').css({\n                'width': screenWidth + 'px',\n                'margin-left': '-' + marginLeft + 'px'\n            });\n\n            particlesJS('particles_69f2fc6668cf7',\n\n                {\n                    \"particles\": {\n                        \"number\": {\n                            \"value\": 120,\n                            \"density\": {\n                                \"enable\": true,\n                                \"value_area\": 800\n                            }\n                        },\n                        \"color\": {\n                            \"value\": \"#ffffff\"\n                        },\n                        \"opacity\": {\n                            \"value\": 0.5,\n                            \"random\": false,\n                            \"anim\": {\n                                \"enable\": false,\n                                \"speed\": 1,\n                                \"opacity_min\": 0.1,\n                                \"sync\": false\n                            }\n                        },\n                        \"size\": {\n                            \"value\": 8,\n                            \"random\": true,\n                            \"anim\": {\n                                \"enable\": false,\n                                \"speed\": 40,\n                                \"size_min\": 0.1,\n                                \"sync\": false\n                            }\n                        },\n                        \"line_linked\": {\n                            \"enable\": true,\n                            \"distance\": 150,\n                            \"color\": \"#ffffff\",\n                            \"opacity\": 0.4,\n                            \"width\": 1\n                        },\n                        \"move\": {\n                            \"enable\": true,\n                            \"speed\": 6,\n                            \"direction\": \"none\",\n                            \"random\": false,\n                            \"straight\": false,\n                            \"out_mode\": \"out\",\n                            \"attract\": {\n                                \"enable\": false,\n                                \"rotateX\": 600,\n                                \"rotateY\": 1200\n                            }\n                        }\n                    },\n                    \"interactivity\": {\n                        \"detect_on\": \"canvas\",\n                        \"events\": {\n                            \"onhover\": {\n                                \"enable\": true,\n                                \"mode\": \"grab\"\n                            },\n                            \"onclick\": {\n                                \"enable\": true,\n                                \"mode\": \"push\"\n                            },\n                            \"resize\": true\n                        }\n                    },\n                    \"retina_detect\": true\n                }\n\n            );\n        });\n    <\/script>\n\n<section class=\"vc_cta3-container\" >\n    <div class=\"vc_general vc_cta3 third_bg_color vc_cta3-style-flat vc_cta3-shape-square vc_cta3-align-left vc_cta3-color-classic vc_cta3-icon-size-md vc_cta3-actions-right vc_custom_1621390550066 style=\"\"\">\n                        <div class=\"vc_cta3_content-container\">\n                                    <div class=\"vc_cta3-content\">\n                <header class=\"vc_cta3-content-header\">\n                    <div class=\"vc_custom_heading text_align_left\" ><h2 style=\"font-size: 20px;color: #002e5b;line-height: 24px;text-align: left\" class=\"consulting-custom-title\">Do you want to know more information about our services?<\/h2><\/div>                                    <\/header>\n                            <\/div>\n                        <div class=\"vc_cta3-actions\"><div class=\"vc_btn3-container vc_btn3-right vc_do_btn\" ><a class=\"vc_general vc_btn3 vc_btn3-size-lg vc_btn3-shape-rounded vc_btn3-style-flat vc_btn3-block vc_btn3-icon-right vc_btn3-color-theme_style_2\" href=\"https:\/\/www.amchambaq.com\/en\/contactenos\/\" title=\"Contact us\">Contact us <i class=\"vc_btn3-icon stm-email\"><\/i><\/a><\/div><\/div>        <\/div>\n                    <\/div>\n<\/section><\/div><\/div><\/div><\/div><div class=\"vc_row-full-width vc_clearfix\"><\/div>\n<\/div>","protected":false},"excerpt":{"rendered":"\u00bfViajar\u00e1s a Estados Unidos? Lo hacemos f\u00e1cil para ti. Apoyamos en el diligenciamiento del formulario DS-160 para la aplicaci\u00f3n a la Visa Americana, brindando confianza y verificando que la informaci\u00f3n requerida es correcta. Descubra la m\u00e1xima declaraci\u00f3n de estilo con nuestros archivos de correas Fitbit Luxe: correas y correas para relojes inteligentes para t\u00e9cnicos de","protected":false},"author":1,"featured_media":0,"parent":0,"menu_order":0,"comment_status":"closed","ping_status":"closed","template":"","meta":{"footnotes":""},"class_list":["post-7047","page","type-page","status-publish","hentry"],"_links":{"self":[{"href":"https:\/\/www.amchambaq.com\/en\/wp-json\/wp\/v2\/pages\/7047","targetHints":{"allow":["GET"]}}],"collection":[{"href":"https:\/\/www.amchambaq.com\/en\/wp-json\/wp\/v2\/pages"}],"about":[{"href":"https:\/\/www.amchambaq.com\/en\/wp-json\/wp\/v2\/types\/page"}],"author":[{"embeddable":true,"href":"https:\/\/www.amchambaq.com\/en\/wp-json\/wp\/v2\/users\/1"}],"replies":[{"embeddable":true,"href":"https:\/\/www.amchambaq.com\/en\/wp-json\/wp\/v2\/comments?post=7047"}],"version-history":[{"count":24,"href":"https:\/\/www.amchambaq.com\/en\/wp-json\/wp\/v2\/pages\/7047\/revisions"}],"predecessor-version":[{"id":13415,"href":"https:\/\/www.amchambaq.com\/en\/wp-json\/wp\/v2\/pages\/7047\/revisions\/13415"}],"wp:attachment":[{"href":"https:\/\/www.amchambaq.com\/en\/wp-json\/wp\/v2\/media?parent=7047"}],"curies":[{"name":"wp","href":"https:\/\/api.w.org\/{rel}","templated":true}]}}