{"id":7002,"date":"2021-05-02T19:12:50","date_gmt":"2021-05-03T00:12:50","guid":{"rendered":"https:\/\/www.amchambaq.com\/?page_id=7002"},"modified":"2025-12-02T17:12:56","modified_gmt":"2025-12-02T22:12:56","slug":"afiliados","status":"publish","type":"page","link":"https:\/\/www.amchambaq.com\/en\/afiliados\/","title":{"rendered":"Affiliates"},"content":{"rendered":"<div class=\"wpb-content-wrapper\"><div data-vc-full-width=\"true\" data-vc-full-width-temp=\"true\" data-vc-full-width-init=\"false\" class=\"vc_row wpb_row vc_row-fluid vc_custom_1637294447266\"><div class=\"wpb_column vc_column_container vc_col-sm-12\"><div class=\"vc_column-inner\"><div class=\"wpb_wrapper\"><div class=\"vc_custom_heading text_align_center\" ><h2 style=\"text-align: center\" class=\"consulting-custom-title\">Our members<\/h2><\/div><\/div><\/div><\/div><\/div><div class=\"vc_row-full-width vc_clearfix\"><\/div><div data-vc-full-width=\"true\" data-vc-full-width-temp=\"true\" data-vc-full-width-init=\"false\" class=\"vc_row wpb_row vc_row-fluid vc_custom_1637294389598\"><div class=\"wpb_column vc_column_container vc_col-sm-8\"><div class=\"vc_column-inner\"><div class=\"wpb_wrapper\"><div class=\"vc_empty_space\"   style=\"height: 32px\"><span class=\"vc_empty_space_inner\"><\/span><\/div>\n\t<div class=\"wpb_text_column wpb_content_element\" >\n\t\t<div class=\"wpb_wrapper\">\n\t\t\t<p style=\"font-size: 20px; text-align: justify;\"><strong>AmCham<\/strong> AmCham has more than 1,000 affiliated members throughout the country, distributed in its offices in Barranquilla, Bogota, Cartagena, Medellin and Cali: together representing approximately 24% of the national GDP.<\/p>\n<p>\u200b<\/p>\n\n\t\t<\/div>\n\t<\/div>\n<\/div><\/div><\/div><div class=\"wpb_column vc_column_container vc_col-sm-4\"><div class=\"vc_column-inner\"><div class=\"wpb_wrapper\"><div class=\"vc_empty_space\"   style=\"height: 32px\"><span class=\"vc_empty_space_inner\"><\/span><\/div>    <div class=\"stats_counter style_5 center\" >\n        <div class=\"inner\">\n                        <div class=\"counter-wrap\">\n                <h3 class=\"no_stripe base_font_color\"\n                    id=\"counter_69f46638b62a4\"                     style=\" !important;\">0<\/h3>\n                                    <div class=\"counter_title base_font_color\" style=\" !important;\">Affiliated Companies in Barrranquilla<\/div>\n                            <\/div>\n        <\/div>\n    <\/div>\n<script type=\"text\/javascript\">\n    jQuery(document).ready(function ($) {\n        var counter_69f46638b62a4 =\n        new countUp(\"counter_69f46638b62a4\", 0, 203, 0, 2.5, {\n            useEasing: true,\n            useGrouping: false,\n            prefix: '',\n            suffix: '<span class=\"stats_counter_suffix\"><\/span>'\n        });\n        $(window).scroll(function () {\n            if ($(\"#counter_69f46638b62a4\").is_on_screen()) {\n                counter_69f46638b62a4.\n                start();\n            }\n        });\n    });\n<\/script><\/div><\/div><\/div><div class=\"wpb_column vc_column_container vc_col-sm-12\"><div class=\"vc_column-inner\"><div class=\"wpb_wrapper\">\n\t<div class=\"wpb_text_column wpb_content_element\" >\n\t\t<div class=\"wpb_wrapper\">\n\t\t\t<p style=\"text-align: center; font-size: 24px;\"><strong>Our affiliated companies are part of the sectors:<\/strong><\/p>\n\n\t\t<\/div>\n\t<\/div>\n<\/div><\/div><\/div><\/div><div class=\"vc_row-full-width vc_clearfix\"><\/div><div class=\"vc_row wpb_row vc_row-fluid\"><div class=\"wpb_column vc_column_container vc_col-sm-12\"><div class=\"vc_column-inner\"><div class=\"wpb_wrapper\"><div class=\"vc_empty_space\"   style=\"height: 12px\"><span class=\"vc_empty_space_inner\"><\/span><\/div><div class=\"vc_row wpb_row vc_inner vc_row-fluid\"><div class=\"wpb_column vc_column_container vc_col-sm-3\"><div class=\"vc_column-inner\"><div class=\"wpb_wrapper\">\n\n<a href=\"\" target=\"_self\"\n   class=\"icon_box  style_10 clearfix\">\n    <div class=\"icon_box_inner\">\n                    <div class=\"icon  font-color_custom font-color_base_bg\" >\n                <i style=\"font-size:30px; color: #ffffff;  \"\n                   class=\"fas fa-tractor\"><\/i><\/div>\n            <div class=\"icon_bg\"><i class=\"fas fa-tractor\"><\/i><\/div>\n                            <h4  class=\"font-color_base\">Agriculture<\/h4>\n                    <\/div>\n<\/a><div class=\"vc_empty_space\"   style=\"height: 55px\"><span class=\"vc_empty_space_inner\"><\/span><\/div>\n\n<a href=\"\" target=\"_self\"\n   class=\"icon_box  style_10 clearfix\">\n    <div class=\"icon_box_inner\">\n                    <div class=\"icon  font-color_custom font-color_base_bg\" >\n                <i style=\"font-size:30px; color: #ffffff;  \"\n                   class=\"fas fa-graduation-cap\"><\/i><\/div>\n            <div class=\"icon_bg\"><i class=\"fas fa-graduation-cap\"><\/i><\/div>\n                            <h4  class=\"font-color_base\">Education<\/h4>\n                    <\/div>\n<\/a><div class=\"vc_empty_space\"   style=\"height: 55px\"><span class=\"vc_empty_space_inner\"><\/span><\/div>\n\n<a href=\"\" target=\"_self\"\n   class=\"icon_box  style_10 clearfix\">\n    <div class=\"icon_box_inner\">\n                    <div class=\"icon  font-color_custom font-color_base_bg\" >\n                <i style=\"font-size:30px; color: #ffffff;  \"\n                   class=\"fas fa-clinic-medical\"><\/i><\/div>\n            <div class=\"icon_bg\"><i class=\"fas fa-clinic-medical\"><\/i><\/div>\n                            <h4  class=\"font-color_base\">Health<\/h4>\n                    <\/div>\n<\/a><\/div><\/div><\/div><div class=\"wpb_column vc_column_container vc_col-sm-3\"><div class=\"vc_column-inner\"><div class=\"wpb_wrapper\">\n\n<a href=\"\" target=\"_self\"\n   class=\"icon_box  style_10 clearfix\">\n    <div class=\"icon_box_inner\">\n                    <div class=\"icon  font-color_custom font-color_base_bg\" >\n                <i style=\"font-size:30px; color: ;  \"\n                   class=\"fas fa-utensils\"><\/i><\/div>\n            <div class=\"icon_bg\"><i class=\"fas fa-utensils\"><\/i><\/div>\n                            <h4  class=\"font-color_base\">Food and Beverages<\/h4>\n                    <\/div>\n<\/a><div class=\"vc_empty_space\"   style=\"height: 55px\"><span class=\"vc_empty_space_inner\"><\/span><\/div>\n\n<a href=\"\" target=\"_self\"\n   class=\"icon_box  style_10 clearfix\">\n    <div class=\"icon_box_inner\">\n                    <div class=\"icon  font-color_custom font-color_base_bg\" >\n                <i style=\"font-size:30px; color: #ffffff;  \"\n                   class=\"fas fa-first-aid\"><\/i><\/div>\n            <div class=\"icon_bg\"><i class=\"fas fa-first-aid\"><\/i><\/div>\n                            <h4  class=\"font-color_base\">Pharmaceutical<\/h4>\n                    <\/div>\n<\/a><div class=\"vc_empty_space\"   style=\"height: 55px\"><span class=\"vc_empty_space_inner\"><\/span><\/div>\n\n<a href=\"\" target=\"_self\"\n   class=\"icon_box  style_10 clearfix\">\n    <div class=\"icon_box_inner\">\n                    <div class=\"icon  font-color_custom font-color_base_bg\" >\n                <i style=\"font-size:30px; color: #ffffff;  \"\n                   class=\"fas fa-shuttle-van\"><\/i><\/div>\n            <div class=\"icon_bg\"><i class=\"fas fa-shuttle-van\"><\/i><\/div>\n                            <h4  class=\"font-color_base\">Transportation<\/h4>\n                    <\/div>\n<\/a><div class=\"vc_empty_space\"   style=\"height: 55px\"><span class=\"vc_empty_space_inner\"><\/span><\/div>\n\n<a href=\"\" target=\"_self\"\n   class=\"icon_box  style_10 clearfix\">\n    <div class=\"icon_box_inner\">\n                    <div class=\"icon  font-color_custom font-color_base_bg\" >\n                <i style=\"font-size:30px; color: #ffffff;  \"\n                   class=\"fas fa-business-time\"><\/i><\/div>\n            <div class=\"icon_bg\"><i class=\"fas fa-business-time\"><\/i><\/div>\n                            <h4  class=\"font-color_base\">Service and Consulting<\/h4>\n                    <\/div>\n<\/a><\/div><\/div><\/div><div class=\"wpb_column vc_column_container vc_col-sm-3\"><div class=\"vc_column-inner\"><div class=\"wpb_wrapper\">\n\n<a href=\"\" target=\"_self\"\n   class=\"icon_box  style_10 clearfix\">\n    <div class=\"icon_box_inner\">\n                    <div class=\"icon  font-color_custom font-color_base_bg\" >\n                <i style=\"font-size:30px; color: #ffffff;  \"\n                   class=\"fas fa-cart-plus\"><\/i><\/div>\n            <div class=\"icon_bg\"><i class=\"fas fa-cart-plus\"><\/i><\/div>\n                            <h4  class=\"font-color_base\">Retail<\/h4>\n                    <\/div>\n<\/a><div class=\"vc_empty_space\"   style=\"height: 55px\"><span class=\"vc_empty_space_inner\"><\/span><\/div>\n\n<a href=\"\" target=\"_self\"\n   class=\"icon_box  style_10 clearfix\">\n    <div class=\"icon_box_inner\">\n                    <div class=\"icon  font-color_custom font-color_base_bg\" >\n                <i style=\"font-size:30px; color: #ffffff;  \"\n                   class=\"fas fa-dollar-sign\"><\/i><\/div>\n            <div class=\"icon_bg\"><i class=\"fas fa-dollar-sign\"><\/i><\/div>\n                            <h4  class=\"font-color_base\">Financial<\/h4>\n                    <\/div>\n<\/a><div class=\"vc_empty_space\"   style=\"height: 55px\"><span class=\"vc_empty_space_inner\"><\/span><\/div>\n\n<a href=\"\" target=\"_self\"\n   class=\"icon_box  style_10 clearfix\">\n    <div class=\"icon_box_inner\">\n                    <div class=\"icon  font-color_custom font-color_base_bg\" >\n                <i style=\"font-size:30px; color: #ffffff;  \"\n                   class=\"fas fa-microchip\"><\/i><\/div>\n            <div class=\"icon_bg\"><i class=\"fas fa-microchip\"><\/i><\/div>\n                            <h4  class=\"font-color_base\">Technology<\/h4>\n                    <\/div>\n<\/a><div class=\"vc_empty_space\"   style=\"height: 55px\"><span class=\"vc_empty_space_inner\"><\/span><\/div>\n\n<a href=\"\" target=\"_self\"\n   class=\"icon_box  style_10 clearfix\">\n    <div class=\"icon_box_inner\">\n                    <div class=\"icon  font-color_custom font-color_base_bg\" >\n                <i style=\"font-size:30px; color: #ffffff;  \"\n                   class=\"fas fa-city\"><\/i><\/div>\n            <div class=\"icon_bg\"><i class=\"fas fa-city\"><\/i><\/div>\n                            <h4  class=\"font-color_base\">Industrial and Manufacturing<\/h4>\n                    <\/div>\n<\/a><\/div><\/div><\/div><div class=\"wpb_column vc_column_container vc_col-sm-3\"><div class=\"vc_column-inner\"><div class=\"wpb_wrapper\">\n\n<a href=\"\" target=\"_self\"\n   class=\"icon_box  style_10 clearfix\">\n    <div class=\"icon_box_inner\">\n                    <div class=\"icon  font-color_custom font-color_base_bg\" >\n                <i style=\"font-size:30px; color: #ffffff;  \"\n                   class=\"fas fa-plane-departure\"><\/i><\/div>\n            <div class=\"icon_bg\"><i class=\"fas fa-plane-departure\"><\/i><\/div>\n                            <h4  class=\"font-color_base\">Tourism<\/h4>\n                    <\/div>\n<\/a><div class=\"vc_empty_space\"   style=\"height: 55px\"><span class=\"vc_empty_space_inner\"><\/span><\/div>\n\n<a href=\"\" target=\"_self\"\n   class=\"icon_box  style_10 clearfix\">\n    <div class=\"icon_box_inner\">\n                    <div class=\"icon  font-color_custom font-color_base_bg\" >\n                <i style=\"font-size:30px; color: #ffffff;  \"\n                   class=\"fas fa-users\"><\/i><\/div>\n            <div class=\"icon_bg\"><i class=\"fas fa-users\"><\/i><\/div>\n                            <h4  class=\"font-color_base\">Solidarity<\/h4>\n                    <\/div>\n<\/a><div class=\"vc_empty_space\"   style=\"height: 55px\"><span class=\"vc_empty_space_inner\"><\/span><\/div>\n\n<a href=\"\" target=\"_self\"\n   class=\"icon_box  style_10 clearfix\">\n    <div class=\"icon_box_inner\">\n                    <div class=\"icon  font-color_custom font-color_base_bg\" >\n                <i style=\"font-size:30px; color: #ffffff;  \"\n                   class=\"fas fa-wifi\"><\/i><\/div>\n            <div class=\"icon_bg\"><i class=\"fas fa-wifi\"><\/i><\/div>\n                            <h4  class=\"font-color_base\">Telecommunications<\/h4>\n                    <\/div>\n<\/a><\/div><\/div><\/div><\/div><\/div><\/div><\/div><\/div><div class=\"vc_row wpb_row vc_row-fluid\"><div class=\"wpb_column vc_column_container vc_col-sm-12\"><div class=\"vc_column-inner\"><div class=\"wpb_wrapper\"><div class=\"vc_empty_space\"   style=\"height: 30px\"><span class=\"vc_empty_space_inner\"><\/span><\/div>\t<div class=\"vc_separator wpb_content_element vc_sep_width_100 type_1  vc_separator_no_text\">\n\t\t<span class=\"vc_sep_holder vc_sep_holder_l\"><span class=\"vc_sep_line\"><\/span><\/span>\n\t\t\t\t<span class=\"vc_sep_holder vc_sep_holder_r\"><span class=\"vc_sep_line\"><\/span><\/span>\n\t<\/div>\n\t\n<div class=\"vc_row wpb_row vc_inner vc_row-fluid\"><div class=\"wpb_column vc_column_container vc_col-sm-4\"><div class=\"vc_column-inner\"><div class=\"wpb_wrapper\"><div class=\"vc_custom_heading text_align_left\" ><h6 style=\"color: #273570;text-align: left\" class=\"consulting-custom-title\">Contact us<\/h6><\/div>\n<div class=\"stm_contacts_widget  style_4\">\n    \n    \n    \n        <ul>\n                            <li>\n                    <div class=\"icon\"><i class=\"fa fa-map-marker\"><\/i><\/div>\n                    <div class=\"text\">Calle 76 No. 54 - 11 Office 707,<br \/>\nBarranquilla - Colombia<\/div>\n                <\/li>\n                                        <li>\n                    <div class=\"icon\"><i class=\"fa fa-phone\"><\/i><\/div>\n                    <div class=\"text\">\n                        318 3381833                                            <\/div>\n                <\/li>\n                                                    <li>\n                    <div class=\"icon\"><i class=\"fa fa-envelope\"><\/i><\/div>\n                    <div class=\"text\"><a href=\"mailto:&#108;i&#100;&#101;r.co&#109;er&#99;&#105;&#97;l&#64;&#97;m&#99;&#104;&#97;m&#98;aq&#46;c&#111;m\">&#108;&#105;d&#101;&#114;.&#99;ome&#114;&#99;&#105;a&#108;&#64;&#97;&#109;c&#104;&#97;&#109;ba&#113;&#46;co&#109;<\/a><\/div>\n                <\/li>\n                                <\/ul>\n        \n    \n<\/div><\/div><\/div><\/div><div class=\"wpb_column vc_column_container vc_col-sm-8\"><div class=\"vc_column-inner\"><div class=\"wpb_wrapper\"><div class=\"vc_empty_space\"   style=\"height: 55px\"><span class=\"vc_empty_space_inner\"><\/span><\/div>\n<div class=\"wpcf7 no-js\" id=\"wpcf7-f7444-o1\" lang=\"en-US\" dir=\"ltr\" data-wpcf7-id=\"7444\">\n<div class=\"screen-reader-response\"><p role=\"status\" aria-live=\"polite\" aria-atomic=\"true\"><\/p> <ul><\/ul><\/div>\n<form action=\"\/en\/wp-json\/wp\/v2\/pages\/7002#wpcf7-f7444-o1\" method=\"post\" class=\"wpcf7-form init\" aria-label=\"Contact form\" novalidate=\"novalidate\" data-status=\"init\" data-trp-original-action=\"\/en\/wp-json\/wp\/v2\/pages\/7002#wpcf7-f7444-o1\">\n<fieldset class=\"hidden-fields-container\"><input type=\"hidden\" name=\"_wpcf7\" value=\"7444\" \/><input type=\"hidden\" name=\"_wpcf7_version\" value=\"6.1.5\" \/><input type=\"hidden\" name=\"_wpcf7_locale\" value=\"en_US\" \/><input type=\"hidden\" name=\"_wpcf7_unit_tag\" value=\"wpcf7-f7444-o1\" \/><input type=\"hidden\" name=\"_wpcf7_container_post\" value=\"0\" \/><input type=\"hidden\" name=\"_wpcf7_posted_data_hash\" value=\"\" \/><input type=\"hidden\" name=\"_wpcf7_recaptcha_response\" value=\"\" \/>\n<\/fieldset>\n<div class=\"request_callback\">\n\t<div class=\"row\" style=\"margin: 0 -13px;\">\n\t\t<div class=\"col-lg-6 col-md-6 col-sm-6 col-xs-12\">\n\t\t\t<div class=\"input-group\">\n\t\t\t\t<p><span class=\"wpcf7-form-control-wrap\" data-name=\"text-name\"><input size=\"40\" maxlength=\"400\" class=\"wpcf7-form-control wpcf7-text wpcf7-validates-as-required\" aria-required=\"true\" aria-invalid=\"false\" placeholder=\"Full Name\" value=\"\" type=\"text\" name=\"text-name\" \/><\/span>\n\t\t\t\t<\/p>\n\t\t\t<\/div>\n\t\t\t<div class=\"input-group\">\n\t\t\t\t<p><span class=\"wpcf7-form-control-wrap\" data-name=\"email\"><input size=\"40\" maxlength=\"400\" class=\"wpcf7-form-control wpcf7-email wpcf7-validates-as-required wpcf7-text wpcf7-validates-as-email\" aria-required=\"true\" aria-invalid=\"false\" placeholder=\"Email\" value=\"\" type=\"email\" name=\"email\" \/><\/span>\n\t\t\t\t<\/p>\n\t\t\t<\/div>\n\t\t\t<div class=\"input-group\">\n\t\t\t\t<p><span class=\"wpcf7-form-control-wrap\" data-name=\"phone\"><input size=\"40\" maxlength=\"400\" class=\"wpcf7-form-control wpcf7-tel wpcf7-validates-as-required wpcf7-text wpcf7-validates-as-tel\" aria-required=\"true\" aria-invalid=\"false\" placeholder=\"Phone\" value=\"\" type=\"tel\" name=\"phone\" \/><\/span>\n\t\t\t\t<\/p>\n\t\t\t<\/div>\n\t\t<\/div>\n\t\t<div class=\"col-lg-6 col-md-6 col-sm-6 col-xs-12\">\n\t\t\t<div class=\"input-group\">\n\t\t\t\t<p><span class=\"wpcf7-form-control-wrap\" data-name=\"message\"><textarea cols=\"40\" rows=\"10\" maxlength=\"2000\" class=\"wpcf7-form-control wpcf7-textarea wpcf7-validates-as-required\" aria-required=\"true\" aria-invalid=\"false\" placeholder=\"Message\" name=\"message\"><\/textarea><\/span>\n\t\t\t\t<\/p>\n\t\t\t<\/div>\n\t\t\t<div class=\"input-group\">\n\t\t\t\t<p><button type=\"submit\" class=\"button size-lg icon_right\">Send <i class=\"fa fa-chevron-right\"><\/i><\/button>\n\t\t\t\t<\/p>\n\t\t\t<\/div>\n\t\t<\/div>\n\t<\/div>\n<\/div><div class=\"wpcf7-response-output\" aria-hidden=\"true\"><\/div>\n<input type=\"hidden\" name=\"trp-form-language\" value=\"en\"\/><\/form>\n<\/div>\n<\/div><\/div><\/div><\/div><div class=\"vc_empty_space\"   style=\"height: 35px\"><span class=\"vc_empty_space_inner\"><\/span><\/div><\/div><\/div><\/div><\/div><div data-vc-full-width=\"true\" data-vc-full-width-temp=\"true\" data-vc-full-width-init=\"false\" class=\"vc_row wpb_row vc_row-fluid third_bg_color vc_custom_1459505959648\"><div class=\"wpb_column vc_column_container vc_col-sm-12\"><div class=\"vc_column-inner vc_custom_1626396426662\"><div class=\"wpb_wrapper\">    \n    <div id=\"particles_69f46638c14c4\"><\/div>\n\n    <style>\n        #particles_69f46638c14c4 {\n            position: absolute;\n            top: 0;\n            left: 0;\n            right: 0;\n            bottom: 0;\n        }\n        .vc_cta3_content-container {\n            position: relative;\n        }\n    <\/style>\n\n    <script type=\"text\/javascript\">\n        jQuery(document).ready(function ($) {\n            var screenWidth = $(window).width();\n            if(screenWidth < 1140) {\n                var defaultWidth = screenWidth;\n            } else {\n                var defaultWidth = 1140;\n            }\n            var marginLeft = (screenWidth - defaultWidth) \/ 2;\n\n            $('#particles_69f46638c14c4').css({\n                'width': screenWidth + 'px',\n                'margin-left': '-' + marginLeft + 'px'\n            });\n\n            particlesJS('particles_69f46638c14c4',\n\n                {\n                    \"particles\": {\n                        \"number\": {\n                            \"value\": 120,\n                            \"density\": {\n                                \"enable\": true,\n                                \"value_area\": 800\n                            }\n                        },\n                        \"color\": {\n                            \"value\": \"#ffffff\"\n                        },\n                        \"opacity\": {\n                            \"value\": 0.5,\n                            \"random\": false,\n                            \"anim\": {\n                                \"enable\": false,\n                                \"speed\": 1,\n                                \"opacity_min\": 0.1,\n                                \"sync\": false\n                            }\n                        },\n                        \"size\": {\n                            \"value\": 8,\n                            \"random\": true,\n                            \"anim\": {\n                                \"enable\": false,\n                                \"speed\": 40,\n                                \"size_min\": 0.1,\n                                \"sync\": false\n                            }\n                        },\n                        \"line_linked\": {\n                            \"enable\": true,\n                            \"distance\": 150,\n                            \"color\": \"#ffffff\",\n                            \"opacity\": 0.4,\n                            \"width\": 1\n                        },\n                        \"move\": {\n                            \"enable\": true,\n                            \"speed\": 6,\n                            \"direction\": \"none\",\n                            \"random\": false,\n                            \"straight\": false,\n                            \"out_mode\": \"out\",\n                            \"attract\": {\n                                \"enable\": false,\n                                \"rotateX\": 600,\n                                \"rotateY\": 1200\n                            }\n                        }\n                    },\n                    \"interactivity\": {\n                        \"detect_on\": \"canvas\",\n                        \"events\": {\n                            \"onhover\": {\n                                \"enable\": true,\n                                \"mode\": \"grab\"\n                            },\n                            \"onclick\": {\n                                \"enable\": true,\n                                \"mode\": \"push\"\n                            },\n                            \"resize\": true\n                        }\n                    },\n                    \"retina_detect\": true\n                }\n\n            );\n        });\n    <\/script>\n\n<section class=\"vc_cta3-container\" >\n    <div class=\"vc_general vc_cta3 third_bg_color vc_cta3-style-flat vc_cta3-shape-square vc_cta3-align-left vc_cta3-color-classic vc_cta3-icon-size-md vc_cta3-actions-right vc_custom_1717105138270 style=\"\"\">\n                        <div class=\"vc_cta3_content-container\">\n                                    <div class=\"vc_cta3-content\">\n                <header class=\"vc_cta3-content-header\">\n                    <div class=\"vc_custom_heading text_align_left\" ><h2 style=\"font-size: 20px;color: #002e5b;line-height: 24px;text-align: left\" class=\"consulting-custom-title\">\u00bfQuieres ser afiliado de AmCham?<\/h2><\/div>                                    <\/header>\n                            <\/div>\n                        <div class=\"vc_cta3-actions\"><div class=\"vc_btn3-container vc_btn3-right vc_do_btn\" ><a class=\"vc_general vc_btn3 vc_btn3-size-md vc_btn3-shape-rounded vc_btn3-style-flat vc_btn3-color-default\" href=\"https:\/\/www.amchambaq.com\/en\/contactenos\/\" title=\"Contact us\">Contact us<\/a><\/div><\/div>        <\/div>\n                    <\/div>\n<\/section><\/div><\/div><\/div><\/div><div class=\"vc_row-full-width vc_clearfix\"><\/div>\n<\/div>","protected":false},"excerpt":{"rendered":"Nuestros Afiliados AmCham tiene m\u00e1s de 1000 miembros afiliados en todo el pa\u00eds, distribuidos en sus oficinas en: Barranquilla, Bogot\u00e1, Cartagena, Medell\u00edn y Cali, representando en conjunto aproximadamente el 24% del PIB nacional. \u200b 0 Empresas Afiliadas Barranquilla Nuestras empresas afiliadas hacen parte de los sectores: Agricultura Educaci\u00f3n Salud Alimentos y Bebidas Farmace\u00fatico Transporte Servicio","protected":false},"author":1,"featured_media":0,"parent":0,"menu_order":0,"comment_status":"closed","ping_status":"closed","template":"","meta":{"footnotes":""},"class_list":["post-7002","page","type-page","status-publish","hentry"],"_links":{"self":[{"href":"https:\/\/www.amchambaq.com\/en\/wp-json\/wp\/v2\/pages\/7002","targetHints":{"allow":["GET"]}}],"collection":[{"href":"https:\/\/www.amchambaq.com\/en\/wp-json\/wp\/v2\/pages"}],"about":[{"href":"https:\/\/www.amchambaq.com\/en\/wp-json\/wp\/v2\/types\/page"}],"author":[{"embeddable":true,"href":"https:\/\/www.amchambaq.com\/en\/wp-json\/wp\/v2\/users\/1"}],"replies":[{"embeddable":true,"href":"https:\/\/www.amchambaq.com\/en\/wp-json\/wp\/v2\/comments?post=7002"}],"version-history":[{"count":73,"href":"https:\/\/www.amchambaq.com\/en\/wp-json\/wp\/v2\/pages\/7002\/revisions"}],"predecessor-version":[{"id":8542,"href":"https:\/\/www.amchambaq.com\/en\/wp-json\/wp\/v2\/pages\/7002\/revisions\/8542"}],"wp:attachment":[{"href":"https:\/\/www.amchambaq.com\/en\/wp-json\/wp\/v2\/media?parent=7002"}],"curies":[{"name":"wp","href":"https:\/\/api.w.org\/{rel}","templated":true}]}}